{"id":1564,"date":"2023-11-27T03:12:49","date_gmt":"2023-11-27T03:12:49","guid":{"rendered":"http:\/\/siwaresfurniture.com\/?page_id=1564"},"modified":"2024-03-20T06:33:17","modified_gmt":"2024-03-20T06:33:17","slug":"blog","status":"publish","type":"page","link":"https:\/\/siwaresfurniture.com\/de\/blog\/","title":{"rendered":"BLOG"},"content":{"rendered":"<div data-elementor-type=\"wp-page\" data-elementor-id=\"1564\" class=\"elementor elementor-1564\" data-elementor-post-type=\"page\">\n\t\t\t\t\t\t<section class=\"elementor-section elementor-top-section elementor-element elementor-element-104iwi9 elementor-section-full_width elementor-section-height-default elementor-section-height-default\" data-id=\"104iwi9\" data-element_type=\"section\" data-e-type=\"section\" data-settings=\"{&quot;background_background&quot;:&quot;classic&quot;}\">\n\t\t\t\t\t\t<div class=\"elementor-container elementor-column-gap-no\">\n\t\t\t\t\t<div class=\"elementor-column elementor-col-100 elementor-top-column elementor-element elementor-element-5ffd739\" data-id=\"5ffd739\" data-element_type=\"column\" data-e-type=\"column\">\n\t\t\t<div class=\"elementor-widget-wrap elementor-element-populated\">\n\t\t\t\t\t\t<div class=\"elementor-element elementor-element-db39ed2 elementor-widget elementor-widget-image\" data-id=\"db39ed2\" data-element_type=\"widget\" data-e-type=\"widget\" data-widget_type=\"image.default\">\n\t\t\t\t<div class=\"elementor-widget-container\">\n\t\t\t\t\t\t\t\t\t\t\t\t\t\t\t<img decoding=\"async\" src=\"https:\/\/siwaresfurniture.com\/wp-content\/uploads\/elementor\/thumbs\/\u6d77\u62a5-qnwj6cku21vwqmslwlvw830jq7mfc10tuamexdv8h8.jpg\" title=\"\u6d77\u62a5\" alt=\"\u6d77\u62a5\" loading=\"lazy\" \/>\t\t\t\t\t\t\t\t\t\t\t\t\t\t\t<\/div>\n\t\t\t\t<\/div>\n\t\t\t\t\t<\/div>\n\t\t<\/div>\n\t\t\t\t\t<\/div>\n\t\t<\/section>\n\t\t<div class=\"elementor-element elementor-element-b2c526f e-flex e-con-boxed e-con e-parent\" data-id=\"b2c526f\" data-element_type=\"container\" data-e-type=\"container\">\n\t\t\t\t\t<div class=\"e-con-inner\">\n\t\t\t\t<div class=\"elementor-element elementor-element-a9259b1 elementor-widget elementor-widget-heading\" data-id=\"a9259b1\" data-element_type=\"widget\" data-e-type=\"widget\" data-widget_type=\"heading.default\">\n\t\t\t\t<div class=\"elementor-widget-container\">\n\t\t\t\t\t<h2 class=\"elementor-heading-title elementor-size-default\">BLOGE<\/h2>\t\t\t\t<\/div>\n\t\t\t\t<\/div>\n\t\t\t\t<div class=\"elementor-element elementor-element-9217bb3 elementor-widget elementor-widget-text-editor\" data-id=\"9217bb3\" data-element_type=\"widget\" data-e-type=\"widget\" data-widget_type=\"text-editor.default\">\n\t\t\t\t<div class=\"elementor-widget-container\">\n\t\t\t\t\t\t\t\t\t<p>Lorem ipsum dolor sit amet, consectetur adipiscing elit. Ut elit tellus, luctus nec ullamcorper mattis, pulvinar dapibus leo.<\/p>\t\t\t\t\t\t\t\t<\/div>\n\t\t\t\t<\/div>\n\t\t\t\t<div class=\"elementor-element elementor-element-d3cf413 elementor-grid-3 elementor-grid-tablet-2 elementor-grid-mobile-1 elementor-posts--thumbnail-top elementor-posts--show-avatar elementor-card-shadow-yes elementor-posts__hover-gradient elementor-invisible elementor-widget elementor-widget-posts\" data-id=\"d3cf413\" data-element_type=\"widget\" data-e-type=\"widget\" data-settings=\"{&quot;_animation&quot;:&quot;fadeInRight&quot;,&quot;cards_columns&quot;:&quot;3&quot;,&quot;cards_columns_tablet&quot;:&quot;2&quot;,&quot;cards_columns_mobile&quot;:&quot;1&quot;,&quot;cards_row_gap&quot;:{&quot;unit&quot;:&quot;px&quot;,&quot;size&quot;:35,&quot;sizes&quot;:[]},&quot;cards_row_gap_tablet&quot;:{&quot;unit&quot;:&quot;px&quot;,&quot;size&quot;:&quot;&quot;,&quot;sizes&quot;:[]},&quot;cards_row_gap_mobile&quot;:{&quot;unit&quot;:&quot;px&quot;,&quot;size&quot;:&quot;&quot;,&quot;sizes&quot;:[]}}\" data-widget_type=\"posts.cards\">\n\t\t\t\t<div class=\"elementor-widget-container\">\n\t\t\t\t\t\t\t<div class=\"elementor-posts-container elementor-posts elementor-posts--skin-cards elementor-grid\">\n\t\t\t\t<article class=\"elementor-post elementor-grid-item post-4297 post type-post status-publish format-standard hentry category-uncategorized-en\">\n\t\t\t<div class=\"elementor-post__card\">\n\t\t\t\t<div class=\"elementor-post__text\">\n\t\t\t\t<h3 class=\"elementor-post__title\">\n\t\t\t<a href=\"https:\/\/siwaresfurniture.com\/de\/nixenstuhl-enthullt\/\" >\n\t\t\t\tMermaid Chair enth\u00fcllt!\t\t\t<\/a>\n\t\t<\/h3>\n\t\t\t\t<div class=\"elementor-post__excerpt\">\n\t\t\t<p>Erleben Sie den Charme des Meeres mit unserem neuesten Ledersessel in Form einer Meerjungfrau. Hochwertige Handwerkskunst trifft auf stilvolles Design und schafft eine einzigartige Erg\u00e4nzung f\u00fcr Ihren Raum. Tauchen Sie noch heute in den Luxus ein!<\/p>\n\t\t<\/div>\n\t\t\n\t\t<a class=\"elementor-post__read-more\" href=\"https:\/\/siwaresfurniture.com\/de\/nixenstuhl-enthullt\/\" aria-label=\"Read more about Mermaid Chair Unveiled!\" tabindex=\"-1\" >\n\t\t\tMehr lesen \"\t\t<\/a>\n\n\t\t\t\t<\/div>\n\t\t\t\t<div class=\"elementor-post__meta-data\">\n\t\t\t\t\t<span class=\"elementor-post-date\">\n\t\t\tJuli 11, 2024\t\t<\/span>\n\t\t\t\t<span class=\"elementor-post-avatar\">\n\t\t\tKeine Kommentare\t\t<\/span>\n\t\t\t\t<\/div>\n\t\t\t\t\t<\/div>\n\t\t<\/article>\n\t\t\t\t<article class=\"elementor-post elementor-grid-item post-2635 post type-post status-publish format-standard has-post-thumbnail hentry category-uncategorized\">\n\t\t\t<div class=\"elementor-post__card\">\n\t\t\t\t<a class=\"elementor-post__thumbnail__link\" href=\"https:\/\/siwaresfurniture.com\/de\/funf-wichtige-punkte-um-den-einkauf-von-burotischen-leicht-zu-meistern\/\" tabindex=\"-1\" ><div class=\"elementor-post__thumbnail\"><img fetchpriority=\"high\" decoding=\"async\" width=\"300\" height=\"300\" src=\"https:\/\/siwaresfurniture.com\/wp-content\/uploads\/2024\/02\/Samplicity-Executive-Desk-300x300.jpg\" class=\"attachment-medium size-medium wp-image-2428\" alt=\"\" srcset=\"https:\/\/siwaresfurniture.com\/wp-content\/uploads\/2024\/02\/Samplicity-Executive-Desk-300x300.jpg 300w, https:\/\/siwaresfurniture.com\/wp-content\/uploads\/2024\/02\/Samplicity-Executive-Desk-150x150.jpg 150w, https:\/\/siwaresfurniture.com\/wp-content\/uploads\/2024\/02\/Samplicity-Executive-Desk-768x768.jpg 768w, https:\/\/siwaresfurniture.com\/wp-content\/uploads\/2024\/02\/Samplicity-Executive-Desk-12x12.jpg 12w, https:\/\/siwaresfurniture.com\/wp-content\/uploads\/2024\/02\/Samplicity-Executive-Desk-400x400.jpg 400w, https:\/\/siwaresfurniture.com\/wp-content\/uploads\/2024\/02\/Samplicity-Executive-Desk-100x100.jpg 100w, https:\/\/siwaresfurniture.com\/wp-content\/uploads\/2024\/02\/Samplicity-Executive-Desk.jpg 800w\" sizes=\"(max-width: 300px) 100vw, 300px\" \/><\/div><\/a>\n\t\t\t\t<div class=\"elementor-post__badge\">Uncategorized<\/div>\n\t\t\t\t<div class=\"elementor-post__avatar\">\n\t\t\t\t\t<\/div>\n\t\t\t\t<div class=\"elementor-post__text\">\n\t\t\t\t<h3 class=\"elementor-post__title\">\n\t\t\t<a href=\"https:\/\/siwaresfurniture.com\/de\/funf-wichtige-punkte-um-den-einkauf-von-burotischen-leicht-zu-meistern\/\" >\n\t\t\t\tF\u00fcnf wichtige Punkte, um den Einkauf von B\u00fcrotischen leicht zu meistern!\t\t\t<\/a>\n\t\t<\/h3>\n\t\t\t\t<div class=\"elementor-post__excerpt\">\n\t\t\t<p>Ein Schreibtisch ist ein unverzichtbares B\u00fcrom\u00f6bel, und die Anschaffung eines geeigneten und sicheren Schreibtisches ist f\u00fcr die Mitarbeiter wichtig und spielt eine entscheidende Rolle f\u00fcr das Image des Unternehmens. Worauf sollte man also bei der Auswahl eines Schreibtisches achten? 1. Gr\u00f6\u00dfe und Platz: Ber\u00fccksichtigen Sie zun\u00e4chst die Gr\u00f6\u00dfe des B\u00fcroraums, messen Sie<\/p>\n\t\t<\/div>\n\t\t\n\t\t<a class=\"elementor-post__read-more\" href=\"https:\/\/siwaresfurniture.com\/de\/funf-wichtige-punkte-um-den-einkauf-von-burotischen-leicht-zu-meistern\/\" aria-label=\"Read more about Five key points to easily master office desk purchasing skills!\" tabindex=\"-1\" >\n\t\t\tMehr lesen \"\t\t<\/a>\n\n\t\t\t\t<\/div>\n\t\t\t\t<div class=\"elementor-post__meta-data\">\n\t\t\t\t\t<span class=\"elementor-post-date\">\n\t\t\tFebruar 28, 2024\t\t<\/span>\n\t\t\t\t<span class=\"elementor-post-avatar\">\n\t\t\tKeine Kommentare\t\t<\/span>\n\t\t\t\t<\/div>\n\t\t\t\t\t<\/div>\n\t\t<\/article>\n\t\t\t\t<article class=\"elementor-post elementor-grid-item post-1582 post type-post status-publish format-standard has-post-thumbnail hentry category-uncategorized\">\n\t\t\t<div class=\"elementor-post__card\">\n\t\t\t\t<a class=\"elementor-post__thumbnail__link\" href=\"https:\/\/siwaresfurniture.com\/de\/beispielartikel-03-2\/\" tabindex=\"-1\" ><div class=\"elementor-post__thumbnail\"><img decoding=\"async\" width=\"300\" height=\"261\" src=\"https:\/\/siwaresfurniture.com\/wp-content\/uploads\/2023\/11\/12-2-300x261.jpg\" class=\"attachment-medium size-medium wp-image-2633\" alt=\"\" srcset=\"https:\/\/siwaresfurniture.com\/wp-content\/uploads\/2023\/11\/12-2-300x261.jpg 300w, https:\/\/siwaresfurniture.com\/wp-content\/uploads\/2023\/11\/12-2-1024x890.jpg 1024w, https:\/\/siwaresfurniture.com\/wp-content\/uploads\/2023\/11\/12-2-768x668.jpg 768w, https:\/\/siwaresfurniture.com\/wp-content\/uploads\/2023\/11\/12-2-1536x1335.jpg 1536w, https:\/\/siwaresfurniture.com\/wp-content\/uploads\/2023\/11\/12-2-2048x1780.jpg 2048w, https:\/\/siwaresfurniture.com\/wp-content\/uploads\/2023\/11\/12-2-14x12.jpg 14w, https:\/\/siwaresfurniture.com\/wp-content\/uploads\/2023\/11\/12-2-400x348.jpg 400w\" sizes=\"(max-width: 300px) 100vw, 300px\" \/><\/div><\/a>\n\t\t\t\t<div class=\"elementor-post__badge\">Uncategorized<\/div>\n\t\t\t\t<div class=\"elementor-post__avatar\">\n\t\t\t\t\t<\/div>\n\t\t\t\t<div class=\"elementor-post__text\">\n\t\t\t\t<h3 class=\"elementor-post__title\">\n\t\t\t<a href=\"https:\/\/siwaresfurniture.com\/de\/beispielartikel-03-2\/\" >\n\t\t\t\tWarum entscheiden sich immer mehr Menschen f\u00fcr ergonomische St\u00fchle?\t\t\t<\/a>\n\t\t<\/h3>\n\t\t\t\t<div class=\"elementor-post__excerpt\">\n\t\t\t<p>Ergonomische St\u00fchle achten mehr auf die menschliche Wirbels\u00e4ule und eine umfassende Unterst\u00fctzung, und ihr Design ber\u00fccksichtigt in der Regel die Bed\u00fcrfnisse der menschlichen Struktur und der langfristigen Nutzung. Sie verf\u00fcgen \u00fcber weitere zus\u00e4tzliche Funktionen wie ergonomisches Design, Verstellbarkeit und Haltbarkeit. \u2460 Umfassende menschliche Unterst\u00fctzung: Ergonomische St\u00fchle konzentrieren sich in der Regel auf eine umfassende Unterst\u00fctzung des Menschen, einschlie\u00dflich der Wirbels\u00e4ule und des Nackens,<\/p>\n\t\t<\/div>\n\t\t\n\t\t<a class=\"elementor-post__read-more\" href=\"https:\/\/siwaresfurniture.com\/de\/beispielartikel-03-2\/\" aria-label=\"Read more about Why are more and more people choosing ergonomic chairs?\" tabindex=\"-1\" >\n\t\t\tMehr lesen \"\t\t<\/a>\n\n\t\t\t\t<\/div>\n\t\t\t\t<div class=\"elementor-post__meta-data\">\n\t\t\t\t\t<span class=\"elementor-post-date\">\n\t\t\t27. November 2023\t\t<\/span>\n\t\t\t\t<span class=\"elementor-post-avatar\">\n\t\t\tKeine Kommentare\t\t<\/span>\n\t\t\t\t<\/div>\n\t\t\t\t\t<\/div>\n\t\t<\/article>\n\t\t\t\t<article class=\"elementor-post elementor-grid-item post-1580 post type-post status-publish format-standard has-post-thumbnail hentry category-uncategorized\">\n\t\t\t<div class=\"elementor-post__card\">\n\t\t\t\t<a class=\"elementor-post__thumbnail__link\" href=\"https:\/\/siwaresfurniture.com\/de\/beispielartikel-02\/\" tabindex=\"-1\" ><div class=\"elementor-post__thumbnail\"><img decoding=\"async\" width=\"300\" height=\"300\" src=\"https:\/\/siwaresfurniture.com\/wp-content\/uploads\/2023\/11\/4-1-300x300.jpg\" class=\"attachment-medium size-medium wp-image-1518\" alt=\"\" srcset=\"https:\/\/siwaresfurniture.com\/wp-content\/uploads\/2023\/11\/4-1-300x300.jpg 300w, https:\/\/siwaresfurniture.com\/wp-content\/uploads\/2023\/11\/4-1-100x100.jpg 100w, https:\/\/siwaresfurniture.com\/wp-content\/uploads\/2023\/11\/4-1-400x400.jpg 400w, https:\/\/siwaresfurniture.com\/wp-content\/uploads\/2023\/11\/4-1-150x150.jpg 150w, https:\/\/siwaresfurniture.com\/wp-content\/uploads\/2023\/11\/4-1-768x768.jpg 768w, https:\/\/siwaresfurniture.com\/wp-content\/uploads\/2023\/11\/4-1.jpg 800w\" sizes=\"(max-width: 300px) 100vw, 300px\" \/><\/div><\/a>\n\t\t\t\t<div class=\"elementor-post__badge\">Uncategorized<\/div>\n\t\t\t\t<div class=\"elementor-post__avatar\">\n\t\t\t\t\t<\/div>\n\t\t\t\t<div class=\"elementor-post__text\">\n\t\t\t\t<h3 class=\"elementor-post__title\">\n\t\t\t<a href=\"https:\/\/siwaresfurniture.com\/de\/beispielartikel-02\/\" >\n\t\t\t\tIst es notwendig, einen ergonomischen Stuhl zu kaufen, wenn man lange Zeit im B\u00fcro sitzt?\t\t\t<\/a>\n\t\t<\/h3>\n\t\t\t\t<div class=\"elementor-post__excerpt\">\n\t\t\t<p>Erstens kann ich Ihnen ganz klar sagen, dass die Anschaffung eines ergonomischen Stuhls bei langem Sitzen aus gesundheitlicher Sicht durchaus sinnvoll ist und die durch langes Sitzen verursachte M\u00fcdigkeit tats\u00e4chlich lindern kann. Ergonomische St\u00fchle k\u00f6nnen die durch langes Sitzen verursachte Erm\u00fcdung in mehrfacher Hinsicht lindern: 1. Einstellung der Kopfst\u00fctze: Verstellung der H\u00f6he und des Winkels<\/p>\n\t\t<\/div>\n\t\t\n\t\t<a class=\"elementor-post__read-more\" href=\"https:\/\/siwaresfurniture.com\/de\/beispielartikel-02\/\" aria-label=\"Read more about Is it necessary to buy an ergonomic chair after sitting for a long time in the office?\" tabindex=\"-1\" >\n\t\t\tMehr lesen \"\t\t<\/a>\n\n\t\t\t\t<\/div>\n\t\t\t\t<div class=\"elementor-post__meta-data\">\n\t\t\t\t\t<span class=\"elementor-post-date\">\n\t\t\t27. November 2023\t\t<\/span>\n\t\t\t\t<span class=\"elementor-post-avatar\">\n\t\t\tKeine Kommentare\t\t<\/span>\n\t\t\t\t<\/div>\n\t\t\t\t\t<\/div>\n\t\t<\/article>\n\t\t\t\t<article class=\"elementor-post elementor-grid-item post-1577 post type-post status-publish format-standard has-post-thumbnail hentry category-uncategorized\">\n\t\t\t<div class=\"elementor-post__card\">\n\t\t\t\t<a class=\"elementor-post__thumbnail__link\" href=\"https:\/\/siwaresfurniture.com\/de\/beispielartikel\/\" tabindex=\"-1\" ><div class=\"elementor-post__thumbnail\"><img loading=\"lazy\" decoding=\"async\" width=\"300\" height=\"300\" src=\"https:\/\/siwaresfurniture.com\/wp-content\/uploads\/2023\/11\/3-1-300x300.jpg\" class=\"attachment-medium size-medium wp-image-1516\" alt=\"\" srcset=\"https:\/\/siwaresfurniture.com\/wp-content\/uploads\/2023\/11\/3-1-300x300.jpg 300w, https:\/\/siwaresfurniture.com\/wp-content\/uploads\/2023\/11\/3-1-100x100.jpg 100w, https:\/\/siwaresfurniture.com\/wp-content\/uploads\/2023\/11\/elementor\/thumbs\/3-1-qlgl5sui4986x8brv0cxvc8ioz5w3y7p77xvef8eqo.jpg 400w, https:\/\/siwaresfurniture.com\/wp-content\/uploads\/2023\/11\/3-1-150x150.jpg 150w, https:\/\/siwaresfurniture.com\/wp-content\/uploads\/2023\/11\/3-1-768x768.jpg 768w, https:\/\/siwaresfurniture.com\/wp-content\/uploads\/2023\/11\/3-1.jpg 800w\" sizes=\"(max-width: 300px) 100vw, 300px\" \/><\/div><\/a>\n\t\t\t\t<div class=\"elementor-post__badge\">Uncategorized<\/div>\n\t\t\t\t<div class=\"elementor-post__avatar\">\n\t\t\t\t\t<\/div>\n\t\t\t\t<div class=\"elementor-post__text\">\n\t\t\t\t<h3 class=\"elementor-post__title\">\n\t\t\t<a href=\"https:\/\/siwaresfurniture.com\/de\/beispielartikel\/\" >\n\t\t\t\tGute ergonomische St\u00fchle haben alle diese Eigenschaften\t\t\t<\/a>\n\t\t<\/h3>\n\t\t\t\t<div class=\"elementor-post__excerpt\">\n\t\t\t<p>Ein Stuhl, der so konzipiert ist, dass er den K\u00f6rper in der richtigen Haltung, Gesundheit und Komfort optimal unterst\u00fctzt, wird als ergonomischer Stuhl bezeichnet. Es gibt einige Merkmale, die beweisen k\u00f6nnen, dass der Stuhl der Ergonomie entspricht. Dazu geh\u00f6ren die richtige H\u00f6he, Sitzbreite, Lendenwirbelst\u00fctze, R\u00fcckenlehne, Armlehnen, Kopfst\u00fctzen, R\u00e4der und das Material des Stuhls. Die Merkmale, die einen guten<\/p>\n\t\t<\/div>\n\t\t\n\t\t<a class=\"elementor-post__read-more\" href=\"https:\/\/siwaresfurniture.com\/de\/beispielartikel\/\" aria-label=\"Read more about Good ergonomic chairs all have these characteristics\" tabindex=\"-1\" >\n\t\t\tMehr lesen \"\t\t<\/a>\n\n\t\t\t\t<\/div>\n\t\t\t\t<div class=\"elementor-post__meta-data\">\n\t\t\t\t\t<span class=\"elementor-post-date\">\n\t\t\t27. November 2023\t\t<\/span>\n\t\t\t\t<span class=\"elementor-post-avatar\">\n\t\t\tKeine Kommentare\t\t<\/span>\n\t\t\t\t<\/div>\n\t\t\t\t\t<\/div>\n\t\t<\/article>\n\t\t\t\t<\/div>\n\t\t\n\t\t\t\t\t\t<\/div>\n\t\t\t\t<\/div>\n\t\t\t\t\t<\/div>\n\t\t\t\t<\/div>\n\t\t\t\t<\/div>","protected":false},"excerpt":{"rendered":"<p>BLOGE \u8fd9\u662f\u6d4b\u8bd5\u6587\u672c\uff0c\u5355\u51fb \"\u7f16\u8f91\" \u6309\u94ae\u66f4\u6539\u6b64\u6587\u672c\u3002<\/p>","protected":false},"author":1,"featured_media":0,"parent":0,"menu_order":0,"comment_status":"closed","ping_status":"closed","template":"","meta":{"site-sidebar-layout":"no-sidebar","site-content-layout":"page-builder","ast-site-content-layout":"full-width-container","site-content-style":"default","site-sidebar-style":"default","ast-global-header-display":"","ast-banner-title-visibility":"","ast-main-header-display":"","ast-hfb-above-header-display":"","ast-hfb-below-header-display":"","ast-hfb-mobile-header-display":"","site-post-title":"disabled","ast-breadcrumbs-content":"","ast-featured-img":"disabled","footer-sml-layout":"","ast-disable-related-posts":"","theme-transparent-header-meta":"","adv-header-id-meta":"","stick-header-meta":"","header-above-stick-meta":"","header-main-stick-meta":"","header-below-stick-meta":"","astra-migrate-meta-layouts":"set","ast-page-background-enabled":"default","ast-page-background-meta":{"desktop":{"background-color":"var(--ast-global-color-4)","background-image":"","background-repeat":"repeat","background-position":"center center","background-size":"auto","background-attachment":"scroll","background-type":"","background-media":"","overlay-type":"","overlay-color":"","overlay-opacity":"","overlay-gradient":""},"tablet":{"background-color":"","background-image":"","background-repeat":"repeat","background-position":"center center","background-size":"auto","background-attachment":"scroll","background-type":"","background-media":"","overlay-type":"","overlay-color":"","overlay-opacity":"","overlay-gradient":""},"mobile":{"background-color":"","background-image":"","background-repeat":"repeat","background-position":"center center","background-size":"auto","background-attachment":"scroll","background-type":"","background-media":"","overlay-type":"","overlay-color":"","overlay-opacity":"","overlay-gradient":""}},"ast-content-background-meta":{"desktop":{"background-color":"var(--ast-global-color-5)","background-image":"","background-repeat":"repeat","background-position":"center center","background-size":"auto","background-attachment":"scroll","background-type":"","background-media":"","overlay-type":"","overlay-color":"","overlay-opacity":"","overlay-gradient":""},"tablet":{"background-color":"var(--ast-global-color-5)","background-image":"","background-repeat":"repeat","background-position":"center center","background-size":"auto","background-attachment":"scroll","background-type":"","background-media":"","overlay-type":"","overlay-color":"","overlay-opacity":"","overlay-gradient":""},"mobile":{"background-color":"var(--ast-global-color-5)","background-image":"","background-repeat":"repeat","background-position":"center center","background-size":"auto","background-attachment":"scroll","background-type":"","background-media":"","overlay-type":"","overlay-color":"","overlay-opacity":"","overlay-gradient":""}},"footnotes":""},"class_list":["post-1564","page","type-page","status-publish","hentry"],"aioseo_notices":[],"_links":{"self":[{"href":"https:\/\/siwaresfurniture.com\/de\/wp-json\/wp\/v2\/pages\/1564","targetHints":{"allow":["GET"]}}],"collection":[{"href":"https:\/\/siwaresfurniture.com\/de\/wp-json\/wp\/v2\/pages"}],"about":[{"href":"https:\/\/siwaresfurniture.com\/de\/wp-json\/wp\/v2\/types\/page"}],"author":[{"embeddable":true,"href":"https:\/\/siwaresfurniture.com\/de\/wp-json\/wp\/v2\/users\/1"}],"replies":[{"embeddable":true,"href":"https:\/\/siwaresfurniture.com\/de\/wp-json\/wp\/v2\/comments?post=1564"}],"version-history":[{"count":3,"href":"https:\/\/siwaresfurniture.com\/de\/wp-json\/wp\/v2\/pages\/1564\/revisions"}],"predecessor-version":[{"id":3303,"href":"https:\/\/siwaresfurniture.com\/de\/wp-json\/wp\/v2\/pages\/1564\/revisions\/3303"}],"wp:attachment":[{"href":"https:\/\/siwaresfurniture.com\/de\/wp-json\/wp\/v2\/media?parent=1564"}],"curies":[{"name":"wp","href":"https:\/\/api.w.org\/{rel}","templated":true}]}}