{"id":2297,"date":"2024-02-20T06:10:04","date_gmt":"2024-02-20T06:10:04","guid":{"rendered":"https:\/\/siwaresfurniture.com\/?post_type=product&#038;p=2297"},"modified":"2024-02-24T08:17:01","modified_gmt":"2024-02-24T08:17:01","slug":"boss-ceo-office-desk-wooden-l-shape-cheap-price-modern-simple-style-mdf-material","status":"publish","type":"product","link":"https:\/\/siwaresfurniture.com\/de\/produkt\/boss-ceo-buro-schreibtisch-holz-l-form-billig-preis-modern-einfach-stil-mdf-material\/","title":{"rendered":"Ceo Office Desk Holz L Form Einfacher Stil Boss Executive Desk"},"content":{"rendered":"<p><img fetchpriority=\"high\" decoding=\"async\" class=\"size-full wp-image-2298 aligncenter\" src=\"https:\/\/siwaresfurniture.com\/wp-content\/uploads\/2024\/02\/B918Z\u4e3b2.jpg\" alt=\"\" width=\"800\" height=\"800\" srcset=\"https:\/\/siwaresfurniture.com\/wp-content\/uploads\/2024\/02\/B918Z\u4e3b2.jpg 800w, https:\/\/siwaresfurniture.com\/wp-content\/uploads\/2024\/02\/B918Z\u4e3b2-300x300.jpg 300w, https:\/\/siwaresfurniture.com\/wp-content\/uploads\/2024\/02\/B918Z\u4e3b2-150x150.jpg 150w, https:\/\/siwaresfurniture.com\/wp-content\/uploads\/2024\/02\/B918Z\u4e3b2-768x768.jpg 768w, https:\/\/siwaresfurniture.com\/wp-content\/uploads\/2024\/02\/B918Z\u4e3b2-12x12.jpg 12w, https:\/\/siwaresfurniture.com\/wp-content\/uploads\/2024\/02\/B918Z\u4e3b2-400x400.jpg 400w, https:\/\/siwaresfurniture.com\/wp-content\/uploads\/2024\/02\/B918Z\u4e3b2-100x100.jpg 100w\" sizes=\"(max-width: 800px) 100vw, 800px\" \/> <img decoding=\"async\" class=\"size-full wp-image-2299 aligncenter\" src=\"https:\/\/siwaresfurniture.com\/wp-content\/uploads\/2024\/02\/B918Z\u4e3b3.jpg\" alt=\"\" width=\"800\" height=\"800\" srcset=\"https:\/\/siwaresfurniture.com\/wp-content\/uploads\/2024\/02\/B918Z\u4e3b3.jpg 800w, https:\/\/siwaresfurniture.com\/wp-content\/uploads\/2024\/02\/B918Z\u4e3b3-300x300.jpg 300w, https:\/\/siwaresfurniture.com\/wp-content\/uploads\/2024\/02\/B918Z\u4e3b3-150x150.jpg 150w, https:\/\/siwaresfurniture.com\/wp-content\/uploads\/2024\/02\/B918Z\u4e3b3-768x768.jpg 768w, https:\/\/siwaresfurniture.com\/wp-content\/uploads\/2024\/02\/B918Z\u4e3b3-12x12.jpg 12w, https:\/\/siwaresfurniture.com\/wp-content\/uploads\/2024\/02\/B918Z\u4e3b3-400x400.jpg 400w, https:\/\/siwaresfurniture.com\/wp-content\/uploads\/2024\/02\/B918Z\u4e3b3-100x100.jpg 100w\" sizes=\"(max-width: 800px) 100vw, 800px\" \/><\/p>","protected":false},"excerpt":{"rendered":"<p>Moderner B\u00fcrotisch f\u00fcr F\u00fchrungskr\u00e4fte<\/p>\n<p>Modell: B918<\/p>\n<p>Gr\u00f6\u00dfe (mm): 2000*1800*750\/ 2200*1600*750\/ 2400*1800*750<\/p>\n<p>Hauptmaterial: MDF-Melaminplatte+HDF+Hochwertige Stahllegierung.<\/p>\n<p>Dienstleistung: OEM \/ ODM Custom Service, Pre-Sale-Service, Trade Assurance, After-Sale-Service, ect.<\/p>","protected":false},"featured_media":2300,"template":"","meta":{"site-sidebar-layout":"default","site-content-layout":"","ast-site-content-layout":"default","site-content-style":"default","site-sidebar-style":"default","ast-global-header-display":"","ast-banner-title-visibility":"","ast-main-header-display":"","ast-hfb-above-header-display":"","ast-hfb-below-header-display":"","ast-hfb-mobile-header-display":"","site-post-title":"","ast-breadcrumbs-content":"","ast-featured-img":"","footer-sml-layout":"","ast-disable-related-posts":"","theme-transparent-header-meta":"default","adv-header-id-meta":"","stick-header-meta":"","header-above-stick-meta":"","header-main-stick-meta":"","header-below-stick-meta":"","astra-migrate-meta-layouts":"set","ast-page-background-enabled":"default","ast-page-background-meta":{"desktop":{"background-color":"var(--ast-global-color-4)","background-image":"","background-repeat":"repeat","background-position":"center center","background-size":"auto","background-attachment":"scroll","background-type":"","background-media":"","overlay-type":"","overlay-color":"","overlay-opacity":"","overlay-gradient":""},"tablet":{"background-color":"","background-image":"","background-repeat":"repeat","background-position":"center center","background-size":"auto","background-attachment":"scroll","background-type":"","background-media":"","overlay-type":"","overlay-color":"","overlay-opacity":"","overlay-gradient":""},"mobile":{"background-color":"","background-image":"","background-repeat":"repeat","background-position":"center center","background-size":"auto","background-attachment":"scroll","background-type":"","background-media":"","overlay-type":"","overlay-color":"","overlay-opacity":"","overlay-gradient":""}},"ast-content-background-meta":{"desktop":{"background-color":"var(--ast-global-color-5)","background-image":"","background-repeat":"repeat","background-position":"center center","background-size":"auto","background-attachment":"scroll","background-type":"","background-media":"","overlay-type":"","overlay-color":"","overlay-opacity":"","overlay-gradient":""},"tablet":{"background-color":"var(--ast-global-color-5)","background-image":"","background-repeat":"repeat","background-position":"center center","background-size":"auto","background-attachment":"scroll","background-type":"","background-media":"","overlay-type":"","overlay-color":"","overlay-opacity":"","overlay-gradient":""},"mobile":{"background-color":"var(--ast-global-color-5)","background-image":"","background-repeat":"repeat","background-position":"center center","background-size":"auto","background-attachment":"scroll","background-type":"","background-media":"","overlay-type":"","overlay-color":"","overlay-opacity":"","overlay-gradient":""}}},"product_brand":[],"product_cat":[55,65],"product_tag":[],"class_list":{"0":"post-2297","1":"product","2":"type-product","3":"status-publish","4":"has-post-thumbnail","6":"product_cat-office-table","7":"product_cat-boss-desk","8":"desktop-align-center","9":"tablet-align-left","10":"mobile-align-left","11":"ast-product-gallery-layout-horizontal-slider","12":"ast-product-gallery-with-no-image","14":"first","15":"instock","16":"sale","17":"shipping-taxable","18":"purchasable","19":"product-type-simple"},"aioseo_notices":[],"_links":{"self":[{"href":"https:\/\/siwaresfurniture.com\/de\/wp-json\/wp\/v2\/product\/2297","targetHints":{"allow":["GET"]}}],"collection":[{"href":"https:\/\/siwaresfurniture.com\/de\/wp-json\/wp\/v2\/product"}],"about":[{"href":"https:\/\/siwaresfurniture.com\/de\/wp-json\/wp\/v2\/types\/product"}],"version-history":[{"count":0,"href":"https:\/\/siwaresfurniture.com\/de\/wp-json\/wp\/v2\/product\/2297\/revisions"}],"wp:featuredmedia":[{"embeddable":true,"href":"https:\/\/siwaresfurniture.com\/de\/wp-json\/wp\/v2\/media\/2300"}],"wp:attachment":[{"href":"https:\/\/siwaresfurniture.com\/de\/wp-json\/wp\/v2\/media?parent=2297"}],"wp:term":[{"taxonomy":"product_brand","embeddable":true,"href":"https:\/\/siwaresfurniture.com\/de\/wp-json\/wp\/v2\/product_brand?post=2297"},{"taxonomy":"product_cat","embeddable":true,"href":"https:\/\/siwaresfurniture.com\/de\/wp-json\/wp\/v2\/product_cat?post=2297"},{"taxonomy":"product_tag","embeddable":true,"href":"https:\/\/siwaresfurniture.com\/de\/wp-json\/wp\/v2\/product_tag?post=2297"}],"curies":[{"name":"wp","href":"https:\/\/api.w.org\/{rel}","templated":true}]}}