{"id":2592,"date":"2024-02-28T04:04:50","date_gmt":"2024-02-28T04:04:50","guid":{"rendered":"https:\/\/siwaresfurniture.com\/?post_type=product&#038;p=2592"},"modified":"2024-02-28T04:04:52","modified_gmt":"2024-02-28T04:04:52","slug":"luxury-boss-executive-office-table-l-shaped-office-ceo-office-desk","status":"publish","type":"product","link":"https:\/\/siwaresfurniture.com\/de\/produkt\/luxus-boss-executive-buro-tisch-l-geformt-buro-ceo-buro-tisch\/","title":{"rendered":"Luxuri\u00f6ser Boss Executive B\u00fcrotisch L-f\u00f6rmiges B\u00fcro Ceo Office Desk"},"content":{"rendered":"","protected":false},"excerpt":{"rendered":"<p>Modell: B849<\/p>\n<p>Gr\u00f6\u00dfe (mm): 2000*1700*750\/ 2400*1900*750<\/p>\n<p>Hauptmaterial: MDF-Melaminplatte+HDF+Hochwertige Stahllegierung.<\/p>\n<p>MOQ: \u2265 1 Satz<\/p>\n<p>Dienstleistung: OEM \/ ODM Custom Service, Pre-Sale-Service, Trade Assurance, After-Sale-Service, ect.<\/p>","protected":false},"featured_media":2595,"template":"","meta":{"site-sidebar-layout":"default","site-content-layout":"","ast-site-content-layout":"default","site-content-style":"default","site-sidebar-style":"default","ast-global-header-display":"","ast-banner-title-visibility":"","ast-main-header-display":"","ast-hfb-above-header-display":"","ast-hfb-below-header-display":"","ast-hfb-mobile-header-display":"","site-post-title":"","ast-breadcrumbs-content":"","ast-featured-img":"","footer-sml-layout":"","ast-disable-related-posts":"","theme-transparent-header-meta":"default","adv-header-id-meta":"","stick-header-meta":"","header-above-stick-meta":"","header-main-stick-meta":"","header-below-stick-meta":"","astra-migrate-meta-layouts":"set","ast-page-background-enabled":"default","ast-page-background-meta":{"desktop":{"background-color":"var(--ast-global-color-4)","background-image":"","background-repeat":"repeat","background-position":"center center","background-size":"auto","background-attachment":"scroll","background-type":"","background-media":"","overlay-type":"","overlay-color":"","overlay-opacity":"","overlay-gradient":""},"tablet":{"background-color":"","background-image":"","background-repeat":"repeat","background-position":"center center","background-size":"auto","background-attachment":"scroll","background-type":"","background-media":"","overlay-type":"","overlay-color":"","overlay-opacity":"","overlay-gradient":""},"mobile":{"background-color":"","background-image":"","background-repeat":"repeat","background-position":"center center","background-size":"auto","background-attachment":"scroll","background-type":"","background-media":"","overlay-type":"","overlay-color":"","overlay-opacity":"","overlay-gradient":""}},"ast-content-background-meta":{"desktop":{"background-color":"var(--ast-global-color-5)","background-image":"","background-repeat":"repeat","background-position":"center center","background-size":"auto","background-attachment":"scroll","background-type":"","background-media":"","overlay-type":"","overlay-color":"","overlay-opacity":"","overlay-gradient":""},"tablet":{"background-color":"var(--ast-global-color-5)","background-image":"","background-repeat":"repeat","background-position":"center center","background-size":"auto","background-attachment":"scroll","background-type":"","background-media":"","overlay-type":"","overlay-color":"","overlay-opacity":"","overlay-gradient":""},"mobile":{"background-color":"var(--ast-global-color-5)","background-image":"","background-repeat":"repeat","background-position":"center center","background-size":"auto","background-attachment":"scroll","background-type":"","background-media":"","overlay-type":"","overlay-color":"","overlay-opacity":"","overlay-gradient":""}}},"product_brand":[],"product_cat":[55,65],"product_tag":[],"class_list":{"0":"post-2592","1":"product","2":"type-product","3":"status-publish","4":"has-post-thumbnail","6":"product_cat-office-table","7":"product_cat-boss-desk","8":"desktop-align-center","9":"tablet-align-left","10":"mobile-align-left","11":"ast-product-gallery-layout-horizontal-slider","13":"first","14":"instock","15":"shipping-taxable","16":"product-type-simple"},"aioseo_notices":[],"_links":{"self":[{"href":"https:\/\/siwaresfurniture.com\/de\/wp-json\/wp\/v2\/product\/2592","targetHints":{"allow":["GET"]}}],"collection":[{"href":"https:\/\/siwaresfurniture.com\/de\/wp-json\/wp\/v2\/product"}],"about":[{"href":"https:\/\/siwaresfurniture.com\/de\/wp-json\/wp\/v2\/types\/product"}],"version-history":[{"count":0,"href":"https:\/\/siwaresfurniture.com\/de\/wp-json\/wp\/v2\/product\/2592\/revisions"}],"wp:featuredmedia":[{"embeddable":true,"href":"https:\/\/siwaresfurniture.com\/de\/wp-json\/wp\/v2\/media\/2595"}],"wp:attachment":[{"href":"https:\/\/siwaresfurniture.com\/de\/wp-json\/wp\/v2\/media?parent=2592"}],"wp:term":[{"taxonomy":"product_brand","embeddable":true,"href":"https:\/\/siwaresfurniture.com\/de\/wp-json\/wp\/v2\/product_brand?post=2592"},{"taxonomy":"product_cat","embeddable":true,"href":"https:\/\/siwaresfurniture.com\/de\/wp-json\/wp\/v2\/product_cat?post=2592"},{"taxonomy":"product_tag","embeddable":true,"href":"https:\/\/siwaresfurniture.com\/de\/wp-json\/wp\/v2\/product_tag?post=2592"}],"curies":[{"name":"wp","href":"https:\/\/api.w.org\/{rel}","templated":true}]}}