{"id":3633,"date":"2024-03-21T07:03:10","date_gmt":"2024-03-21T07:03:10","guid":{"rendered":"https:\/\/siwaresfurniture.com\/?post_type=product&#038;p=3633"},"modified":"2024-03-21T09:01:12","modified_gmt":"2024-03-21T09:01:12","slug":"soundproof-phone-booth","status":"publish","type":"product","link":"https:\/\/siwaresfurniture.com\/de\/produkt\/schalldichte-telefonzelle\/","title":{"rendered":"Schalldicht \/Telefonkabine"},"content":{"rendered":"<p>Aluminiums\u00e4ulen an allen vier Seiten, mit einem inneren Stahlrahmen; die drei \u00e4u\u00dferen W\u00e4nde sind mit elektrostatisch pulverbeschichteten Stahlplatten beschichtet, die magnetisch f\u00fcr Aush\u00e4nge usw. angebracht werden k\u00f6nnen, Eine Wand ist mit einer T\u00fcr aus 10 mm starkem geh\u00e4rtetem Glas, einem Metallschloss und Scharnieren ausgestattet; die beiden inneren W\u00e4nde sind mit schalld\u00e4mpfenden Baumwollstoffpaneelen verkleidet, eine Wand ist mit elektrostatisch pulverbeschichteten Stahlplatten beschichtet und verf\u00fcgt \u00fcber L\u00fcftungs\u00f6ffnungen und integrierte Steckdosen, die den nationalen Normen entsprechen, LED-Wandleuchten, die Licht nach oben und unten abstrahlen; integrierte Abluftventilatoren an der \u00e4u\u00dferen Platte und schalld\u00e4mpfende Baumwollstoffpanele an der inneren Platte. Inklusive pulverbeschichteter Tischplatte, A929918 grauer Teppichboden. Die Glast\u00fcren sind standardm\u00e4\u00dfig mit einem Seidendruck versehen.<\/p>","protected":false},"excerpt":{"rendered":"<p><span style=\"color: #808080;\">Modell: BOX-01<\/span><\/p>\n<p><span style=\"color: #808080;\">Gr\u00f6\u00dfe (mm): <\/span>W1000*D1000*H2250<\/p>\n<p><span style=\"color: #808080;\">Innerhalb<\/span> <span style=\"color: #808080;\">(mm)<\/span>: W834*D870*H2076<\/p>\n<p><span style=\"color: #808080;\">Hauptmaterial:<\/span> Hochwertige Aluminiums\u00e4ulen, Stahlplatten, geh\u00e4rtetes Glas und schallschluckende Baumwolle usw.<\/p>\n<p><span style=\"color: #808080;\">MOQ:<\/span> \u2265 1 S\u00e4tze<\/p>\n<p><span style=\"color: #808080;\">Dienst:<\/span> 5-Jahres-Garantie, OEM\/ ODM-Anpassungsservice, Vorverkaufsservice, Handelsgarantie, Kundendienst, usw.<\/p>","protected":false},"featured_media":3634,"template":"","meta":{"site-sidebar-layout":"default","site-content-layout":"","ast-site-content-layout":"default","site-content-style":"default","site-sidebar-style":"default","ast-global-header-display":"","ast-banner-title-visibility":"","ast-main-header-display":"","ast-hfb-above-header-display":"","ast-hfb-below-header-display":"","ast-hfb-mobile-header-display":"","site-post-title":"","ast-breadcrumbs-content":"","ast-featured-img":"","footer-sml-layout":"","ast-disable-related-posts":"","theme-transparent-header-meta":"default","adv-header-id-meta":"","stick-header-meta":"","header-above-stick-meta":"","header-main-stick-meta":"","header-below-stick-meta":"","astra-migrate-meta-layouts":"set","ast-page-background-enabled":"default","ast-page-background-meta":{"desktop":{"background-color":"var(--ast-global-color-4)","background-image":"","background-repeat":"repeat","background-position":"center center","background-size":"auto","background-attachment":"scroll","background-type":"","background-media":"","overlay-type":"","overlay-color":"","overlay-opacity":"","overlay-gradient":""},"tablet":{"background-color":"","background-image":"","background-repeat":"repeat","background-position":"center center","background-size":"auto","background-attachment":"scroll","background-type":"","background-media":"","overlay-type":"","overlay-color":"","overlay-opacity":"","overlay-gradient":""},"mobile":{"background-color":"","background-image":"","background-repeat":"repeat","background-position":"center center","background-size":"auto","background-attachment":"scroll","background-type":"","background-media":"","overlay-type":"","overlay-color":"","overlay-opacity":"","overlay-gradient":""}},"ast-content-background-meta":{"desktop":{"background-color":"var(--ast-global-color-5)","background-image":"","background-repeat":"repeat","background-position":"center center","background-size":"auto","background-attachment":"scroll","background-type":"","background-media":"","overlay-type":"","overlay-color":"","overlay-opacity":"","overlay-gradient":""},"tablet":{"background-color":"var(--ast-global-color-5)","background-image":"","background-repeat":"repeat","background-position":"center center","background-size":"auto","background-attachment":"scroll","background-type":"","background-media":"","overlay-type":"","overlay-color":"","overlay-opacity":"","overlay-gradient":""},"mobile":{"background-color":"var(--ast-global-color-5)","background-image":"","background-repeat":"repeat","background-position":"center center","background-size":"auto","background-attachment":"scroll","background-type":"","background-media":"","overlay-type":"","overlay-color":"","overlay-opacity":"","overlay-gradient":""}}},"product_brand":[],"product_cat":[59],"product_tag":[],"class_list":{"0":"post-3633","1":"product","2":"type-product","3":"status-publish","4":"has-post-thumbnail","6":"product_cat-super-office-pods","7":"desktop-align-center","8":"tablet-align-left","9":"mobile-align-left","10":"ast-product-gallery-layout-horizontal-slider","11":"ast-product-gallery-with-no-image","13":"first","14":"instock","15":"shipping-taxable","16":"product-type-simple"},"aioseo_notices":[],"_links":{"self":[{"href":"https:\/\/siwaresfurniture.com\/de\/wp-json\/wp\/v2\/product\/3633","targetHints":{"allow":["GET"]}}],"collection":[{"href":"https:\/\/siwaresfurniture.com\/de\/wp-json\/wp\/v2\/product"}],"about":[{"href":"https:\/\/siwaresfurniture.com\/de\/wp-json\/wp\/v2\/types\/product"}],"version-history":[{"count":3,"href":"https:\/\/siwaresfurniture.com\/de\/wp-json\/wp\/v2\/product\/3633\/revisions"}],"predecessor-version":[{"id":3640,"href":"https:\/\/siwaresfurniture.com\/de\/wp-json\/wp\/v2\/product\/3633\/revisions\/3640"}],"wp:featuredmedia":[{"embeddable":true,"href":"https:\/\/siwaresfurniture.com\/de\/wp-json\/wp\/v2\/media\/3634"}],"wp:attachment":[{"href":"https:\/\/siwaresfurniture.com\/de\/wp-json\/wp\/v2\/media?parent=3633"}],"wp:term":[{"taxonomy":"product_brand","embeddable":true,"href":"https:\/\/siwaresfurniture.com\/de\/wp-json\/wp\/v2\/product_brand?post=3633"},{"taxonomy":"product_cat","embeddable":true,"href":"https:\/\/siwaresfurniture.com\/de\/wp-json\/wp\/v2\/product_cat?post=3633"},{"taxonomy":"product_tag","embeddable":true,"href":"https:\/\/siwaresfurniture.com\/de\/wp-json\/wp\/v2\/product_tag?post=3633"}],"curies":[{"name":"wp","href":"https:\/\/api.w.org\/{rel}","templated":true}]}}