{"id":4379,"date":"2024-08-01T07:51:23","date_gmt":"2024-08-01T07:51:23","guid":{"rendered":"https:\/\/siwaresfurniture.com\/?post_type=product&#038;p=4379"},"modified":"2024-08-01T08:14:56","modified_gmt":"2024-08-01T08:14:56","slug":"new-design-commercial-furniture-executive-high-back-office-chair-for-standing-desk-sale-online","status":"publish","type":"product","link":"https:\/\/siwaresfurniture.com\/de\/produkt\/neue-design-kommerzielle-mobel-executive-hohe-zuruck-burostuhl-fur-stehpult-verkauf-online\/","title":{"rendered":"Neues Design Kommerzielle M\u00f6bel Executive High Back B\u00fcrostuhl f\u00fcr Stehpult Verkauf Online"},"content":{"rendered":"<div style=\"width: 640px;\" class=\"wp-video\"><!--[if lt IE 9]><script>document.createElement('video');<\/script><![endif]-->\n<video class=\"wp-video-shortcode\" id=\"video-4379-1\" width=\"640\" height=\"368\" preload=\"metadata\" controls=\"controls\"><source type=\"video\/mp4\" src=\"https:\/\/siwaresfurniture.com\/wp-content\/uploads\/2024\/08\/\u89c6\u9891.mp4?_=1\" \/><a href=\"https:\/\/siwaresfurniture.com\/wp-content\/uploads\/2024\/08\/\u89c6\u9891.mp4\">https:\/\/siwaresfurniture.com\/wp-content\/uploads\/2024\/08\/\u89c6\u9891.mp4<\/a><\/video><\/div>","protected":false},"excerpt":{"rendered":"<table width=\"525\">\n<tbody>\n<tr>\n<td width=\"183\">Markenname<\/td>\n<td width=\"342\">Siwares<\/td>\n<\/tr>\n<tr>\n<td>Modellnummer<\/td>\n<td>1913A-Grau<\/td>\n<\/tr>\n<tr>\n<td>Schl\u00fcsselwort<\/td>\n<td>Executive B\u00fcrostuhl mit hoher R\u00fcckenlehne<\/td>\n<\/tr>\n<tr>\n<td>Armlehne<\/td>\n<td>Feste Armlehne<\/td>\n<\/tr>\n<tr>\n<td>Material<\/td>\n<td>Stoff+Metall<\/td>\n<\/tr>\n<tr>\n<td>N\/W &amp; G\/W<\/td>\n<td>11.5KG \/ 12.8KG<\/td>\n<\/tr>\n<tr>\n<td>Gr\u00f6\u00dfe der Verpackung<\/td>\n<td width=\"342\">73*49*61 CM, 1 Stk.\/Karton<\/td>\n<\/tr>\n<tr>\n<td>Beschreibung des Materials<\/td>\n<td width=\"342\">1. Schwarzer Nylon&amp; S\/S Rahmen + grauer R\u00fccken + grauer Sitz<br \/>\n2. Kipp- und Verriegelungsmechanismus<br \/>\n3. Die D\u00e4mpfung durch Formschaum<br \/>\n4. R330mm PP-F\u00fc\u00dfe mit 50mm PU-Schallschutzrollen<br \/>\n5. Hub 85-4 Klasse 3 Gaslift<br \/>\n6. Feste Armlehne<br \/>\n7. einstellbare Lendenwirbelst\u00fctze nach oben und unten<\/td>\n<\/tr>\n<\/tbody>\n<\/table>","protected":false},"featured_media":4386,"template":"","meta":{"site-sidebar-layout":"default","site-content-layout":"","ast-site-content-layout":"default","site-content-style":"default","site-sidebar-style":"default","ast-global-header-display":"","ast-banner-title-visibility":"","ast-main-header-display":"","ast-hfb-above-header-display":"","ast-hfb-below-header-display":"","ast-hfb-mobile-header-display":"","site-post-title":"","ast-breadcrumbs-content":"","ast-featured-img":"","footer-sml-layout":"","ast-disable-related-posts":"","theme-transparent-header-meta":"default","adv-header-id-meta":"","stick-header-meta":"default","header-above-stick-meta":"","header-main-stick-meta":"","header-below-stick-meta":"","astra-migrate-meta-layouts":"set","ast-page-background-enabled":"default","ast-page-background-meta":{"desktop":{"background-color":"var(--ast-global-color-4)","background-image":"","background-repeat":"repeat","background-position":"center center","background-size":"auto","background-attachment":"scroll","background-type":"","background-media":"","overlay-type":"","overlay-color":"","overlay-opacity":"","overlay-gradient":""},"tablet":{"background-color":"","background-image":"","background-repeat":"repeat","background-position":"center center","background-size":"auto","background-attachment":"scroll","background-type":"","background-media":"","overlay-type":"","overlay-color":"","overlay-opacity":"","overlay-gradient":""},"mobile":{"background-color":"","background-image":"","background-repeat":"repeat","background-position":"center center","background-size":"auto","background-attachment":"scroll","background-type":"","background-media":"","overlay-type":"","overlay-color":"","overlay-opacity":"","overlay-gradient":""}},"ast-content-background-meta":{"desktop":{"background-color":"var(--ast-global-color-5)","background-image":"","background-repeat":"repeat","background-position":"center center","background-size":"auto","background-attachment":"scroll","background-type":"","background-media":"","overlay-type":"","overlay-color":"","overlay-opacity":"","overlay-gradient":""},"tablet":{"background-color":"var(--ast-global-color-5)","background-image":"","background-repeat":"repeat","background-position":"center center","background-size":"auto","background-attachment":"scroll","background-type":"","background-media":"","overlay-type":"","overlay-color":"","overlay-opacity":"","overlay-gradient":""},"mobile":{"background-color":"var(--ast-global-color-5)","background-image":"","background-repeat":"repeat","background-position":"center center","background-size":"auto","background-attachment":"scroll","background-type":"","background-media":"","overlay-type":"","overlay-color":"","overlay-opacity":"","overlay-gradient":""}}},"product_brand":[],"product_cat":[54],"product_tag":[],"class_list":{"0":"post-4379","1":"product","2":"type-product","3":"status-publish","4":"has-post-thumbnail","6":"product_cat-office-chair","7":"desktop-align-center","8":"tablet-align-left","9":"mobile-align-left","10":"ast-product-gallery-layout-horizontal-slider","12":"first","13":"instock","14":"shipping-taxable","15":"product-type-simple"},"aioseo_notices":[],"_links":{"self":[{"href":"https:\/\/siwaresfurniture.com\/de\/wp-json\/wp\/v2\/product\/4379","targetHints":{"allow":["GET"]}}],"collection":[{"href":"https:\/\/siwaresfurniture.com\/de\/wp-json\/wp\/v2\/product"}],"about":[{"href":"https:\/\/siwaresfurniture.com\/de\/wp-json\/wp\/v2\/types\/product"}],"version-history":[{"count":1,"href":"https:\/\/siwaresfurniture.com\/de\/wp-json\/wp\/v2\/product\/4379\/revisions"}],"predecessor-version":[{"id":4390,"href":"https:\/\/siwaresfurniture.com\/de\/wp-json\/wp\/v2\/product\/4379\/revisions\/4390"}],"wp:featuredmedia":[{"embeddable":true,"href":"https:\/\/siwaresfurniture.com\/de\/wp-json\/wp\/v2\/media\/4386"}],"wp:attachment":[{"href":"https:\/\/siwaresfurniture.com\/de\/wp-json\/wp\/v2\/media?parent=4379"}],"wp:term":[{"taxonomy":"product_brand","embeddable":true,"href":"https:\/\/siwaresfurniture.com\/de\/wp-json\/wp\/v2\/product_brand?post=4379"},{"taxonomy":"product_cat","embeddable":true,"href":"https:\/\/siwaresfurniture.com\/de\/wp-json\/wp\/v2\/product_cat?post=4379"},{"taxonomy":"product_tag","embeddable":true,"href":"https:\/\/siwaresfurniture.com\/de\/wp-json\/wp\/v2\/product_tag?post=4379"}],"curies":[{"name":"wp","href":"https:\/\/api.w.org\/{rel}","templated":true}]}}