{"id":1564,"date":"2023-11-27T03:12:49","date_gmt":"2023-11-27T03:12:49","guid":{"rendered":"http:\/\/siwaresfurniture.com\/?page_id=1564"},"modified":"2024-03-20T06:33:17","modified_gmt":"2024-03-20T06:33:17","slug":"blog","status":"publish","type":"page","link":"https:\/\/siwaresfurniture.com\/es\/blog\/","title":{"rendered":"BLOG"},"content":{"rendered":"<div data-elementor-type=\"wp-page\" data-elementor-id=\"1564\" class=\"elementor elementor-1564\" data-elementor-post-type=\"page\">\n\t\t\t\t\t\t<section class=\"elementor-section elementor-top-section elementor-element elementor-element-104iwi9 elementor-section-full_width elementor-section-height-default elementor-section-height-default\" data-id=\"104iwi9\" data-element_type=\"section\" data-e-type=\"section\" data-settings=\"{&quot;background_background&quot;:&quot;classic&quot;}\">\n\t\t\t\t\t\t<div class=\"elementor-container elementor-column-gap-no\">\n\t\t\t\t\t<div class=\"elementor-column elementor-col-100 elementor-top-column elementor-element elementor-element-5ffd739\" data-id=\"5ffd739\" data-element_type=\"column\" data-e-type=\"column\">\n\t\t\t<div class=\"elementor-widget-wrap elementor-element-populated\">\n\t\t\t\t\t\t<div class=\"elementor-element elementor-element-db39ed2 elementor-widget elementor-widget-image\" data-id=\"db39ed2\" data-element_type=\"widget\" data-e-type=\"widget\" data-widget_type=\"image.default\">\n\t\t\t\t<div class=\"elementor-widget-container\">\n\t\t\t\t\t\t\t\t\t\t\t\t\t\t\t<img decoding=\"async\" src=\"https:\/\/siwaresfurniture.com\/wp-content\/uploads\/elementor\/thumbs\/\u6d77\u62a5-qnwj6cku21vwqmslwlvw830jq7mfc10tuamexdv8h8.jpg\" title=\"\u6d77\u62a5\" alt=\"\u6d77\u62a5\" loading=\"lazy\" \/>\t\t\t\t\t\t\t\t\t\t\t\t\t\t\t<\/div>\n\t\t\t\t<\/div>\n\t\t\t\t\t<\/div>\n\t\t<\/div>\n\t\t\t\t\t<\/div>\n\t\t<\/section>\n\t\t<div class=\"elementor-element elementor-element-b2c526f e-flex e-con-boxed e-con e-parent\" data-id=\"b2c526f\" data-element_type=\"container\" data-e-type=\"container\">\n\t\t\t\t\t<div class=\"e-con-inner\">\n\t\t\t\t<div class=\"elementor-element elementor-element-a9259b1 elementor-widget elementor-widget-heading\" data-id=\"a9259b1\" data-element_type=\"widget\" data-e-type=\"widget\" data-widget_type=\"heading.default\">\n\t\t\t\t<div class=\"elementor-widget-container\">\n\t\t\t\t\t<h2 class=\"elementor-heading-title elementor-size-default\">BLOGE<\/h2>\t\t\t\t<\/div>\n\t\t\t\t<\/div>\n\t\t\t\t<div class=\"elementor-element elementor-element-9217bb3 elementor-widget elementor-widget-text-editor\" data-id=\"9217bb3\" data-element_type=\"widget\" data-e-type=\"widget\" data-widget_type=\"text-editor.default\">\n\t\t\t\t<div class=\"elementor-widget-container\">\n\t\t\t\t\t\t\t\t\t<p>Lorem ipsum dolor sit amet, consectetur adipiscing elit. Ut elit tellus, luctus nec ullamcorper mattis, pulvinar dapibus leo.<\/p>\t\t\t\t\t\t\t\t<\/div>\n\t\t\t\t<\/div>\n\t\t\t\t<div class=\"elementor-element elementor-element-d3cf413 elementor-grid-3 elementor-grid-tablet-2 elementor-grid-mobile-1 elementor-posts--thumbnail-top elementor-posts--show-avatar elementor-card-shadow-yes elementor-posts__hover-gradient elementor-invisible elementor-widget elementor-widget-posts\" data-id=\"d3cf413\" data-element_type=\"widget\" data-e-type=\"widget\" data-settings=\"{&quot;_animation&quot;:&quot;fadeInRight&quot;,&quot;cards_columns&quot;:&quot;3&quot;,&quot;cards_columns_tablet&quot;:&quot;2&quot;,&quot;cards_columns_mobile&quot;:&quot;1&quot;,&quot;cards_row_gap&quot;:{&quot;unit&quot;:&quot;px&quot;,&quot;size&quot;:35,&quot;sizes&quot;:[]},&quot;cards_row_gap_tablet&quot;:{&quot;unit&quot;:&quot;px&quot;,&quot;size&quot;:&quot;&quot;,&quot;sizes&quot;:[]},&quot;cards_row_gap_mobile&quot;:{&quot;unit&quot;:&quot;px&quot;,&quot;size&quot;:&quot;&quot;,&quot;sizes&quot;:[]}}\" data-widget_type=\"posts.cards\">\n\t\t\t\t<div class=\"elementor-widget-container\">\n\t\t\t\t\t\t\t<div class=\"elementor-posts-container elementor-posts elementor-posts--skin-cards elementor-grid\">\n\t\t\t\t<article class=\"elementor-post elementor-grid-item post-4297 post type-post status-publish format-standard hentry category-uncategorized-en\">\n\t\t\t<div class=\"elementor-post__card\">\n\t\t\t\t<div class=\"elementor-post__text\">\n\t\t\t\t<h3 class=\"elementor-post__title\">\n\t\t\t<a href=\"https:\/\/siwaresfurniture.com\/es\/se-presenta-la-silla-sirena\/\" >\n\t\t\t\tDesvelada la Silla Sirena\t\t\t<\/a>\n\t\t<\/h3>\n\t\t\t\t<div class=\"elementor-post__excerpt\">\n\t\t\t<p>Experimente el encanto del mar con nuestro \u00faltimo sill\u00f3n de piel con forma de sirena. La artesan\u00eda de primera calidad se combina con un dise\u00f1o elegante, creando un complemento \u00fanico para su espacio. \u00a1Sum\u00e9rjase en el lujo hoy mismo!<\/p>\n\t\t<\/div>\n\t\t\n\t\t<a class=\"elementor-post__read-more\" href=\"https:\/\/siwaresfurniture.com\/es\/se-presenta-la-silla-sirena\/\" aria-label=\"M\u00e1s informaci\u00f3n sobre Mermaid Chair Unveiled!\" tabindex=\"-1\" >\n\t\t\tLeer M\u00e1s \"\t\t<\/a>\n\n\t\t\t\t<\/div>\n\t\t\t\t<div class=\"elementor-post__meta-data\">\n\t\t\t\t\t<span class=\"elementor-post-date\">\n\t\t\t11 de julio de 2024\t\t<\/span>\n\t\t\t\t<span class=\"elementor-post-avatar\">\n\t\t\tNo hay comentarios\t\t<\/span>\n\t\t\t\t<\/div>\n\t\t\t\t\t<\/div>\n\t\t<\/article>\n\t\t\t\t<article class=\"elementor-post elementor-grid-item post-2635 post type-post status-publish format-standard has-post-thumbnail hentry category-uncategorized\">\n\t\t\t<div class=\"elementor-post__card\">\n\t\t\t\t<a class=\"elementor-post__thumbnail__link\" href=\"https:\/\/siwaresfurniture.com\/es\/cinco-puntos-clave-para-dominar-facilmente-la-compra-de-escritorios-de-oficina\/\" tabindex=\"-1\" ><div class=\"elementor-post__thumbnail\"><img fetchpriority=\"high\" decoding=\"async\" width=\"300\" height=\"300\" src=\"https:\/\/siwaresfurniture.com\/wp-content\/uploads\/2024\/02\/Samplicity-Executive-Desk-300x300.jpg\" class=\"attachment-medium size-medium wp-image-2428\" alt=\"\" srcset=\"https:\/\/siwaresfurniture.com\/wp-content\/uploads\/2024\/02\/Samplicity-Executive-Desk-300x300.jpg 300w, https:\/\/siwaresfurniture.com\/wp-content\/uploads\/2024\/02\/Samplicity-Executive-Desk-150x150.jpg 150w, https:\/\/siwaresfurniture.com\/wp-content\/uploads\/2024\/02\/Samplicity-Executive-Desk-768x768.jpg 768w, https:\/\/siwaresfurniture.com\/wp-content\/uploads\/2024\/02\/Samplicity-Executive-Desk-12x12.jpg 12w, https:\/\/siwaresfurniture.com\/wp-content\/uploads\/2024\/02\/Samplicity-Executive-Desk-400x400.jpg 400w, https:\/\/siwaresfurniture.com\/wp-content\/uploads\/2024\/02\/Samplicity-Executive-Desk-100x100.jpg 100w, https:\/\/siwaresfurniture.com\/wp-content\/uploads\/2024\/02\/Samplicity-Executive-Desk.jpg 800w\" sizes=\"(max-width: 300px) 100vw, 300px\" \/><\/div><\/a>\n\t\t\t\t<div class=\"elementor-post__badge\">Sin categor\u00eda<\/div>\n\t\t\t\t<div class=\"elementor-post__avatar\">\n\t\t\t\t\t<\/div>\n\t\t\t\t<div class=\"elementor-post__text\">\n\t\t\t\t<h3 class=\"elementor-post__title\">\n\t\t\t<a href=\"https:\/\/siwaresfurniture.com\/es\/cinco-puntos-clave-para-dominar-facilmente-la-compra-de-escritorios-de-oficina\/\" >\n\t\t\t\tCinco puntos clave para dominar f\u00e1cilmente la compra de escritorios de oficina\t\t\t<\/a>\n\t\t<\/h3>\n\t\t\t\t<div class=\"elementor-post__excerpt\">\n\t\t\t<p>Un escritorio es un mueble de oficina esencial, y adquirir un escritorio adecuado y seguro es importante para los empleados y desempe\u00f1a un papel crucial en la imagen de la empresa. Entonces, \u00bfcu\u00e1les son los aspectos a los que hay que prestar atenci\u00f3n a la hora de elegir un escritorio? 1. Tama\u00f1o y espacio: En primer lugar, tenga en cuenta el tama\u00f1o del espacio de la oficina, mida<\/p>\n\t\t<\/div>\n\t\t\n\t\t<a class=\"elementor-post__read-more\" href=\"https:\/\/siwaresfurniture.com\/es\/cinco-puntos-clave-para-dominar-facilmente-la-compra-de-escritorios-de-oficina\/\" aria-label=\"M\u00e1s informaci\u00f3n sobre Five key points to easily master office desk purchasing skills!\" tabindex=\"-1\" >\n\t\t\tLeer M\u00e1s \"\t\t<\/a>\n\n\t\t\t\t<\/div>\n\t\t\t\t<div class=\"elementor-post__meta-data\">\n\t\t\t\t\t<span class=\"elementor-post-date\">\n\t\t\t28 de febrero de 2024\t\t<\/span>\n\t\t\t\t<span class=\"elementor-post-avatar\">\n\t\t\tNo hay comentarios\t\t<\/span>\n\t\t\t\t<\/div>\n\t\t\t\t\t<\/div>\n\t\t<\/article>\n\t\t\t\t<article class=\"elementor-post elementor-grid-item post-1582 post type-post status-publish format-standard has-post-thumbnail hentry category-uncategorized\">\n\t\t\t<div class=\"elementor-post__card\">\n\t\t\t\t<a class=\"elementor-post__thumbnail__link\" href=\"https:\/\/siwaresfurniture.com\/es\/ejemplos-de-articulos-03-2\/\" tabindex=\"-1\" ><div class=\"elementor-post__thumbnail\"><img decoding=\"async\" width=\"300\" height=\"261\" src=\"https:\/\/siwaresfurniture.com\/wp-content\/uploads\/2023\/11\/12-2-300x261.jpg\" class=\"attachment-medium size-medium wp-image-2633\" alt=\"\" srcset=\"https:\/\/siwaresfurniture.com\/wp-content\/uploads\/2023\/11\/12-2-300x261.jpg 300w, https:\/\/siwaresfurniture.com\/wp-content\/uploads\/2023\/11\/12-2-1024x890.jpg 1024w, https:\/\/siwaresfurniture.com\/wp-content\/uploads\/2023\/11\/12-2-768x668.jpg 768w, https:\/\/siwaresfurniture.com\/wp-content\/uploads\/2023\/11\/12-2-1536x1335.jpg 1536w, https:\/\/siwaresfurniture.com\/wp-content\/uploads\/2023\/11\/12-2-2048x1780.jpg 2048w, https:\/\/siwaresfurniture.com\/wp-content\/uploads\/2023\/11\/12-2-14x12.jpg 14w, https:\/\/siwaresfurniture.com\/wp-content\/uploads\/2023\/11\/12-2-400x348.jpg 400w\" sizes=\"(max-width: 300px) 100vw, 300px\" \/><\/div><\/a>\n\t\t\t\t<div class=\"elementor-post__badge\">Sin categor\u00eda<\/div>\n\t\t\t\t<div class=\"elementor-post__avatar\">\n\t\t\t\t\t<\/div>\n\t\t\t\t<div class=\"elementor-post__text\">\n\t\t\t\t<h3 class=\"elementor-post__title\">\n\t\t\t<a href=\"https:\/\/siwaresfurniture.com\/es\/ejemplos-de-articulos-03-2\/\" >\n\t\t\t\t\u00bfPor qu\u00e9 cada vez m\u00e1s gente elige sillas ergon\u00f3micas?\t\t\t<\/a>\n\t\t<\/h3>\n\t\t\t\t<div class=\"elementor-post__excerpt\">\n\t\t\t<p>Las sillas ergon\u00f3micas prestan m\u00e1s atenci\u00f3n a la columna vertebral humana y al apoyo integral, y su dise\u00f1o suele tener en cuenta las necesidades de la estructura humana y el uso a largo plazo. Tienen otras funciones adicionales, como dise\u00f1o ergon\u00f3mico, ajustabilidad y durabilidad. \u2460 Apoyo humano integral: Las sillas ergon\u00f3micas suelen centrarse en el apoyo humano integral, incluyendo la columna vertebral, el cuello,<\/p>\n\t\t<\/div>\n\t\t\n\t\t<a class=\"elementor-post__read-more\" href=\"https:\/\/siwaresfurniture.com\/es\/ejemplos-de-articulos-03-2\/\" aria-label=\"M\u00e1s informaci\u00f3n sobre Why are more and more people choosing ergonomic chairs?\" tabindex=\"-1\" >\n\t\t\tLeer M\u00e1s \"\t\t<\/a>\n\n\t\t\t\t<\/div>\n\t\t\t\t<div class=\"elementor-post__meta-data\">\n\t\t\t\t\t<span class=\"elementor-post-date\">\n\t\t\t27 de noviembre de 2023\t\t<\/span>\n\t\t\t\t<span class=\"elementor-post-avatar\">\n\t\t\tNo hay comentarios\t\t<\/span>\n\t\t\t\t<\/div>\n\t\t\t\t\t<\/div>\n\t\t<\/article>\n\t\t\t\t<article class=\"elementor-post elementor-grid-item post-1580 post type-post status-publish format-standard has-post-thumbnail hentry category-uncategorized\">\n\t\t\t<div class=\"elementor-post__card\">\n\t\t\t\t<a class=\"elementor-post__thumbnail__link\" href=\"https:\/\/siwaresfurniture.com\/es\/ejemplos-de-articulos-02\/\" tabindex=\"-1\" ><div class=\"elementor-post__thumbnail\"><img decoding=\"async\" width=\"300\" height=\"300\" src=\"https:\/\/siwaresfurniture.com\/wp-content\/uploads\/2023\/11\/4-1-300x300.jpg\" class=\"attachment-medium size-medium wp-image-1518\" alt=\"\" srcset=\"https:\/\/siwaresfurniture.com\/wp-content\/uploads\/2023\/11\/4-1-300x300.jpg 300w, https:\/\/siwaresfurniture.com\/wp-content\/uploads\/2023\/11\/4-1-100x100.jpg 100w, https:\/\/siwaresfurniture.com\/wp-content\/uploads\/2023\/11\/4-1-400x400.jpg 400w, https:\/\/siwaresfurniture.com\/wp-content\/uploads\/2023\/11\/4-1-150x150.jpg 150w, https:\/\/siwaresfurniture.com\/wp-content\/uploads\/2023\/11\/4-1-768x768.jpg 768w, https:\/\/siwaresfurniture.com\/wp-content\/uploads\/2023\/11\/4-1.jpg 800w\" sizes=\"(max-width: 300px) 100vw, 300px\" \/><\/div><\/a>\n\t\t\t\t<div class=\"elementor-post__badge\">Sin categor\u00eda<\/div>\n\t\t\t\t<div class=\"elementor-post__avatar\">\n\t\t\t\t\t<\/div>\n\t\t\t\t<div class=\"elementor-post__text\">\n\t\t\t\t<h3 class=\"elementor-post__title\">\n\t\t\t<a href=\"https:\/\/siwaresfurniture.com\/es\/ejemplos-de-articulos-02\/\" >\n\t\t\t\t\u00bfEs necesario comprar una silla ergon\u00f3mica despu\u00e9s de pasar mucho tiempo sentado en la oficina?\t\t\t<\/a>\n\t\t<\/h3>\n\t\t\t\t<div class=\"elementor-post__excerpt\">\n\t\t\t<p>En primer lugar, puedo decirle claramente que si pasa mucho tiempo sentado, la compra de una silla ergon\u00f3mica es sin duda \u00fatil desde el punto de vista de la salud y, de hecho, puede aliviar la fatiga causada por estar sentado durante mucho tiempo. Las sillas ergon\u00f3micas pueden aliviar la fatiga causada por estar sentado durante mucho tiempo desde m\u00faltiples dimensiones: 1. Ajuste del reposacabezas: Ajuste de la altura y el \u00e1ngulo<\/p>\n\t\t<\/div>\n\t\t\n\t\t<a class=\"elementor-post__read-more\" href=\"https:\/\/siwaresfurniture.com\/es\/ejemplos-de-articulos-02\/\" aria-label=\"M\u00e1s informaci\u00f3n sobre Is it necessary to buy an ergonomic chair after sitting for a long time in the office?\" tabindex=\"-1\" >\n\t\t\tLeer M\u00e1s \"\t\t<\/a>\n\n\t\t\t\t<\/div>\n\t\t\t\t<div class=\"elementor-post__meta-data\">\n\t\t\t\t\t<span class=\"elementor-post-date\">\n\t\t\t27 de noviembre de 2023\t\t<\/span>\n\t\t\t\t<span class=\"elementor-post-avatar\">\n\t\t\tNo hay comentarios\t\t<\/span>\n\t\t\t\t<\/div>\n\t\t\t\t\t<\/div>\n\t\t<\/article>\n\t\t\t\t<article class=\"elementor-post elementor-grid-item post-1577 post type-post status-publish format-standard has-post-thumbnail hentry category-uncategorized\">\n\t\t\t<div class=\"elementor-post__card\">\n\t\t\t\t<a class=\"elementor-post__thumbnail__link\" href=\"https:\/\/siwaresfurniture.com\/es\/ejemplos-de-articulos\/\" tabindex=\"-1\" ><div class=\"elementor-post__thumbnail\"><img loading=\"lazy\" decoding=\"async\" width=\"300\" height=\"300\" src=\"https:\/\/siwaresfurniture.com\/wp-content\/uploads\/2023\/11\/3-1-300x300.jpg\" class=\"attachment-medium size-medium wp-image-1516\" alt=\"\" srcset=\"https:\/\/siwaresfurniture.com\/wp-content\/uploads\/2023\/11\/3-1-300x300.jpg 300w, https:\/\/siwaresfurniture.com\/wp-content\/uploads\/2023\/11\/3-1-100x100.jpg 100w, https:\/\/siwaresfurniture.com\/wp-content\/uploads\/2023\/11\/elementor\/thumbs\/3-1-qlgl5sui4986x8brv0cxvc8ioz5w3y7p77xvef8eqo.jpg 400w, https:\/\/siwaresfurniture.com\/wp-content\/uploads\/2023\/11\/3-1-150x150.jpg 150w, https:\/\/siwaresfurniture.com\/wp-content\/uploads\/2023\/11\/3-1-768x768.jpg 768w, https:\/\/siwaresfurniture.com\/wp-content\/uploads\/2023\/11\/3-1.jpg 800w\" sizes=\"(max-width: 300px) 100vw, 300px\" \/><\/div><\/a>\n\t\t\t\t<div class=\"elementor-post__badge\">Sin categor\u00eda<\/div>\n\t\t\t\t<div class=\"elementor-post__avatar\">\n\t\t\t\t\t<\/div>\n\t\t\t\t<div class=\"elementor-post__text\">\n\t\t\t\t<h3 class=\"elementor-post__title\">\n\t\t\t<a href=\"https:\/\/siwaresfurniture.com\/es\/ejemplos-de-articulos\/\" >\n\t\t\t\tTodas las buenas sillas ergon\u00f3micas tienen estas caracter\u00edsticas\t\t\t<\/a>\n\t\t<\/h3>\n\t\t\t\t<div class=\"elementor-post__excerpt\">\n\t\t\t<p>Se denomina silla ergon\u00f3mica a cualquier silla dise\u00f1ada para apoyar mejor el cuerpo en la postura correcta, la salud y la comodidad. Hay algunas caracter\u00edsticas que pueden demostrar que la silla se ajusta a la ergonom\u00eda. Estas caracter\u00edsticas incluyen la altura adecuada, la anchura del asiento, el apoyo lumbar, el respaldo, los reposabrazos, los reposacabezas, las ruedas y el dise\u00f1o del material de la silla. Las caracter\u00edsticas que una buena<\/p>\n\t\t<\/div>\n\t\t\n\t\t<a class=\"elementor-post__read-more\" href=\"https:\/\/siwaresfurniture.com\/es\/ejemplos-de-articulos\/\" aria-label=\"M\u00e1s informaci\u00f3n sobre Good ergonomic chairs all have these characteristics\" tabindex=\"-1\" >\n\t\t\tLeer M\u00e1s \"\t\t<\/a>\n\n\t\t\t\t<\/div>\n\t\t\t\t<div class=\"elementor-post__meta-data\">\n\t\t\t\t\t<span class=\"elementor-post-date\">\n\t\t\t27 de noviembre de 2023\t\t<\/span>\n\t\t\t\t<span class=\"elementor-post-avatar\">\n\t\t\tNo hay comentarios\t\t<\/span>\n\t\t\t\t<\/div>\n\t\t\t\t\t<\/div>\n\t\t<\/article>\n\t\t\t\t<\/div>\n\t\t\n\t\t\t\t\t\t<\/div>\n\t\t\t\t<\/div>\n\t\t\t\t\t<\/div>\n\t\t\t\t<\/div>\n\t\t\t\t<\/div>","protected":false},"excerpt":{"rendered":"<p>BLOGE \u8fd9\u662f\u6d4b\u8bd5\u6587\u672c\uff0c\u5355\u51fb \"\u7f16\u8f91\" \u6309\u94ae\u66f4\u6539\u6b64\u6587\u672c\u3002<\/p>","protected":false},"author":1,"featured_media":0,"parent":0,"menu_order":0,"comment_status":"closed","ping_status":"closed","template":"","meta":{"site-sidebar-layout":"no-sidebar","site-content-layout":"page-builder","ast-site-content-layout":"full-width-container","site-content-style":"default","site-sidebar-style":"default","ast-global-header-display":"","ast-banner-title-visibility":"","ast-main-header-display":"","ast-hfb-above-header-display":"","ast-hfb-below-header-display":"","ast-hfb-mobile-header-display":"","site-post-title":"disabled","ast-breadcrumbs-content":"","ast-featured-img":"disabled","footer-sml-layout":"","ast-disable-related-posts":"","theme-transparent-header-meta":"","adv-header-id-meta":"","stick-header-meta":"","header-above-stick-meta":"","header-main-stick-meta":"","header-below-stick-meta":"","astra-migrate-meta-layouts":"set","ast-page-background-enabled":"default","ast-page-background-meta":{"desktop":{"background-color":"var(--ast-global-color-4)","background-image":"","background-repeat":"repeat","background-position":"center center","background-size":"auto","background-attachment":"scroll","background-type":"","background-media":"","overlay-type":"","overlay-color":"","overlay-opacity":"","overlay-gradient":""},"tablet":{"background-color":"","background-image":"","background-repeat":"repeat","background-position":"center center","background-size":"auto","background-attachment":"scroll","background-type":"","background-media":"","overlay-type":"","overlay-color":"","overlay-opacity":"","overlay-gradient":""},"mobile":{"background-color":"","background-image":"","background-repeat":"repeat","background-position":"center center","background-size":"auto","background-attachment":"scroll","background-type":"","background-media":"","overlay-type":"","overlay-color":"","overlay-opacity":"","overlay-gradient":""}},"ast-content-background-meta":{"desktop":{"background-color":"var(--ast-global-color-5)","background-image":"","background-repeat":"repeat","background-position":"center center","background-size":"auto","background-attachment":"scroll","background-type":"","background-media":"","overlay-type":"","overlay-color":"","overlay-opacity":"","overlay-gradient":""},"tablet":{"background-color":"var(--ast-global-color-5)","background-image":"","background-repeat":"repeat","background-position":"center center","background-size":"auto","background-attachment":"scroll","background-type":"","background-media":"","overlay-type":"","overlay-color":"","overlay-opacity":"","overlay-gradient":""},"mobile":{"background-color":"var(--ast-global-color-5)","background-image":"","background-repeat":"repeat","background-position":"center center","background-size":"auto","background-attachment":"scroll","background-type":"","background-media":"","overlay-type":"","overlay-color":"","overlay-opacity":"","overlay-gradient":""}},"footnotes":""},"class_list":["post-1564","page","type-page","status-publish","hentry"],"aioseo_notices":[],"_links":{"self":[{"href":"https:\/\/siwaresfurniture.com\/es\/wp-json\/wp\/v2\/pages\/1564","targetHints":{"allow":["GET"]}}],"collection":[{"href":"https:\/\/siwaresfurniture.com\/es\/wp-json\/wp\/v2\/pages"}],"about":[{"href":"https:\/\/siwaresfurniture.com\/es\/wp-json\/wp\/v2\/types\/page"}],"author":[{"embeddable":true,"href":"https:\/\/siwaresfurniture.com\/es\/wp-json\/wp\/v2\/users\/1"}],"replies":[{"embeddable":true,"href":"https:\/\/siwaresfurniture.com\/es\/wp-json\/wp\/v2\/comments?post=1564"}],"version-history":[{"count":3,"href":"https:\/\/siwaresfurniture.com\/es\/wp-json\/wp\/v2\/pages\/1564\/revisions"}],"predecessor-version":[{"id":3303,"href":"https:\/\/siwaresfurniture.com\/es\/wp-json\/wp\/v2\/pages\/1564\/revisions\/3303"}],"wp:attachment":[{"href":"https:\/\/siwaresfurniture.com\/es\/wp-json\/wp\/v2\/media?parent=1564"}],"curies":[{"name":"wp","href":"https:\/\/api.w.org\/{rel}","templated":true}]}}