{"id":1976,"date":"2023-12-11T04:11:51","date_gmt":"2023-12-11T04:11:51","guid":{"rendered":"http:\/\/siwaresfurniture.com\/?page_id=1976"},"modified":"2023-12-18T07:58:44","modified_gmt":"2023-12-18T07:58:44","slug":"sit-map","status":"publish","type":"page","link":"https:\/\/siwaresfurniture.com\/es\/sit-map\/","title":{"rendered":"Mapa de Sit"},"content":{"rendered":"<div data-elementor-type=\"wp-page\" data-elementor-id=\"1976\" class=\"elementor elementor-1976\" data-elementor-post-type=\"page\">\n\t\t\t\t<div class=\"elementor-element elementor-element-9f5cfe0 e-flex e-con-boxed e-con e-parent\" data-id=\"9f5cfe0\" data-element_type=\"container\">\n\t\t\t\t\t<div class=\"e-con-inner\">\n\t\t\t\t<div class=\"elementor-element elementor-element-1472024 elementor-widget elementor-widget-sitemap\" data-id=\"1472024\" data-element_type=\"widget\" data-widget_type=\"sitemap.default\">\n\t\t\t\t<div class=\"elementor-widget-container\">\n\t\t\t\t\t<div class=\"elementor-sitemap-wrap\"><div class=\"elementor-sitemap-section\"><h4 class=\"elementor-sitemap-title elementor-sitemap-page-title\">P\u00e1ginas<\/h4><ul class=\"elementor-sitemap-list elementor-sitemap-page-list\"><li class=\"elementor-sitemap-item elementor-sitemap-item-page page_item page-item-4257 menu-item\"><a href=\"https:\/\/siwaresfurniture.com\/es\/home-english\/\" class=\"elementor-sitemap-item elementor-sitemap-item-page menu-link\">Inicio - Espa\u00f1ol<\/a><\/li><li class=\"elementor-sitemap-item elementor-sitemap-item-page page_item page-item-1988 menu-item\"><a href=\"https:\/\/siwaresfurniture.com\/es\/caso\/\" class=\"elementor-sitemap-item elementor-sitemap-item-page menu-link\">Caso<\/a><\/li><li class=\"elementor-sitemap-item elementor-sitemap-item-page page_item page-item-1564 menu-item\"><a href=\"https:\/\/siwaresfurniture.com\/es\/blog\/\" class=\"elementor-sitemap-item elementor-sitemap-item-page menu-link\">BLOG<\/a><\/li><li class=\"elementor-sitemap-item elementor-sitemap-item-page page_item page-item-1548 menu-item\"><a href=\"https:\/\/siwaresfurniture.com\/es\/video\/\" class=\"elementor-sitemap-item elementor-sitemap-item-page menu-link\">V\u00cdDEO<\/a><\/li><li class=\"elementor-sitemap-item elementor-sitemap-item-page page_item page-item-357 menu-item\"><a href=\"https:\/\/siwaresfurniture.com\/es\/pongase-en-contacto-con\/\" class=\"elementor-sitemap-item elementor-sitemap-item-page menu-link\">P\u00f3ngase en contacto con<\/a><\/li><li class=\"elementor-sitemap-item elementor-sitemap-item-page page_item page-item-252 menu-item\"><a href=\"https:\/\/siwaresfurniture.com\/es\/acerca-de\/\" class=\"elementor-sitemap-item elementor-sitemap-item-page menu-link\">Acerca de<\/a><\/li><li class=\"elementor-sitemap-item elementor-sitemap-item-page page_item page-item-25 menu-item\"><a href=\"https:\/\/siwaresfurniture.com\/es\/\" class=\"elementor-sitemap-item elementor-sitemap-item-page menu-link\">Inicio<\/a><\/li><li class=\"elementor-sitemap-item elementor-sitemap-item-page page_item page-item-10 menu-item\"><a href=\"https:\/\/siwaresfurniture.com\/es\/shop\/\" class=\"elementor-sitemap-item elementor-sitemap-item-page menu-link\">Tienda<\/a><\/li><\/ul><\/div><div class=\"elementor-sitemap-section\"><h4 class=\"elementor-sitemap-title elementor-sitemap-product_cat-title\">Categor\u00edas<\/h4><ul class=\"elementor-sitemap-list elementor-sitemap-product_cat-list\">\t<li class=\"elementor-sitemap-item elementor-sitemap-item-product_cat cat-item cat-item-22\"><a href=\"https:\/\/siwaresfurniture.com\/es\/categoria-producto\/sin-categoria\/\">Sin categor\u00eda<\/a>\n<\/li>\n\t<li class=\"elementor-sitemap-item elementor-sitemap-item-product_cat cat-item cat-item-59\"><a href=\"https:\/\/siwaresfurniture.com\/es\/categoria-producto\/super-office-pods\/\">Superoficinas<\/a>\n<\/li>\n\t<li class=\"elementor-sitemap-item elementor-sitemap-item-product_cat cat-item cat-item-98\"><a href=\"https:\/\/siwaresfurniture.com\/es\/categoria-producto\/mobiliario-escolar\/\">Mobiliario escolar<\/a>\n<\/li>\n\t<li class=\"elementor-sitemap-item elementor-sitemap-item-product_cat cat-item cat-item-55\"><a href=\"https:\/\/siwaresfurniture.com\/es\/categoria-producto\/mesa-de-oficina\/\">Mesa de despacho<\/a>\n<ul class='children'>\n\t<li class=\"elementor-sitemap-item elementor-sitemap-item-product_cat cat-item cat-item-66\"><a href=\"https:\/\/siwaresfurniture.com\/es\/categoria-producto\/mesa-de-oficina\/staff-desk\/\">Escritorio del personal<\/a>\n<\/li>\n\t<li class=\"elementor-sitemap-item elementor-sitemap-item-product_cat cat-item cat-item-64\"><a href=\"https:\/\/siwaresfurniture.com\/es\/categoria-producto\/mesa-de-oficina\/conference-desk\/\">Mostrador de conferencias<\/a>\n<\/li>\n\t<li class=\"elementor-sitemap-item elementor-sitemap-item-product_cat cat-item cat-item-65\"><a href=\"https:\/\/siwaresfurniture.com\/es\/categoria-producto\/mesa-de-oficina\/boss-desk\/\">Jefe Escritorio<\/a>\n<\/li>\n<\/ul>\n<\/li>\n\t<li class=\"elementor-sitemap-item elementor-sitemap-item-product_cat cat-item cat-item-56\"><a href=\"https:\/\/siwaresfurniture.com\/es\/categoria-producto\/sofa-de-oficina\/\">Sof\u00e1 de oficina<\/a>\n<\/li>\n\t<li class=\"elementor-sitemap-item elementor-sitemap-item-product_cat cat-item cat-item-54\"><a href=\"https:\/\/siwaresfurniture.com\/es\/categoria-producto\/silla-de-oficina\/\">Silla de oficina<\/a>\n<\/li>\n\t<li class=\"elementor-sitemap-item elementor-sitemap-item-product_cat cat-item cat-item-57\"><a href=\"https:\/\/siwaresfurniture.com\/es\/categoria-producto\/archivador\/\">Archivador<\/a>\n<\/li>\n\t<li class=\"elementor-sitemap-item elementor-sitemap-item-product_cat cat-item cat-item-97\"><a href=\"https:\/\/siwaresfurniture.com\/es\/categoria-producto\/mesa-ajustable\/\">Mesa ajustable<\/a>\n<\/li>\n<\/ul><\/div><div class=\"elementor-sitemap-section\"><h4 class=\"elementor-sitemap-title elementor-sitemap-post-title\">BOLG<\/h4><ul class=\"elementor-sitemap-list elementor-sitemap-post-list\"><li class=\"elementor-sitemap-item elementor-sitemap-item-post page_item page-item-4297 menu-item\"><a href=\"https:\/\/siwaresfurniture.com\/es\/se-presenta-la-silla-sirena\/\" class=\"elementor-sitemap-item elementor-sitemap-item-post menu-link\">Desvelada la Silla Sirena<\/a><\/li><li class=\"elementor-sitemap-item elementor-sitemap-item-post page_item page-item-2635 menu-item\"><a href=\"https:\/\/siwaresfurniture.com\/es\/cinco-puntos-clave-para-dominar-facilmente-la-compra-de-escritorios-de-oficina\/\" class=\"elementor-sitemap-item elementor-sitemap-item-post menu-link\">Cinco puntos clave para dominar f\u00e1cilmente la compra de escritorios de oficina<\/a><\/li><li class=\"elementor-sitemap-item elementor-sitemap-item-post page_item page-item-1582 menu-item\"><a href=\"https:\/\/siwaresfurniture.com\/es\/ejemplos-de-articulos-03-2\/\" class=\"elementor-sitemap-item elementor-sitemap-item-post menu-link\">\u00bfPor qu\u00e9 cada vez m\u00e1s gente elige sillas ergon\u00f3micas?<\/a><\/li><li class=\"elementor-sitemap-item elementor-sitemap-item-post page_item page-item-1580 menu-item\"><a href=\"https:\/\/siwaresfurniture.com\/es\/ejemplos-de-articulos-02\/\" class=\"elementor-sitemap-item elementor-sitemap-item-post menu-link\">\u00bfEs necesario comprar una silla ergon\u00f3mica despu\u00e9s de pasar mucho tiempo sentado en la oficina?<\/a><\/li><li class=\"elementor-sitemap-item elementor-sitemap-item-post page_item page-item-1577 menu-item\"><a href=\"https:\/\/siwaresfurniture.com\/es\/ejemplos-de-articulos\/\" class=\"elementor-sitemap-item elementor-sitemap-item-post menu-link\">Todas las buenas sillas ergon\u00f3micas tienen estas caracter\u00edsticas<\/a><\/li><\/ul><\/div><div class=\"elementor-sitemap-section elementor-sitemap-section\"><h4 class=\"elementor-sitemap-title elementor-sitemap-post-title elementor-sitemap-title elementor-sitemap-post-title\">V\u00cdDEO<\/h4><ul class=\"elementor-sitemap-list elementor-sitemap-post-list elementor-sitemap-list elementor-sitemap-post-list\"><li class=\"elementor-sitemap-item elementor-sitemap-item-post elementor-sitemap-item elementor-sitemap-item-post page_item page-item-4297 menu-item\"><a href=\"https:\/\/siwaresfurniture.com\/es\/se-presenta-la-silla-sirena\/\" class=\"elementor-sitemap-item elementor-sitemap-item-post elementor-sitemap-item elementor-sitemap-item-post menu-link\">Desvelada la Silla Sirena<\/a><\/li><li class=\"elementor-sitemap-item elementor-sitemap-item-post elementor-sitemap-item elementor-sitemap-item-post page_item page-item-2635 menu-item\"><a href=\"https:\/\/siwaresfurniture.com\/es\/cinco-puntos-clave-para-dominar-facilmente-la-compra-de-escritorios-de-oficina\/\" class=\"elementor-sitemap-item elementor-sitemap-item-post elementor-sitemap-item elementor-sitemap-item-post menu-link\">Cinco puntos clave para dominar f\u00e1cilmente la compra de escritorios de oficina<\/a><\/li><li class=\"elementor-sitemap-item elementor-sitemap-item-post elementor-sitemap-item elementor-sitemap-item-post page_item page-item-1582 menu-item\"><a href=\"https:\/\/siwaresfurniture.com\/es\/ejemplos-de-articulos-03-2\/\" class=\"elementor-sitemap-item elementor-sitemap-item-post elementor-sitemap-item elementor-sitemap-item-post menu-link\">\u00bfPor qu\u00e9 cada vez m\u00e1s gente elige sillas ergon\u00f3micas?<\/a><\/li><li class=\"elementor-sitemap-item elementor-sitemap-item-post elementor-sitemap-item elementor-sitemap-item-post page_item page-item-1580 menu-item\"><a href=\"https:\/\/siwaresfurniture.com\/es\/ejemplos-de-articulos-02\/\" class=\"elementor-sitemap-item elementor-sitemap-item-post elementor-sitemap-item elementor-sitemap-item-post menu-link\">\u00bfEs necesario comprar una silla ergon\u00f3mica despu\u00e9s de pasar mucho tiempo sentado en la oficina?<\/a><\/li><li class=\"elementor-sitemap-item elementor-sitemap-item-post elementor-sitemap-item elementor-sitemap-item-post page_item page-item-1577 menu-item\"><a href=\"https:\/\/siwaresfurniture.com\/es\/ejemplos-de-articulos\/\" class=\"elementor-sitemap-item elementor-sitemap-item-post elementor-sitemap-item elementor-sitemap-item-post menu-link\">Todas las buenas sillas ergon\u00f3micas tienen estas caracter\u00edsticas<\/a><\/li><\/ul><\/div><\/div>\t\t\t\t<\/div>\n\t\t\t\t<\/div>\n\t\t\t\t\t<\/div>\n\t\t\t\t<\/div>\n\t\t\t\t<\/div>","protected":false},"excerpt":{"rendered":"","protected":false},"author":1,"featured_media":0,"parent":0,"menu_order":0,"comment_status":"closed","ping_status":"closed","template":"","meta":{"site-sidebar-layout":"no-sidebar","site-content-layout":"page-builder","ast-site-content-layout":"full-width-container","site-content-style":"default","site-sidebar-style":"default","ast-global-header-display":"","ast-banner-title-visibility":"","ast-main-header-display":"","ast-hfb-above-header-display":"","ast-hfb-below-header-display":"","ast-hfb-mobile-header-display":"","site-post-title":"disabled","ast-breadcrumbs-content":"","ast-featured-img":"disabled","footer-sml-layout":"","theme-transparent-header-meta":"","adv-header-id-meta":"","stick-header-meta":"","header-above-stick-meta":"","header-main-stick-meta":"","header-below-stick-meta":"","astra-migrate-meta-layouts":"set","ast-page-background-enabled":"default","ast-page-background-meta":{"desktop":{"background-color":"var(--ast-global-color-4)","background-image":"","background-repeat":"repeat","background-position":"center center","background-size":"auto","background-attachment":"scroll","background-type":"","background-media":"","overlay-type":"","overlay-color":"","overlay-opacity":"","overlay-gradient":""},"tablet":{"background-color":"","background-image":"","background-repeat":"repeat","background-position":"center center","background-size":"auto","background-attachment":"scroll","background-type":"","background-media":"","overlay-type":"","overlay-color":"","overlay-opacity":"","overlay-gradient":""},"mobile":{"background-color":"","background-image":"","background-repeat":"repeat","background-position":"center center","background-size":"auto","background-attachment":"scroll","background-type":"","background-media":"","overlay-type":"","overlay-color":"","overlay-opacity":"","overlay-gradient":""}},"ast-content-background-meta":{"desktop":{"background-color":"var(--ast-global-color-5)","background-image":"","background-repeat":"repeat","background-position":"center center","background-size":"auto","background-attachment":"scroll","background-type":"","background-media":"","overlay-type":"","overlay-color":"","overlay-opacity":"","overlay-gradient":""},"tablet":{"background-color":"var(--ast-global-color-5)","background-image":"","background-repeat":"repeat","background-position":"center center","background-size":"auto","background-attachment":"scroll","background-type":"","background-media":"","overlay-type":"","overlay-color":"","overlay-opacity":"","overlay-gradient":""},"mobile":{"background-color":"var(--ast-global-color-5)","background-image":"","background-repeat":"repeat","background-position":"center center","background-size":"auto","background-attachment":"scroll","background-type":"","background-media":"","overlay-type":"","overlay-color":"","overlay-opacity":"","overlay-gradient":""}},"footnotes":""},"class_list":["post-1976","page","type-page","status-publish","hentry"],"aioseo_notices":[],"_links":{"self":[{"href":"https:\/\/siwaresfurniture.com\/es\/wp-json\/wp\/v2\/pages\/1976","targetHints":{"allow":["GET"]}}],"collection":[{"href":"https:\/\/siwaresfurniture.com\/es\/wp-json\/wp\/v2\/pages"}],"about":[{"href":"https:\/\/siwaresfurniture.com\/es\/wp-json\/wp\/v2\/types\/page"}],"author":[{"embeddable":true,"href":"https:\/\/siwaresfurniture.com\/es\/wp-json\/wp\/v2\/users\/1"}],"replies":[{"embeddable":true,"href":"https:\/\/siwaresfurniture.com\/es\/wp-json\/wp\/v2\/comments?post=1976"}],"version-history":[{"count":0,"href":"https:\/\/siwaresfurniture.com\/es\/wp-json\/wp\/v2\/pages\/1976\/revisions"}],"wp:attachment":[{"href":"https:\/\/siwaresfurniture.com\/es\/wp-json\/wp\/v2\/media?parent=1976"}],"curies":[{"name":"wp","href":"https:\/\/api.w.org\/{rel}","templated":true}]}}