{"id":3402,"date":"2024-03-20T08:05:22","date_gmt":"2024-03-20T08:05:22","guid":{"rendered":"https:\/\/siwaresfurniture.com\/?post_type=product&#038;p=3402"},"modified":"2024-03-20T08:18:05","modified_gmt":"2024-03-20T08:18:05","slug":"filing-cabinet-bookshelf-6","status":"publish","type":"product","link":"https:\/\/siwaresfurniture.com\/es\/producto\/archivador-estanteria-6-2\/","title":{"rendered":"Archivador\/estanter\u00eda"},"content":{"rendered":"<p><img fetchpriority=\"high\" decoding=\"async\" class=\"alignnone size-full wp-image-3403 aligncenter\" src=\"https:\/\/siwaresfurniture.com\/wp-content\/uploads\/2024\/03\/\u6587\u4ef6\u67dc_01-4.jpg\" alt=\"\" width=\"750\" height=\"1126\" srcset=\"https:\/\/siwaresfurniture.com\/wp-content\/uploads\/2024\/03\/\u6587\u4ef6\u67dc_01-4.jpg 750w, https:\/\/siwaresfurniture.com\/wp-content\/uploads\/2024\/03\/\u6587\u4ef6\u67dc_01-4-200x300.jpg 200w, https:\/\/siwaresfurniture.com\/wp-content\/uploads\/2024\/03\/\u6587\u4ef6\u67dc_01-4-682x1024.jpg 682w, https:\/\/siwaresfurniture.com\/wp-content\/uploads\/2024\/03\/\u6587\u4ef6\u67dc_01-4-8x12.jpg 8w, https:\/\/siwaresfurniture.com\/wp-content\/uploads\/2024\/03\/\u6587\u4ef6\u67dc_01-4-400x601.jpg 400w\" sizes=\"(max-width: 750px) 100vw, 750px\" \/> <img decoding=\"async\" class=\"alignnone size-full wp-image-3404 aligncenter\" src=\"https:\/\/siwaresfurniture.com\/wp-content\/uploads\/2024\/03\/\u6587\u4ef6\u67dc_02-5.jpg\" alt=\"\" width=\"750\" height=\"827\" srcset=\"https:\/\/siwaresfurniture.com\/wp-content\/uploads\/2024\/03\/\u6587\u4ef6\u67dc_02-5.jpg 750w, https:\/\/siwaresfurniture.com\/wp-content\/uploads\/2024\/03\/\u6587\u4ef6\u67dc_02-5-272x300.jpg 272w, https:\/\/siwaresfurniture.com\/wp-content\/uploads\/2024\/03\/\u6587\u4ef6\u67dc_02-5-11x12.jpg 11w, https:\/\/siwaresfurniture.com\/wp-content\/uploads\/2024\/03\/\u6587\u4ef6\u67dc_02-5-400x441.jpg 400w\" sizes=\"(max-width: 750px) 100vw, 750px\" \/> <img decoding=\"async\" class=\"alignnone size-full wp-image-3405 aligncenter\" src=\"https:\/\/siwaresfurniture.com\/wp-content\/uploads\/2024\/03\/\u6587\u4ef6\u67dc_03-5.jpg\" alt=\"\" width=\"750\" height=\"893\" srcset=\"https:\/\/siwaresfurniture.com\/wp-content\/uploads\/2024\/03\/\u6587\u4ef6\u67dc_03-5.jpg 750w, https:\/\/siwaresfurniture.com\/wp-content\/uploads\/2024\/03\/\u6587\u4ef6\u67dc_03-5-252x300.jpg 252w, https:\/\/siwaresfurniture.com\/wp-content\/uploads\/2024\/03\/\u6587\u4ef6\u67dc_03-5-10x12.jpg 10w, https:\/\/siwaresfurniture.com\/wp-content\/uploads\/2024\/03\/\u6587\u4ef6\u67dc_03-5-400x476.jpg 400w\" sizes=\"(max-width: 750px) 100vw, 750px\" \/> <img loading=\"lazy\" decoding=\"async\" class=\"alignnone size-full wp-image-3406 aligncenter\" src=\"https:\/\/siwaresfurniture.com\/wp-content\/uploads\/2024\/03\/\u6587\u4ef6\u67dc_04-5.jpg\" alt=\"\" width=\"750\" height=\"1126\" srcset=\"https:\/\/siwaresfurniture.com\/wp-content\/uploads\/2024\/03\/\u6587\u4ef6\u67dc_04-5.jpg 750w, https:\/\/siwaresfurniture.com\/wp-content\/uploads\/2024\/03\/\u6587\u4ef6\u67dc_04-5-200x300.jpg 200w, https:\/\/siwaresfurniture.com\/wp-content\/uploads\/2024\/03\/\u6587\u4ef6\u67dc_04-5-682x1024.jpg 682w, https:\/\/siwaresfurniture.com\/wp-content\/uploads\/2024\/03\/\u6587\u4ef6\u67dc_04-5-8x12.jpg 8w, https:\/\/siwaresfurniture.com\/wp-content\/uploads\/2024\/03\/\u6587\u4ef6\u67dc_04-5-400x601.jpg 400w\" sizes=\"(max-width: 750px) 100vw, 750px\" \/> <img loading=\"lazy\" decoding=\"async\" class=\"alignnone size-full wp-image-3407 aligncenter\" src=\"https:\/\/siwaresfurniture.com\/wp-content\/uploads\/2024\/03\/\u6587\u4ef6\u67dc_05-5.jpg\" alt=\"\" width=\"750\" height=\"725\" srcset=\"https:\/\/siwaresfurniture.com\/wp-content\/uploads\/2024\/03\/\u6587\u4ef6\u67dc_05-5.jpg 750w, https:\/\/siwaresfurniture.com\/wp-content\/uploads\/2024\/03\/\u6587\u4ef6\u67dc_05-5-300x290.jpg 300w, https:\/\/siwaresfurniture.com\/wp-content\/uploads\/2024\/03\/\u6587\u4ef6\u67dc_05-5-12x12.jpg 12w, https:\/\/siwaresfurniture.com\/wp-content\/uploads\/2024\/03\/\u6587\u4ef6\u67dc_05-5-400x387.jpg 400w\" sizes=\"(max-width: 750px) 100vw, 750px\" \/><\/p>","protected":false},"excerpt":{"rendered":"<p><span style=\"color: #808080;\">Modelo: <\/span>S849<\/p>\n<p><span style=\"color: #808080;\">Tama\u00f1o (mm): <\/span>2400*400*2000<\/p>\n<p><span style=\"color: #808080;\">Material principal:<\/span> Panel de melamina HDF+aleaci\u00f3n de acero de alta calidad.<\/p>\n<p><span style=\"color: #808080;\">MOQ:<\/span> \u2265 1 Juegos<\/p>\n<p><span style=\"color: #808080;\">Servicio:<\/span> Garant\u00eda de 5 a\u00f1os, servicio de personalizaci\u00f3n OEM\/ODM, servicio preventa, garant\u00eda comercial, servicio posventa, etc.<\/p>","protected":false},"featured_media":3411,"template":"","meta":{"site-sidebar-layout":"default","site-content-layout":"","ast-site-content-layout":"default","site-content-style":"default","site-sidebar-style":"default","ast-global-header-display":"","ast-banner-title-visibility":"","ast-main-header-display":"","ast-hfb-above-header-display":"","ast-hfb-below-header-display":"","ast-hfb-mobile-header-display":"","site-post-title":"","ast-breadcrumbs-content":"","ast-featured-img":"","footer-sml-layout":"","ast-disable-related-posts":"","theme-transparent-header-meta":"default","adv-header-id-meta":"","stick-header-meta":"","header-above-stick-meta":"","header-main-stick-meta":"","header-below-stick-meta":"","astra-migrate-meta-layouts":"set","ast-page-background-enabled":"default","ast-page-background-meta":{"desktop":{"background-color":"var(--ast-global-color-4)","background-image":"","background-repeat":"repeat","background-position":"center center","background-size":"auto","background-attachment":"scroll","background-type":"","background-media":"","overlay-type":"","overlay-color":"","overlay-opacity":"","overlay-gradient":""},"tablet":{"background-color":"","background-image":"","background-repeat":"repeat","background-position":"center center","background-size":"auto","background-attachment":"scroll","background-type":"","background-media":"","overlay-type":"","overlay-color":"","overlay-opacity":"","overlay-gradient":""},"mobile":{"background-color":"","background-image":"","background-repeat":"repeat","background-position":"center center","background-size":"auto","background-attachment":"scroll","background-type":"","background-media":"","overlay-type":"","overlay-color":"","overlay-opacity":"","overlay-gradient":""}},"ast-content-background-meta":{"desktop":{"background-color":"var(--ast-global-color-5)","background-image":"","background-repeat":"repeat","background-position":"center center","background-size":"auto","background-attachment":"scroll","background-type":"","background-media":"","overlay-type":"","overlay-color":"","overlay-opacity":"","overlay-gradient":""},"tablet":{"background-color":"var(--ast-global-color-5)","background-image":"","background-repeat":"repeat","background-position":"center center","background-size":"auto","background-attachment":"scroll","background-type":"","background-media":"","overlay-type":"","overlay-color":"","overlay-opacity":"","overlay-gradient":""},"mobile":{"background-color":"var(--ast-global-color-5)","background-image":"","background-repeat":"repeat","background-position":"center center","background-size":"auto","background-attachment":"scroll","background-type":"","background-media":"","overlay-type":"","overlay-color":"","overlay-opacity":"","overlay-gradient":""}}},"product_brand":[],"product_cat":[57],"product_tag":[],"class_list":{"0":"post-3402","1":"product","2":"type-product","3":"status-publish","4":"has-post-thumbnail","6":"product_cat-filing-cabinet","7":"desktop-align-center","8":"tablet-align-left","9":"mobile-align-left","10":"ast-product-gallery-layout-horizontal-slider","12":"first","13":"instock","14":"shipping-taxable","15":"product-type-simple"},"aioseo_notices":[],"_links":{"self":[{"href":"https:\/\/siwaresfurniture.com\/es\/wp-json\/wp\/v2\/product\/3402","targetHints":{"allow":["GET"]}}],"collection":[{"href":"https:\/\/siwaresfurniture.com\/es\/wp-json\/wp\/v2\/product"}],"about":[{"href":"https:\/\/siwaresfurniture.com\/es\/wp-json\/wp\/v2\/types\/product"}],"version-history":[{"count":1,"href":"https:\/\/siwaresfurniture.com\/es\/wp-json\/wp\/v2\/product\/3402\/revisions"}],"predecessor-version":[{"id":3412,"href":"https:\/\/siwaresfurniture.com\/es\/wp-json\/wp\/v2\/product\/3402\/revisions\/3412"}],"wp:featuredmedia":[{"embeddable":true,"href":"https:\/\/siwaresfurniture.com\/es\/wp-json\/wp\/v2\/media\/3411"}],"wp:attachment":[{"href":"https:\/\/siwaresfurniture.com\/es\/wp-json\/wp\/v2\/media?parent=3402"}],"wp:term":[{"taxonomy":"product_brand","embeddable":true,"href":"https:\/\/siwaresfurniture.com\/es\/wp-json\/wp\/v2\/product_brand?post=3402"},{"taxonomy":"product_cat","embeddable":true,"href":"https:\/\/siwaresfurniture.com\/es\/wp-json\/wp\/v2\/product_cat?post=3402"},{"taxonomy":"product_tag","embeddable":true,"href":"https:\/\/siwaresfurniture.com\/es\/wp-json\/wp\/v2\/product_tag?post=3402"}],"curies":[{"name":"wp","href":"https:\/\/api.w.org\/{rel}","templated":true}]}}