{"id":3641,"date":"2024-03-21T07:53:53","date_gmt":"2024-03-21T07:53:53","guid":{"rendered":"https:\/\/siwaresfurniture.com\/?post_type=product&#038;p=3641"},"modified":"2024-03-21T09:00:33","modified_gmt":"2024-03-21T09:00:33","slug":"office-soundproof-phone-pod","status":"publish","type":"product","link":"https:\/\/siwaresfurniture.com\/es\/producto\/cabina-insonorizada-de-oficina\/","title":{"rendered":"Insonorizaci\u00f3n de oficinas \/Pod telef\u00f3nico"},"content":{"rendered":"<p>Estructura completa de bastidor de acero, chapa de acero exterior rociada electrost\u00e1ticamente (con paneles insonorizantes fijados en el interior), paneles insonorizantes de PET incorporados, tablero trasero y paneles de puerta de cristal de 10 mm, parte superior equipada con luces LED de tubo de techo, 86 tomas de cinco orificios con puertos USB, interruptores de detecci\u00f3n por infrarrojos y control dual manual, extractor integrado en la parte superior exterior, suelo enmoquetado T16210.<\/p>","protected":false},"excerpt":{"rendered":"<p><span style=\"color: #808080;\">Modelo: <span style=\"color: #333333;\">Pod-02<\/span><\/span><\/p>\n<p><span style=\"color: #808080;\">Tama\u00f1o (mm): <span style=\"color: #333333;\">W1600*D1300*H2250 <\/span><\/span><\/p>\n<p><span style=\"color: #808080;\">En<\/span> <span style=\"color: #808080;\">(mm)<\/span>: W1495*D1266*H2133<\/p>\n<p><span style=\"color: #808080;\">Material principal:<\/span> Pilares de aluminio de alta calidad, placas de acero, vidrio templado y algod\u00f3n absorbente de sonido, etc.<\/p>\n<p><span style=\"color: #808080;\">MOQ:<\/span> \u2265 1 Juegos<\/p>\n<p><span style=\"color: #808080;\">Servicio:<\/span> Garant\u00eda de 5 a\u00f1os, servicio de personalizaci\u00f3n OEM\/ODM, servicio preventa, garant\u00eda comercial, servicio posventa, etc.<\/p>","protected":false},"featured_media":3642,"template":"","meta":{"site-sidebar-layout":"default","site-content-layout":"","ast-site-content-layout":"default","site-content-style":"default","site-sidebar-style":"default","ast-global-header-display":"","ast-banner-title-visibility":"","ast-main-header-display":"","ast-hfb-above-header-display":"","ast-hfb-below-header-display":"","ast-hfb-mobile-header-display":"","site-post-title":"","ast-breadcrumbs-content":"","ast-featured-img":"","footer-sml-layout":"","ast-disable-related-posts":"","theme-transparent-header-meta":"default","adv-header-id-meta":"","stick-header-meta":"","header-above-stick-meta":"","header-main-stick-meta":"","header-below-stick-meta":"","astra-migrate-meta-layouts":"set","ast-page-background-enabled":"default","ast-page-background-meta":{"desktop":{"background-color":"var(--ast-global-color-4)","background-image":"","background-repeat":"repeat","background-position":"center center","background-size":"auto","background-attachment":"scroll","background-type":"","background-media":"","overlay-type":"","overlay-color":"","overlay-opacity":"","overlay-gradient":""},"tablet":{"background-color":"","background-image":"","background-repeat":"repeat","background-position":"center center","background-size":"auto","background-attachment":"scroll","background-type":"","background-media":"","overlay-type":"","overlay-color":"","overlay-opacity":"","overlay-gradient":""},"mobile":{"background-color":"","background-image":"","background-repeat":"repeat","background-position":"center center","background-size":"auto","background-attachment":"scroll","background-type":"","background-media":"","overlay-type":"","overlay-color":"","overlay-opacity":"","overlay-gradient":""}},"ast-content-background-meta":{"desktop":{"background-color":"var(--ast-global-color-5)","background-image":"","background-repeat":"repeat","background-position":"center center","background-size":"auto","background-attachment":"scroll","background-type":"","background-media":"","overlay-type":"","overlay-color":"","overlay-opacity":"","overlay-gradient":""},"tablet":{"background-color":"var(--ast-global-color-5)","background-image":"","background-repeat":"repeat","background-position":"center center","background-size":"auto","background-attachment":"scroll","background-type":"","background-media":"","overlay-type":"","overlay-color":"","overlay-opacity":"","overlay-gradient":""},"mobile":{"background-color":"var(--ast-global-color-5)","background-image":"","background-repeat":"repeat","background-position":"center center","background-size":"auto","background-attachment":"scroll","background-type":"","background-media":"","overlay-type":"","overlay-color":"","overlay-opacity":"","overlay-gradient":""}}},"product_brand":[],"product_cat":[59],"product_tag":[],"class_list":{"0":"post-3641","1":"product","2":"type-product","3":"status-publish","4":"has-post-thumbnail","6":"product_cat-super-office-pods","7":"desktop-align-center","8":"tablet-align-left","9":"mobile-align-left","10":"ast-product-gallery-layout-horizontal-slider","11":"ast-product-gallery-with-no-image","13":"first","14":"instock","15":"shipping-taxable","16":"product-type-simple"},"aioseo_notices":[],"_links":{"self":[{"href":"https:\/\/siwaresfurniture.com\/es\/wp-json\/wp\/v2\/product\/3641","targetHints":{"allow":["GET"]}}],"collection":[{"href":"https:\/\/siwaresfurniture.com\/es\/wp-json\/wp\/v2\/product"}],"about":[{"href":"https:\/\/siwaresfurniture.com\/es\/wp-json\/wp\/v2\/types\/product"}],"version-history":[{"count":1,"href":"https:\/\/siwaresfurniture.com\/es\/wp-json\/wp\/v2\/product\/3641\/revisions"}],"predecessor-version":[{"id":3643,"href":"https:\/\/siwaresfurniture.com\/es\/wp-json\/wp\/v2\/product\/3641\/revisions\/3643"}],"wp:featuredmedia":[{"embeddable":true,"href":"https:\/\/siwaresfurniture.com\/es\/wp-json\/wp\/v2\/media\/3642"}],"wp:attachment":[{"href":"https:\/\/siwaresfurniture.com\/es\/wp-json\/wp\/v2\/media?parent=3641"}],"wp:term":[{"taxonomy":"product_brand","embeddable":true,"href":"https:\/\/siwaresfurniture.com\/es\/wp-json\/wp\/v2\/product_brand?post=3641"},{"taxonomy":"product_cat","embeddable":true,"href":"https:\/\/siwaresfurniture.com\/es\/wp-json\/wp\/v2\/product_cat?post=3641"},{"taxonomy":"product_tag","embeddable":true,"href":"https:\/\/siwaresfurniture.com\/es\/wp-json\/wp\/v2\/product_tag?post=3641"}],"curies":[{"name":"wp","href":"https:\/\/api.w.org\/{rel}","templated":true}]}}