{"id":3644,"date":"2024-03-21T08:01:45","date_gmt":"2024-03-21T08:01:45","guid":{"rendered":"https:\/\/siwaresfurniture.com\/?post_type=product&#038;p=3644"},"modified":"2024-03-21T09:00:17","modified_gmt":"2024-03-21T09:00:17","slug":"office-soundproof-office-pod","status":"publish","type":"product","link":"https:\/\/siwaresfurniture.com\/es\/producto\/office-soundproof-office-pod\/","title":{"rendered":"Insonorizaci\u00f3n de oficinas \/ Office Pod"},"content":{"rendered":"<p>Steel frame structure, external steel plate electrostatic sprayed (with soundproof panels attached inside), built-in PET sound-absorbing panels, 10mm glass backboard and door panels, top equipped with LED ceiling tube lights, 86 five-hole sockets with USB ports, infrared sensing and manual dual control switches, integrated exhaust fan on the outer top, T16210 carpeted flooring.<\/p>","protected":false},"excerpt":{"rendered":"<p><span style=\"color: #808080;\">Modelo: <span style=\"color: #333333;\">Pod-03<\/span><\/span><\/p>\n<p><span style=\"color: #808080;\">Tama\u00f1o (mm): <span style=\"color: #333333;\">W1600*D1300*H2250 <\/span><\/span><\/p>\n<p><span style=\"color: #808080;\">En<\/span> <span style=\"color: #808080;\">(mm)<\/span>: W1495*D1266*H2133<\/p>\n<p><span style=\"color: #808080;\">Material principal:<\/span> Pilares de aluminio de alta calidad, placas de acero, vidrio templado y algod\u00f3n absorbente de sonido, etc.<\/p>\n<p><span style=\"color: #808080;\">MOQ:<\/span> \u2265 1 Juegos<\/p>\n<p><span style=\"color: #808080;\">Servicio:<\/span> Garant\u00eda de 5 a\u00f1os, servicio de personalizaci\u00f3n OEM\/ODM, servicio preventa, garant\u00eda comercial, servicio posventa, etc.<\/p>","protected":false},"featured_media":3645,"template":"","meta":{"site-sidebar-layout":"default","site-content-layout":"","ast-site-content-layout":"default","site-content-style":"default","site-sidebar-style":"default","ast-global-header-display":"","ast-banner-title-visibility":"","ast-main-header-display":"","ast-hfb-above-header-display":"","ast-hfb-below-header-display":"","ast-hfb-mobile-header-display":"","site-post-title":"","ast-breadcrumbs-content":"","ast-featured-img":"","footer-sml-layout":"","ast-disable-related-posts":"","theme-transparent-header-meta":"default","adv-header-id-meta":"","stick-header-meta":"","header-above-stick-meta":"","header-main-stick-meta":"","header-below-stick-meta":"","astra-migrate-meta-layouts":"set","ast-page-background-enabled":"default","ast-page-background-meta":{"desktop":{"background-color":"var(--ast-global-color-4)","background-image":"","background-repeat":"repeat","background-position":"center center","background-size":"auto","background-attachment":"scroll","background-type":"","background-media":"","overlay-type":"","overlay-color":"","overlay-opacity":"","overlay-gradient":""},"tablet":{"background-color":"","background-image":"","background-repeat":"repeat","background-position":"center center","background-size":"auto","background-attachment":"scroll","background-type":"","background-media":"","overlay-type":"","overlay-color":"","overlay-opacity":"","overlay-gradient":""},"mobile":{"background-color":"","background-image":"","background-repeat":"repeat","background-position":"center center","background-size":"auto","background-attachment":"scroll","background-type":"","background-media":"","overlay-type":"","overlay-color":"","overlay-opacity":"","overlay-gradient":""}},"ast-content-background-meta":{"desktop":{"background-color":"var(--ast-global-color-5)","background-image":"","background-repeat":"repeat","background-position":"center center","background-size":"auto","background-attachment":"scroll","background-type":"","background-media":"","overlay-type":"","overlay-color":"","overlay-opacity":"","overlay-gradient":""},"tablet":{"background-color":"var(--ast-global-color-5)","background-image":"","background-repeat":"repeat","background-position":"center center","background-size":"auto","background-attachment":"scroll","background-type":"","background-media":"","overlay-type":"","overlay-color":"","overlay-opacity":"","overlay-gradient":""},"mobile":{"background-color":"var(--ast-global-color-5)","background-image":"","background-repeat":"repeat","background-position":"center center","background-size":"auto","background-attachment":"scroll","background-type":"","background-media":"","overlay-type":"","overlay-color":"","overlay-opacity":"","overlay-gradient":""}}},"product_brand":[],"product_cat":[59],"product_tag":[],"class_list":{"0":"post-3644","1":"product","2":"type-product","3":"status-publish","4":"has-post-thumbnail","6":"product_cat-super-office-pods","7":"desktop-align-center","8":"tablet-align-left","9":"mobile-align-left","10":"ast-product-gallery-layout-horizontal-slider","11":"ast-product-gallery-with-no-image","13":"first","14":"instock","15":"shipping-taxable","16":"product-type-simple"},"aioseo_notices":[],"_links":{"self":[{"href":"https:\/\/siwaresfurniture.com\/es\/wp-json\/wp\/v2\/product\/3644","targetHints":{"allow":["GET"]}}],"collection":[{"href":"https:\/\/siwaresfurniture.com\/es\/wp-json\/wp\/v2\/product"}],"about":[{"href":"https:\/\/siwaresfurniture.com\/es\/wp-json\/wp\/v2\/types\/product"}],"version-history":[{"count":2,"href":"https:\/\/siwaresfurniture.com\/es\/wp-json\/wp\/v2\/product\/3644\/revisions"}],"predecessor-version":[{"id":3647,"href":"https:\/\/siwaresfurniture.com\/es\/wp-json\/wp\/v2\/product\/3644\/revisions\/3647"}],"wp:featuredmedia":[{"embeddable":true,"href":"https:\/\/siwaresfurniture.com\/es\/wp-json\/wp\/v2\/media\/3645"}],"wp:attachment":[{"href":"https:\/\/siwaresfurniture.com\/es\/wp-json\/wp\/v2\/media?parent=3644"}],"wp:term":[{"taxonomy":"product_brand","embeddable":true,"href":"https:\/\/siwaresfurniture.com\/es\/wp-json\/wp\/v2\/product_brand?post=3644"},{"taxonomy":"product_cat","embeddable":true,"href":"https:\/\/siwaresfurniture.com\/es\/wp-json\/wp\/v2\/product_cat?post=3644"},{"taxonomy":"product_tag","embeddable":true,"href":"https:\/\/siwaresfurniture.com\/es\/wp-json\/wp\/v2\/product_tag?post=3644"}],"curies":[{"name":"wp","href":"https:\/\/api.w.org\/{rel}","templated":true}]}}