{"id":3648,"date":"2024-03-21T08:05:03","date_gmt":"2024-03-21T08:05:03","guid":{"rendered":"https:\/\/siwaresfurniture.com\/?post_type=product&#038;p=3648"},"modified":"2024-03-21T08:59:40","modified_gmt":"2024-03-21T08:59:40","slug":"office-soundproof-office-pod-2","status":"publish","type":"product","link":"https:\/\/siwaresfurniture.com\/es\/producto\/oficina-insonorizada-oficina-pod-2\/","title":{"rendered":"Insonorizaci\u00f3n de oficinas \/ Office Pod"},"content":{"rendered":"<p>Pilares de aluminio en los cuatro lados, con un armaz\u00f3n interior de acero; las tres paredes exteriores est\u00e1n revestidas con placas de acero pulverizadas con polvo electrost\u00e1tico, lo que permite la fijaci\u00f3n de avisos con imanes, etc, una de las paredes tiene una puerta de vidrio templado de 10 mm, cerraduras y bisagras met\u00e1licas; las dos paredes interiores est\u00e1n revestidas con paneles colgantes de tela de algod\u00f3n fonoabsorbente, con orificios de ventilaci\u00f3n, enchufes integrados conformes a las normas nacionales, apliques de LED que emiten luz hacia arriba y hacia abajo, una de las paredes est\u00e1 revestida con placas de acero pulverizadas con polvo electrost\u00e1tico; extractor integrado en la parte superior exterior, paneles colgantes de tela de algod\u00f3n fonoabsorbente en la parte superior interior, suelo de moqueta gris A929918.<\/p>","protected":false},"excerpt":{"rendered":"<p><span style=\"color: #808080;\">Modelo: <\/span>Caja-02<\/p>\n<p><span style=\"color: #808080;\">Tama\u00f1o (mm): <span style=\"color: #333333;\">W2200*D1500*H2250<\/span><\/span><\/p>\n<p><span style=\"color: #808080;\">En<\/span> <span style=\"color: #808080;\">(mm)<\/span>: W2034*D1370*H2076<\/p>\n<p><span style=\"color: #808080;\">Material principal:<\/span> Pilares de aluminio de alta calidad, placas de acero, vidrio templado y algod\u00f3n absorbente de sonido, etc.<\/p>\n<p><span style=\"color: #808080;\">MOQ:<\/span> \u2265 1 Juegos<\/p>\n<p><span style=\"color: #808080;\">Servicio:<\/span> Garant\u00eda de 5 a\u00f1os, servicio de personalizaci\u00f3n OEM\/ODM, servicio preventa, garant\u00eda comercial, servicio posventa, etc.<\/p>","protected":false},"featured_media":3650,"template":"","meta":{"site-sidebar-layout":"default","site-content-layout":"","ast-site-content-layout":"default","site-content-style":"default","site-sidebar-style":"default","ast-global-header-display":"","ast-banner-title-visibility":"","ast-main-header-display":"","ast-hfb-above-header-display":"","ast-hfb-below-header-display":"","ast-hfb-mobile-header-display":"","site-post-title":"","ast-breadcrumbs-content":"","ast-featured-img":"","footer-sml-layout":"","ast-disable-related-posts":"","theme-transparent-header-meta":"default","adv-header-id-meta":"","stick-header-meta":"","header-above-stick-meta":"","header-main-stick-meta":"","header-below-stick-meta":"","astra-migrate-meta-layouts":"set","ast-page-background-enabled":"default","ast-page-background-meta":{"desktop":{"background-color":"var(--ast-global-color-4)","background-image":"","background-repeat":"repeat","background-position":"center center","background-size":"auto","background-attachment":"scroll","background-type":"","background-media":"","overlay-type":"","overlay-color":"","overlay-opacity":"","overlay-gradient":""},"tablet":{"background-color":"","background-image":"","background-repeat":"repeat","background-position":"center center","background-size":"auto","background-attachment":"scroll","background-type":"","background-media":"","overlay-type":"","overlay-color":"","overlay-opacity":"","overlay-gradient":""},"mobile":{"background-color":"","background-image":"","background-repeat":"repeat","background-position":"center center","background-size":"auto","background-attachment":"scroll","background-type":"","background-media":"","overlay-type":"","overlay-color":"","overlay-opacity":"","overlay-gradient":""}},"ast-content-background-meta":{"desktop":{"background-color":"var(--ast-global-color-5)","background-image":"","background-repeat":"repeat","background-position":"center center","background-size":"auto","background-attachment":"scroll","background-type":"","background-media":"","overlay-type":"","overlay-color":"","overlay-opacity":"","overlay-gradient":""},"tablet":{"background-color":"var(--ast-global-color-5)","background-image":"","background-repeat":"repeat","background-position":"center center","background-size":"auto","background-attachment":"scroll","background-type":"","background-media":"","overlay-type":"","overlay-color":"","overlay-opacity":"","overlay-gradient":""},"mobile":{"background-color":"var(--ast-global-color-5)","background-image":"","background-repeat":"repeat","background-position":"center center","background-size":"auto","background-attachment":"scroll","background-type":"","background-media":"","overlay-type":"","overlay-color":"","overlay-opacity":"","overlay-gradient":""}}},"product_brand":[],"product_cat":[59],"product_tag":[],"class_list":{"0":"post-3648","1":"product","2":"type-product","3":"status-publish","4":"has-post-thumbnail","6":"product_cat-super-office-pods","7":"desktop-align-center","8":"tablet-align-left","9":"mobile-align-left","10":"ast-product-gallery-layout-horizontal-slider","11":"ast-product-gallery-with-no-image","13":"first","14":"instock","15":"shipping-taxable","16":"product-type-simple"},"aioseo_notices":[],"_links":{"self":[{"href":"https:\/\/siwaresfurniture.com\/es\/wp-json\/wp\/v2\/product\/3648","targetHints":{"allow":["GET"]}}],"collection":[{"href":"https:\/\/siwaresfurniture.com\/es\/wp-json\/wp\/v2\/product"}],"about":[{"href":"https:\/\/siwaresfurniture.com\/es\/wp-json\/wp\/v2\/types\/product"}],"version-history":[{"count":1,"href":"https:\/\/siwaresfurniture.com\/es\/wp-json\/wp\/v2\/product\/3648\/revisions"}],"predecessor-version":[{"id":3651,"href":"https:\/\/siwaresfurniture.com\/es\/wp-json\/wp\/v2\/product\/3648\/revisions\/3651"}],"wp:featuredmedia":[{"embeddable":true,"href":"https:\/\/siwaresfurniture.com\/es\/wp-json\/wp\/v2\/media\/3650"}],"wp:attachment":[{"href":"https:\/\/siwaresfurniture.com\/es\/wp-json\/wp\/v2\/media?parent=3648"}],"wp:term":[{"taxonomy":"product_brand","embeddable":true,"href":"https:\/\/siwaresfurniture.com\/es\/wp-json\/wp\/v2\/product_brand?post=3648"},{"taxonomy":"product_cat","embeddable":true,"href":"https:\/\/siwaresfurniture.com\/es\/wp-json\/wp\/v2\/product_cat?post=3648"},{"taxonomy":"product_tag","embeddable":true,"href":"https:\/\/siwaresfurniture.com\/es\/wp-json\/wp\/v2\/product_tag?post=3648"}],"curies":[{"name":"wp","href":"https:\/\/api.w.org\/{rel}","templated":true}]}}