{"id":3809,"date":"2024-03-25T06:59:39","date_gmt":"2024-03-25T06:59:39","guid":{"rendered":"https:\/\/siwaresfurniture.com\/?post_type=product&#038;p=3809"},"modified":"2024-03-27T02:08:09","modified_gmt":"2024-03-27T02:08:09","slug":"high-back-mesh-ergonomic-chair-5","status":"publish","type":"product","link":"https:\/\/siwaresfurniture.com\/es\/producto\/silla-ergonomica-de-malla-con-respaldo-alto-5\/","title":{"rendered":"Silla ergon\u00f3mica con respaldo alto de malla"},"content":{"rendered":"<p><img fetchpriority=\"high\" decoding=\"async\" class=\"alignnone size-full wp-image-3810 aligncenter\" src=\"https:\/\/siwaresfurniture.com\/wp-content\/uploads\/2024\/03\/\u8be6\u60c5\u9875_01-8.jpg\" alt=\"\" width=\"790\" height=\"1463\" srcset=\"https:\/\/siwaresfurniture.com\/wp-content\/uploads\/2024\/03\/\u8be6\u60c5\u9875_01-8.jpg 790w, https:\/\/siwaresfurniture.com\/wp-content\/uploads\/2024\/03\/\u8be6\u60c5\u9875_01-8-162x300.jpg 162w, https:\/\/siwaresfurniture.com\/wp-content\/uploads\/2024\/03\/\u8be6\u60c5\u9875_01-8-553x1024.jpg 553w, https:\/\/siwaresfurniture.com\/wp-content\/uploads\/2024\/03\/\u8be6\u60c5\u9875_01-8-768x1422.jpg 768w, https:\/\/siwaresfurniture.com\/wp-content\/uploads\/2024\/03\/\u8be6\u60c5\u9875_01-8-6x12.jpg 6w, https:\/\/siwaresfurniture.com\/wp-content\/uploads\/2024\/03\/\u8be6\u60c5\u9875_01-8-400x741.jpg 400w\" sizes=\"(max-width: 790px) 100vw, 790px\" \/> <img decoding=\"async\" class=\"alignnone size-full wp-image-3811 aligncenter\" src=\"https:\/\/siwaresfurniture.com\/wp-content\/uploads\/2024\/03\/\u8be6\u60c5\u9875_02-8.jpg\" alt=\"\" width=\"790\" height=\"603\" srcset=\"https:\/\/siwaresfurniture.com\/wp-content\/uploads\/2024\/03\/\u8be6\u60c5\u9875_02-8.jpg 790w, https:\/\/siwaresfurniture.com\/wp-content\/uploads\/2024\/03\/\u8be6\u60c5\u9875_02-8-300x229.jpg 300w, https:\/\/siwaresfurniture.com\/wp-content\/uploads\/2024\/03\/\u8be6\u60c5\u9875_02-8-768x586.jpg 768w, https:\/\/siwaresfurniture.com\/wp-content\/uploads\/2024\/03\/\u8be6\u60c5\u9875_02-8-16x12.jpg 16w, https:\/\/siwaresfurniture.com\/wp-content\/uploads\/2024\/03\/\u8be6\u60c5\u9875_02-8-400x305.jpg 400w\" sizes=\"(max-width: 790px) 100vw, 790px\" \/> <img decoding=\"async\" class=\"alignnone size-full wp-image-3812 aligncenter\" src=\"https:\/\/siwaresfurniture.com\/wp-content\/uploads\/2024\/03\/\u8be6\u60c5\u9875_03-8.jpg\" alt=\"\" width=\"790\" height=\"855\" srcset=\"https:\/\/siwaresfurniture.com\/wp-content\/uploads\/2024\/03\/\u8be6\u60c5\u9875_03-8.jpg 790w, https:\/\/siwaresfurniture.com\/wp-content\/uploads\/2024\/03\/\u8be6\u60c5\u9875_03-8-277x300.jpg 277w, https:\/\/siwaresfurniture.com\/wp-content\/uploads\/2024\/03\/\u8be6\u60c5\u9875_03-8-768x831.jpg 768w, https:\/\/siwaresfurniture.com\/wp-content\/uploads\/2024\/03\/\u8be6\u60c5\u9875_03-8-11x12.jpg 11w, https:\/\/siwaresfurniture.com\/wp-content\/uploads\/2024\/03\/\u8be6\u60c5\u9875_03-8-400x433.jpg 400w\" sizes=\"(max-width: 790px) 100vw, 790px\" \/> <img loading=\"lazy\" decoding=\"async\" class=\"alignnone size-full wp-image-3813 aligncenter\" src=\"https:\/\/siwaresfurniture.com\/wp-content\/uploads\/2024\/03\/\u8be6\u60c5\u9875_04-8.jpg\" alt=\"\" width=\"790\" height=\"990\" srcset=\"https:\/\/siwaresfurniture.com\/wp-content\/uploads\/2024\/03\/\u8be6\u60c5\u9875_04-8.jpg 790w, https:\/\/siwaresfurniture.com\/wp-content\/uploads\/2024\/03\/\u8be6\u60c5\u9875_04-8-239x300.jpg 239w, https:\/\/siwaresfurniture.com\/wp-content\/uploads\/2024\/03\/\u8be6\u60c5\u9875_04-8-768x962.jpg 768w, https:\/\/siwaresfurniture.com\/wp-content\/uploads\/2024\/03\/\u8be6\u60c5\u9875_04-8-10x12.jpg 10w, https:\/\/siwaresfurniture.com\/wp-content\/uploads\/2024\/03\/\u8be6\u60c5\u9875_04-8-400x501.jpg 400w\" sizes=\"(max-width: 790px) 100vw, 790px\" \/> <img loading=\"lazy\" decoding=\"async\" class=\"alignnone size-full wp-image-3814 aligncenter\" src=\"https:\/\/siwaresfurniture.com\/wp-content\/uploads\/2024\/03\/\u8be6\u60c5\u9875_05-8.jpg\" alt=\"\" width=\"790\" height=\"1311\" srcset=\"https:\/\/siwaresfurniture.com\/wp-content\/uploads\/2024\/03\/\u8be6\u60c5\u9875_05-8.jpg 790w, https:\/\/siwaresfurniture.com\/wp-content\/uploads\/2024\/03\/\u8be6\u60c5\u9875_05-8-181x300.jpg 181w, https:\/\/siwaresfurniture.com\/wp-content\/uploads\/2024\/03\/\u8be6\u60c5\u9875_05-8-617x1024.jpg 617w, https:\/\/siwaresfurniture.com\/wp-content\/uploads\/2024\/03\/\u8be6\u60c5\u9875_05-8-768x1274.jpg 768w, https:\/\/siwaresfurniture.com\/wp-content\/uploads\/2024\/03\/\u8be6\u60c5\u9875_05-8-7x12.jpg 7w, https:\/\/siwaresfurniture.com\/wp-content\/uploads\/2024\/03\/\u8be6\u60c5\u9875_05-8-400x664.jpg 400w\" sizes=\"(max-width: 790px) 100vw, 790px\" \/> <img loading=\"lazy\" decoding=\"async\" class=\"alignnone size-full wp-image-3815 aligncenter\" src=\"https:\/\/siwaresfurniture.com\/wp-content\/uploads\/2024\/03\/\u8be6\u60c5\u9875_06-8.jpg\" alt=\"\" width=\"790\" height=\"890\" srcset=\"https:\/\/siwaresfurniture.com\/wp-content\/uploads\/2024\/03\/\u8be6\u60c5\u9875_06-8.jpg 790w, https:\/\/siwaresfurniture.com\/wp-content\/uploads\/2024\/03\/\u8be6\u60c5\u9875_06-8-266x300.jpg 266w, https:\/\/siwaresfurniture.com\/wp-content\/uploads\/2024\/03\/\u8be6\u60c5\u9875_06-8-768x865.jpg 768w, https:\/\/siwaresfurniture.com\/wp-content\/uploads\/2024\/03\/\u8be6\u60c5\u9875_06-8-11x12.jpg 11w, https:\/\/siwaresfurniture.com\/wp-content\/uploads\/2024\/03\/\u8be6\u60c5\u9875_06-8-400x451.jpg 400w\" sizes=\"(max-width: 790px) 100vw, 790px\" \/><\/p>","protected":false},"excerpt":{"rendered":"<table width=\"814\">\n<tbody>\n<tr>\n<td width=\"254\">Marca<\/td>\n<td width=\"560\">Siwares<\/td>\n<\/tr>\n<tr>\n<td width=\"254\">N\u00famero de modelo<\/td>\n<td width=\"560\">V6-H02A negro<\/td>\n<\/tr>\n<tr>\n<td width=\"254\">Palabra clave<\/td>\n<td width=\"560\">Silla ergon\u00f3mica con respaldo alto de malla<\/td>\n<\/tr>\n<tr>\n<td width=\"254\">Reposabrazos<\/td>\n<td width=\"560\">\u00a0Cubierta decorativa plateada pasamanos fijo<\/td>\n<\/tr>\n<tr>\n<td width=\"254\">Material<\/td>\n<td width=\"560\">Malla+Metal<\/td>\n<\/tr>\n<tr>\n<td width=\"254\">N\/W &amp; G\/W<\/td>\n<td width=\"560\">18,5 \/ 20,5KG<\/td>\n<\/tr>\n<tr>\n<td width=\"254\">Tama\u00f1o del envase<\/td>\n<td width=\"560\">74*35*64.5cm\uff0c1pcs\/carton \uff080.167m\u00b3\/pcs)<\/td>\n<\/tr>\n<tr>\n<td rowspan=\"7\" width=\"254\">Descripci\u00f3n de los materiales<\/td>\n<td width=\"560\">1.2D Ajuste el soporte lumbar de algod\u00f3n antes y despu\u00e9s de la elevaci\u00f3n.<br \/>\n2. Cubierta decorativa plateada pasamanos fijo<br \/>\n3. Red especial el\u00e1stica trasera<br \/>\nAlgod\u00f3n virgen de corte de 4,60 mm<br \/>\n5. El port\u00f3n trasero bloquea el chasis en la primera marcha.<br \/>\n6.340 pie de nylon<br \/>\n7. rueda de nylon<\/td>\n<\/tr>\n<\/tbody>\n<\/table>","protected":false},"featured_media":3816,"template":"","meta":{"site-sidebar-layout":"default","site-content-layout":"","ast-site-content-layout":"default","site-content-style":"default","site-sidebar-style":"default","ast-global-header-display":"","ast-banner-title-visibility":"","ast-main-header-display":"","ast-hfb-above-header-display":"","ast-hfb-below-header-display":"","ast-hfb-mobile-header-display":"","site-post-title":"","ast-breadcrumbs-content":"","ast-featured-img":"","footer-sml-layout":"","ast-disable-related-posts":"","theme-transparent-header-meta":"default","adv-header-id-meta":"","stick-header-meta":"","header-above-stick-meta":"","header-main-stick-meta":"","header-below-stick-meta":"","astra-migrate-meta-layouts":"set","ast-page-background-enabled":"default","ast-page-background-meta":{"desktop":{"background-color":"var(--ast-global-color-4)","background-image":"","background-repeat":"repeat","background-position":"center center","background-size":"auto","background-attachment":"scroll","background-type":"","background-media":"","overlay-type":"","overlay-color":"","overlay-opacity":"","overlay-gradient":""},"tablet":{"background-color":"","background-image":"","background-repeat":"repeat","background-position":"center center","background-size":"auto","background-attachment":"scroll","background-type":"","background-media":"","overlay-type":"","overlay-color":"","overlay-opacity":"","overlay-gradient":""},"mobile":{"background-color":"","background-image":"","background-repeat":"repeat","background-position":"center center","background-size":"auto","background-attachment":"scroll","background-type":"","background-media":"","overlay-type":"","overlay-color":"","overlay-opacity":"","overlay-gradient":""}},"ast-content-background-meta":{"desktop":{"background-color":"var(--ast-global-color-5)","background-image":"","background-repeat":"repeat","background-position":"center center","background-size":"auto","background-attachment":"scroll","background-type":"","background-media":"","overlay-type":"","overlay-color":"","overlay-opacity":"","overlay-gradient":""},"tablet":{"background-color":"var(--ast-global-color-5)","background-image":"","background-repeat":"repeat","background-position":"center center","background-size":"auto","background-attachment":"scroll","background-type":"","background-media":"","overlay-type":"","overlay-color":"","overlay-opacity":"","overlay-gradient":""},"mobile":{"background-color":"var(--ast-global-color-5)","background-image":"","background-repeat":"repeat","background-position":"center center","background-size":"auto","background-attachment":"scroll","background-type":"","background-media":"","overlay-type":"","overlay-color":"","overlay-opacity":"","overlay-gradient":""}}},"product_brand":[],"product_cat":[54],"product_tag":[],"class_list":{"0":"post-3809","1":"product","2":"type-product","3":"status-publish","4":"has-post-thumbnail","6":"product_cat-office-chair","7":"desktop-align-center","8":"tablet-align-left","9":"mobile-align-left","10":"ast-product-gallery-layout-horizontal-slider","12":"first","13":"instock","14":"shipping-taxable","15":"product-type-simple"},"aioseo_notices":[],"_links":{"self":[{"href":"https:\/\/siwaresfurniture.com\/es\/wp-json\/wp\/v2\/product\/3809","targetHints":{"allow":["GET"]}}],"collection":[{"href":"https:\/\/siwaresfurniture.com\/es\/wp-json\/wp\/v2\/product"}],"about":[{"href":"https:\/\/siwaresfurniture.com\/es\/wp-json\/wp\/v2\/types\/product"}],"version-history":[{"count":1,"href":"https:\/\/siwaresfurniture.com\/es\/wp-json\/wp\/v2\/product\/3809\/revisions"}],"predecessor-version":[{"id":3856,"href":"https:\/\/siwaresfurniture.com\/es\/wp-json\/wp\/v2\/product\/3809\/revisions\/3856"}],"wp:featuredmedia":[{"embeddable":true,"href":"https:\/\/siwaresfurniture.com\/es\/wp-json\/wp\/v2\/media\/3816"}],"wp:attachment":[{"href":"https:\/\/siwaresfurniture.com\/es\/wp-json\/wp\/v2\/media?parent=3809"}],"wp:term":[{"taxonomy":"product_brand","embeddable":true,"href":"https:\/\/siwaresfurniture.com\/es\/wp-json\/wp\/v2\/product_brand?post=3809"},{"taxonomy":"product_cat","embeddable":true,"href":"https:\/\/siwaresfurniture.com\/es\/wp-json\/wp\/v2\/product_cat?post=3809"},{"taxonomy":"product_tag","embeddable":true,"href":"https:\/\/siwaresfurniture.com\/es\/wp-json\/wp\/v2\/product_tag?post=3809"}],"curies":[{"name":"wp","href":"https:\/\/api.w.org\/{rel}","templated":true}]}}