{"id":3920,"date":"2024-03-27T03:20:13","date_gmt":"2024-03-27T03:20:13","guid":{"rendered":"https:\/\/siwaresfurniture.com\/?post_type=product&#038;p=3920"},"modified":"2024-03-27T03:32:34","modified_gmt":"2024-03-27T03:32:34","slug":"mesh-ergonomic-chair-5","status":"publish","type":"product","link":"https:\/\/siwaresfurniture.com\/es\/producto\/silla-ergonomica-mesh-5\/","title":{"rendered":"Silla para visitantes"},"content":{"rendered":"<p><img fetchpriority=\"high\" decoding=\"async\" class=\"alignnone size-full wp-image-3921 aligncenter\" src=\"https:\/\/siwaresfurniture.com\/wp-content\/uploads\/2024\/03\/\u57f9\u8bad\u6905_01.jpg\" alt=\"\" width=\"750\" height=\"1086\" srcset=\"https:\/\/siwaresfurniture.com\/wp-content\/uploads\/2024\/03\/\u57f9\u8bad\u6905_01.jpg 750w, https:\/\/siwaresfurniture.com\/wp-content\/uploads\/2024\/03\/\u57f9\u8bad\u6905_01-207x300.jpg 207w, https:\/\/siwaresfurniture.com\/wp-content\/uploads\/2024\/03\/\u57f9\u8bad\u6905_01-707x1024.jpg 707w, https:\/\/siwaresfurniture.com\/wp-content\/uploads\/2024\/03\/\u57f9\u8bad\u6905_01-8x12.jpg 8w, https:\/\/siwaresfurniture.com\/wp-content\/uploads\/2024\/03\/\u57f9\u8bad\u6905_01-400x579.jpg 400w\" sizes=\"(max-width: 750px) 100vw, 750px\" \/> <img decoding=\"async\" class=\"alignnone size-full wp-image-3922 aligncenter\" src=\"https:\/\/siwaresfurniture.com\/wp-content\/uploads\/2024\/03\/\u57f9\u8bad\u6905_02.jpg\" alt=\"\" width=\"750\" height=\"582\" srcset=\"https:\/\/siwaresfurniture.com\/wp-content\/uploads\/2024\/03\/\u57f9\u8bad\u6905_02.jpg 750w, https:\/\/siwaresfurniture.com\/wp-content\/uploads\/2024\/03\/\u57f9\u8bad\u6905_02-300x233.jpg 300w, https:\/\/siwaresfurniture.com\/wp-content\/uploads\/2024\/03\/\u57f9\u8bad\u6905_02-15x12.jpg 15w, https:\/\/siwaresfurniture.com\/wp-content\/uploads\/2024\/03\/\u57f9\u8bad\u6905_02-400x310.jpg 400w\" sizes=\"(max-width: 750px) 100vw, 750px\" \/> <img decoding=\"async\" class=\"alignnone size-full wp-image-3923 aligncenter\" src=\"https:\/\/siwaresfurniture.com\/wp-content\/uploads\/2024\/03\/\u57f9\u8bad\u6905_03.jpg\" alt=\"\" width=\"750\" height=\"1048\" srcset=\"https:\/\/siwaresfurniture.com\/wp-content\/uploads\/2024\/03\/\u57f9\u8bad\u6905_03.jpg 750w, https:\/\/siwaresfurniture.com\/wp-content\/uploads\/2024\/03\/\u57f9\u8bad\u6905_03-215x300.jpg 215w, https:\/\/siwaresfurniture.com\/wp-content\/uploads\/2024\/03\/\u57f9\u8bad\u6905_03-733x1024.jpg 733w, https:\/\/siwaresfurniture.com\/wp-content\/uploads\/2024\/03\/\u57f9\u8bad\u6905_03-9x12.jpg 9w, https:\/\/siwaresfurniture.com\/wp-content\/uploads\/2024\/03\/\u57f9\u8bad\u6905_03-400x559.jpg 400w\" sizes=\"(max-width: 750px) 100vw, 750px\" \/> <img loading=\"lazy\" decoding=\"async\" class=\"alignnone size-full wp-image-3924 aligncenter\" src=\"https:\/\/siwaresfurniture.com\/wp-content\/uploads\/2024\/03\/\u57f9\u8bad\u6905_04.jpg\" alt=\"\" width=\"750\" height=\"870\" srcset=\"https:\/\/siwaresfurniture.com\/wp-content\/uploads\/2024\/03\/\u57f9\u8bad\u6905_04.jpg 750w, https:\/\/siwaresfurniture.com\/wp-content\/uploads\/2024\/03\/\u57f9\u8bad\u6905_04-259x300.jpg 259w, https:\/\/siwaresfurniture.com\/wp-content\/uploads\/2024\/03\/\u57f9\u8bad\u6905_04-10x12.jpg 10w, https:\/\/siwaresfurniture.com\/wp-content\/uploads\/2024\/03\/\u57f9\u8bad\u6905_04-400x464.jpg 400w\" sizes=\"(max-width: 750px) 100vw, 750px\" \/> <img loading=\"lazy\" decoding=\"async\" class=\"alignnone size-full wp-image-3925 aligncenter\" src=\"https:\/\/siwaresfurniture.com\/wp-content\/uploads\/2024\/03\/\u57f9\u8bad\u6905_05.jpg\" alt=\"\" width=\"750\" height=\"987\" srcset=\"https:\/\/siwaresfurniture.com\/wp-content\/uploads\/2024\/03\/\u57f9\u8bad\u6905_05.jpg 750w, https:\/\/siwaresfurniture.com\/wp-content\/uploads\/2024\/03\/\u57f9\u8bad\u6905_05-228x300.jpg 228w, https:\/\/siwaresfurniture.com\/wp-content\/uploads\/2024\/03\/\u57f9\u8bad\u6905_05-9x12.jpg 9w, https:\/\/siwaresfurniture.com\/wp-content\/uploads\/2024\/03\/\u57f9\u8bad\u6905_05-400x526.jpg 400w\" sizes=\"(max-width: 750px) 100vw, 750px\" \/> <img loading=\"lazy\" decoding=\"async\" class=\"alignnone size-full wp-image-3926 aligncenter\" src=\"https:\/\/siwaresfurniture.com\/wp-content\/uploads\/2024\/03\/\u57f9\u8bad\u6905_06.jpg\" alt=\"\" width=\"750\" height=\"905\" srcset=\"https:\/\/siwaresfurniture.com\/wp-content\/uploads\/2024\/03\/\u57f9\u8bad\u6905_06.jpg 750w, https:\/\/siwaresfurniture.com\/wp-content\/uploads\/2024\/03\/\u57f9\u8bad\u6905_06-249x300.jpg 249w, https:\/\/siwaresfurniture.com\/wp-content\/uploads\/2024\/03\/\u57f9\u8bad\u6905_06-10x12.jpg 10w, https:\/\/siwaresfurniture.com\/wp-content\/uploads\/2024\/03\/\u57f9\u8bad\u6905_06-400x483.jpg 400w\" sizes=\"(max-width: 750px) 100vw, 750px\" \/> <img loading=\"lazy\" decoding=\"async\" class=\"alignnone size-full wp-image-3927 aligncenter\" src=\"https:\/\/siwaresfurniture.com\/wp-content\/uploads\/2024\/03\/\u57f9\u8bad\u6905_07.jpg\" alt=\"\" width=\"750\" height=\"651\" srcset=\"https:\/\/siwaresfurniture.com\/wp-content\/uploads\/2024\/03\/\u57f9\u8bad\u6905_07.jpg 750w, https:\/\/siwaresfurniture.com\/wp-content\/uploads\/2024\/03\/\u57f9\u8bad\u6905_07-300x260.jpg 300w, https:\/\/siwaresfurniture.com\/wp-content\/uploads\/2024\/03\/\u57f9\u8bad\u6905_07-14x12.jpg 14w, https:\/\/siwaresfurniture.com\/wp-content\/uploads\/2024\/03\/\u57f9\u8bad\u6905_07-400x347.jpg 400w\" sizes=\"(max-width: 750px) 100vw, 750px\" \/> <img loading=\"lazy\" decoding=\"async\" class=\"alignnone size-full wp-image-3928 aligncenter\" src=\"https:\/\/siwaresfurniture.com\/wp-content\/uploads\/2024\/03\/\u57f9\u8bad\u6905_08.jpg\" alt=\"\" width=\"750\" height=\"790\" srcset=\"https:\/\/siwaresfurniture.com\/wp-content\/uploads\/2024\/03\/\u57f9\u8bad\u6905_08.jpg 750w, https:\/\/siwaresfurniture.com\/wp-content\/uploads\/2024\/03\/\u57f9\u8bad\u6905_08-285x300.jpg 285w, https:\/\/siwaresfurniture.com\/wp-content\/uploads\/2024\/03\/\u57f9\u8bad\u6905_08-11x12.jpg 11w, https:\/\/siwaresfurniture.com\/wp-content\/uploads\/2024\/03\/\u57f9\u8bad\u6905_08-400x421.jpg 400w\" sizes=\"(max-width: 750px) 100vw, 750px\" \/><\/p>","protected":false},"excerpt":{"rendered":"<table style=\"height: 387px;\" width=\"2113\">\n<tbody>\n<tr>\n<td width=\"254\">Marca<\/td>\n<td width=\"560\">Siwares<\/td>\n<\/tr>\n<tr>\n<td width=\"254\">N\u00famero de modelo<\/td>\n<td width=\"560\">YC-01<\/td>\n<\/tr>\n<tr>\n<td width=\"254\">Utilizaci\u00f3n<\/td>\n<td width=\"560\">Silla para visitantes<\/td>\n<\/tr>\n<tr>\n<td width=\"254\">Reposabrazos<\/td>\n<td width=\"560\">Reposabrazos fijo<\/td>\n<\/tr>\n<tr>\n<td width=\"254\">Material<\/td>\n<td width=\"560\">Material PP<\/td>\n<\/tr>\n<tr>\n<td width=\"254\">Tama\u00f1o del envase<\/td>\n<td width=\"560\">82*60*53 cm \/60*57*49cm \uff08Paquete con forma de 7\uff09<\/td>\n<\/tr>\n<tr>\n<td width=\"254\">Descripci\u00f3n de los materiales<\/td>\n<td width=\"560\">1. el respaldo y el asiento se embalan por separado, 4 piezas embaladas en 2 cajas<br \/>\n2. Material PP<\/td>\n<\/tr>\n<tr>\n<td rowspan=\"7\" width=\"254\">Servicio:<\/td>\n<td width=\"560\">Garant\u00eda de 5 a\u00f1os, servicio de personalizaci\u00f3n OEM\/ODM, servicio preventa, garant\u00eda comercial, servicio posventa, etc.<\/td>\n<\/tr>\n<\/tbody>\n<\/table>","protected":false},"featured_media":3929,"template":"","meta":{"site-sidebar-layout":"default","site-content-layout":"","ast-site-content-layout":"default","site-content-style":"default","site-sidebar-style":"default","ast-global-header-display":"","ast-banner-title-visibility":"","ast-main-header-display":"","ast-hfb-above-header-display":"","ast-hfb-below-header-display":"","ast-hfb-mobile-header-display":"","site-post-title":"","ast-breadcrumbs-content":"","ast-featured-img":"","footer-sml-layout":"","ast-disable-related-posts":"","theme-transparent-header-meta":"default","adv-header-id-meta":"","stick-header-meta":"default","header-above-stick-meta":"","header-main-stick-meta":"","header-below-stick-meta":"","astra-migrate-meta-layouts":"set","ast-page-background-enabled":"default","ast-page-background-meta":{"desktop":{"background-color":"var(--ast-global-color-4)","background-image":"","background-repeat":"repeat","background-position":"center center","background-size":"auto","background-attachment":"scroll","background-type":"","background-media":"","overlay-type":"","overlay-color":"","overlay-opacity":"","overlay-gradient":""},"tablet":{"background-color":"","background-image":"","background-repeat":"repeat","background-position":"center center","background-size":"auto","background-attachment":"scroll","background-type":"","background-media":"","overlay-type":"","overlay-color":"","overlay-opacity":"","overlay-gradient":""},"mobile":{"background-color":"","background-image":"","background-repeat":"repeat","background-position":"center center","background-size":"auto","background-attachment":"scroll","background-type":"","background-media":"","overlay-type":"","overlay-color":"","overlay-opacity":"","overlay-gradient":""}},"ast-content-background-meta":{"desktop":{"background-color":"var(--ast-global-color-5)","background-image":"","background-repeat":"repeat","background-position":"center center","background-size":"auto","background-attachment":"scroll","background-type":"","background-media":"","overlay-type":"","overlay-color":"","overlay-opacity":"","overlay-gradient":""},"tablet":{"background-color":"var(--ast-global-color-5)","background-image":"","background-repeat":"repeat","background-position":"center center","background-size":"auto","background-attachment":"scroll","background-type":"","background-media":"","overlay-type":"","overlay-color":"","overlay-opacity":"","overlay-gradient":""},"mobile":{"background-color":"var(--ast-global-color-5)","background-image":"","background-repeat":"repeat","background-position":"center center","background-size":"auto","background-attachment":"scroll","background-type":"","background-media":"","overlay-type":"","overlay-color":"","overlay-opacity":"","overlay-gradient":""}}},"product_brand":[],"product_cat":[54],"product_tag":[],"class_list":{"0":"post-3920","1":"product","2":"type-product","3":"status-publish","4":"has-post-thumbnail","6":"product_cat-office-chair","7":"desktop-align-center","8":"tablet-align-left","9":"mobile-align-left","10":"ast-product-gallery-layout-horizontal-slider","12":"first","13":"instock","14":"shipping-taxable","15":"product-type-simple"},"aioseo_notices":[],"_links":{"self":[{"href":"https:\/\/siwaresfurniture.com\/es\/wp-json\/wp\/v2\/product\/3920","targetHints":{"allow":["GET"]}}],"collection":[{"href":"https:\/\/siwaresfurniture.com\/es\/wp-json\/wp\/v2\/product"}],"about":[{"href":"https:\/\/siwaresfurniture.com\/es\/wp-json\/wp\/v2\/types\/product"}],"version-history":[{"count":2,"href":"https:\/\/siwaresfurniture.com\/es\/wp-json\/wp\/v2\/product\/3920\/revisions"}],"predecessor-version":[{"id":3932,"href":"https:\/\/siwaresfurniture.com\/es\/wp-json\/wp\/v2\/product\/3920\/revisions\/3932"}],"wp:featuredmedia":[{"embeddable":true,"href":"https:\/\/siwaresfurniture.com\/es\/wp-json\/wp\/v2\/media\/3929"}],"wp:attachment":[{"href":"https:\/\/siwaresfurniture.com\/es\/wp-json\/wp\/v2\/media?parent=3920"}],"wp:term":[{"taxonomy":"product_brand","embeddable":true,"href":"https:\/\/siwaresfurniture.com\/es\/wp-json\/wp\/v2\/product_brand?post=3920"},{"taxonomy":"product_cat","embeddable":true,"href":"https:\/\/siwaresfurniture.com\/es\/wp-json\/wp\/v2\/product_cat?post=3920"},{"taxonomy":"product_tag","embeddable":true,"href":"https:\/\/siwaresfurniture.com\/es\/wp-json\/wp\/v2\/product_tag?post=3920"}],"curies":[{"name":"wp","href":"https:\/\/api.w.org\/{rel}","templated":true}]}}