{"id":4096,"date":"2024-03-27T09:20:48","date_gmt":"2024-03-27T09:20:48","guid":{"rendered":"https:\/\/siwaresfurniture.com\/?post_type=product&#038;p=4096"},"modified":"2024-03-27T09:29:40","modified_gmt":"2024-03-27T09:29:40","slug":"adjustable-gaming-table-2","status":"publish","type":"product","link":"https:\/\/siwaresfurniture.com\/es\/producto\/mesa-de-juego-ajustable-2\/","title":{"rendered":"Mesa de juego ajustable"},"content":{"rendered":"","protected":false},"excerpt":{"rendered":"<p>Modelo: YC103<\/p>\n<p>Tama\u00f1o(mm): 1600*600*(720-1170)<br \/>\nDescripci\u00f3n del material:<br \/>\n1. El marco del escritorio es de acero, con una textura de fibra de carbono en el escritorio, y un grosor de panel de 18 mm.<br \/>\n2. El grosor del material del tubo es de 1,2 mm.<br \/>\n3. Cuenta con un solo motor, con una velocidad de elevaci\u00f3n de 20-25mm\/s, y una capacidad de carga de 100KG.<br \/>\n4. Incluye portavasos y gancho para auriculares de material ABS.<br \/>\n5. Dispone de una funci\u00f3n de memoria de tres niveles para un almacenamiento c\u00f3modo; restablecimiento con un solo toque para un funcionamiento sencillo.<br \/>\n6. La altura regulable oscila entre 72 y 117 cm.<br \/>\n7. Mejorado con efectos de iluminaci\u00f3n, duplicando la atm\u00f3sfera de los deportes electr\u00f3nicos.<\/p>","protected":false},"featured_media":4068,"template":"","meta":{"site-sidebar-layout":"default","site-content-layout":"","ast-site-content-layout":"default","site-content-style":"default","site-sidebar-style":"default","ast-global-header-display":"","ast-banner-title-visibility":"","ast-main-header-display":"","ast-hfb-above-header-display":"","ast-hfb-below-header-display":"","ast-hfb-mobile-header-display":"","site-post-title":"","ast-breadcrumbs-content":"","ast-featured-img":"","footer-sml-layout":"","theme-transparent-header-meta":"default","adv-header-id-meta":"","stick-header-meta":"default","header-above-stick-meta":"","header-main-stick-meta":"","header-below-stick-meta":"","astra-migrate-meta-layouts":"set","ast-page-background-enabled":"default","ast-page-background-meta":{"desktop":{"background-color":"var(--ast-global-color-4)","background-image":"","background-repeat":"repeat","background-position":"center center","background-size":"auto","background-attachment":"scroll","background-type":"","background-media":"","overlay-type":"","overlay-color":"","overlay-opacity":"","overlay-gradient":""},"tablet":{"background-color":"","background-image":"","background-repeat":"repeat","background-position":"center center","background-size":"auto","background-attachment":"scroll","background-type":"","background-media":"","overlay-type":"","overlay-color":"","overlay-opacity":"","overlay-gradient":""},"mobile":{"background-color":"","background-image":"","background-repeat":"repeat","background-position":"center center","background-size":"auto","background-attachment":"scroll","background-type":"","background-media":"","overlay-type":"","overlay-color":"","overlay-opacity":"","overlay-gradient":""}},"ast-content-background-meta":{"desktop":{"background-color":"var(--ast-global-color-5)","background-image":"","background-repeat":"repeat","background-position":"center center","background-size":"auto","background-attachment":"scroll","background-type":"","background-media":"","overlay-type":"","overlay-color":"","overlay-opacity":"","overlay-gradient":""},"tablet":{"background-color":"var(--ast-global-color-5)","background-image":"","background-repeat":"repeat","background-position":"center center","background-size":"auto","background-attachment":"scroll","background-type":"","background-media":"","overlay-type":"","overlay-color":"","overlay-opacity":"","overlay-gradient":""},"mobile":{"background-color":"var(--ast-global-color-5)","background-image":"","background-repeat":"repeat","background-position":"center center","background-size":"auto","background-attachment":"scroll","background-type":"","background-media":"","overlay-type":"","overlay-color":"","overlay-opacity":"","overlay-gradient":""}}},"product_brand":[],"product_cat":[97],"product_tag":[],"class_list":{"0":"post-4096","1":"product","2":"type-product","3":"status-publish","4":"has-post-thumbnail","6":"product_cat-adjustable-table","7":"desktop-align-center","8":"tablet-align-left","9":"mobile-align-left","10":"ast-product-gallery-layout-horizontal-slider","12":"first","13":"instock","14":"shipping-taxable","15":"product-type-simple"},"aioseo_notices":[],"_links":{"self":[{"href":"https:\/\/siwaresfurniture.com\/es\/wp-json\/wp\/v2\/product\/4096","targetHints":{"allow":["GET"]}}],"collection":[{"href":"https:\/\/siwaresfurniture.com\/es\/wp-json\/wp\/v2\/product"}],"about":[{"href":"https:\/\/siwaresfurniture.com\/es\/wp-json\/wp\/v2\/types\/product"}],"version-history":[{"count":1,"href":"https:\/\/siwaresfurniture.com\/es\/wp-json\/wp\/v2\/product\/4096\/revisions"}],"predecessor-version":[{"id":4097,"href":"https:\/\/siwaresfurniture.com\/es\/wp-json\/wp\/v2\/product\/4096\/revisions\/4097"}],"wp:featuredmedia":[{"embeddable":true,"href":"https:\/\/siwaresfurniture.com\/es\/wp-json\/wp\/v2\/media\/4068"}],"wp:attachment":[{"href":"https:\/\/siwaresfurniture.com\/es\/wp-json\/wp\/v2\/media?parent=4096"}],"wp:term":[{"taxonomy":"product_brand","embeddable":true,"href":"https:\/\/siwaresfurniture.com\/es\/wp-json\/wp\/v2\/product_brand?post=4096"},{"taxonomy":"product_cat","embeddable":true,"href":"https:\/\/siwaresfurniture.com\/es\/wp-json\/wp\/v2\/product_cat?post=4096"},{"taxonomy":"product_tag","embeddable":true,"href":"https:\/\/siwaresfurniture.com\/es\/wp-json\/wp\/v2\/product_tag?post=4096"}],"curies":[{"name":"wp","href":"https:\/\/api.w.org\/{rel}","templated":true}]}}