{"id":4300,"date":"2024-07-13T08:06:03","date_gmt":"2024-07-13T08:06:03","guid":{"rendered":"https:\/\/siwaresfurniture.com\/?post_type=product&#038;p=4300"},"modified":"2024-07-13T08:43:57","modified_gmt":"2024-07-13T08:43:57","slug":"2024-latest-office-seating-ergonomic-chair","status":"publish","type":"product","link":"https:\/\/siwaresfurniture.com\/es\/producto\/2024-ultima-silla-de-oficina-silla-ergonomica\/","title":{"rendered":"2024 Lo \u00faltimo en siller\u00eda de oficina Silla ergon\u00f3mica"},"content":{"rendered":"","protected":false},"excerpt":{"rendered":"<table width=\"525\">\n<tbody>\n<tr>\n<td width=\"183\">Marca<\/td>\n<td width=\"342\">Siwares<\/td>\n<\/tr>\n<tr>\n<td>N\u00famero de modelo<\/td>\n<td>1913A<\/td>\n<\/tr>\n<tr>\n<td>Palabra clave<\/td>\n<td>Silla de oficina ejecutiva con respaldo alto<\/td>\n<\/tr>\n<tr>\n<td>Reposabrazos<\/td>\n<td>\u00a0Reposabrazos fijo<\/td>\n<\/tr>\n<tr>\n<td>Material<\/td>\n<td>Tejido+Metal<\/td>\n<\/tr>\n<tr>\n<td>N\/W &amp; G\/W<\/td>\n<td>13,5 KG \/ 14,8 KG<\/td>\n<\/tr>\n<tr>\n<td>Tama\u00f1o del envase<\/td>\n<td width=\"342\">75*53*60CM ,1pcs\/cart\u00f3n<\/td>\n<\/tr>\n<tr>\n<td>Descripci\u00f3n del material<\/td>\n<td width=\"342\">1. Estructura blanca + respaldo gris + asiento gris<br \/>\n2. mecanismo de inclinaci\u00f3n y bloqueo<br \/>\n3. espuma moldeada<br \/>\n4. Pies de PP de R330 mm con ruedas insonorizadas de PU de 50 mm<br \/>\n5. carrera 85-4 clase 3 gas lift<br \/>\n6. Reposabrazos fijo de PU<br \/>\n7. apoyo lumbar ajustable hacia arriba y hacia abajo<\/td>\n<\/tr>\n<\/tbody>\n<\/table>","protected":false},"featured_media":4301,"template":"","meta":{"site-sidebar-layout":"default","site-content-layout":"","ast-site-content-layout":"default","site-content-style":"default","site-sidebar-style":"default","ast-global-header-display":"","ast-banner-title-visibility":"","ast-main-header-display":"","ast-hfb-above-header-display":"","ast-hfb-below-header-display":"","ast-hfb-mobile-header-display":"","site-post-title":"","ast-breadcrumbs-content":"","ast-featured-img":"","footer-sml-layout":"","theme-transparent-header-meta":"default","adv-header-id-meta":"","stick-header-meta":"default","header-above-stick-meta":"","header-main-stick-meta":"","header-below-stick-meta":"","astra-migrate-meta-layouts":"set","ast-page-background-enabled":"default","ast-page-background-meta":{"desktop":{"background-color":"var(--ast-global-color-4)","background-image":"","background-repeat":"repeat","background-position":"center center","background-size":"auto","background-attachment":"scroll","background-type":"","background-media":"","overlay-type":"","overlay-color":"","overlay-opacity":"","overlay-gradient":""},"tablet":{"background-color":"","background-image":"","background-repeat":"repeat","background-position":"center center","background-size":"auto","background-attachment":"scroll","background-type":"","background-media":"","overlay-type":"","overlay-color":"","overlay-opacity":"","overlay-gradient":""},"mobile":{"background-color":"","background-image":"","background-repeat":"repeat","background-position":"center center","background-size":"auto","background-attachment":"scroll","background-type":"","background-media":"","overlay-type":"","overlay-color":"","overlay-opacity":"","overlay-gradient":""}},"ast-content-background-meta":{"desktop":{"background-color":"var(--ast-global-color-5)","background-image":"","background-repeat":"repeat","background-position":"center center","background-size":"auto","background-attachment":"scroll","background-type":"","background-media":"","overlay-type":"","overlay-color":"","overlay-opacity":"","overlay-gradient":""},"tablet":{"background-color":"var(--ast-global-color-5)","background-image":"","background-repeat":"repeat","background-position":"center center","background-size":"auto","background-attachment":"scroll","background-type":"","background-media":"","overlay-type":"","overlay-color":"","overlay-opacity":"","overlay-gradient":""},"mobile":{"background-color":"var(--ast-global-color-5)","background-image":"","background-repeat":"repeat","background-position":"center center","background-size":"auto","background-attachment":"scroll","background-type":"","background-media":"","overlay-type":"","overlay-color":"","overlay-opacity":"","overlay-gradient":""}}},"product_brand":[],"product_cat":[22],"product_tag":[],"class_list":{"0":"post-4300","1":"product","2":"type-product","3":"status-publish","4":"has-post-thumbnail","6":"product_cat-uncategorized","7":"desktop-align-center","8":"tablet-align-left","9":"mobile-align-left","10":"ast-product-gallery-layout-horizontal-slider","12":"first","13":"instock","14":"shipping-taxable","15":"product-type-simple"},"aioseo_notices":[],"_links":{"self":[{"href":"https:\/\/siwaresfurniture.com\/es\/wp-json\/wp\/v2\/product\/4300","targetHints":{"allow":["GET"]}}],"collection":[{"href":"https:\/\/siwaresfurniture.com\/es\/wp-json\/wp\/v2\/product"}],"about":[{"href":"https:\/\/siwaresfurniture.com\/es\/wp-json\/wp\/v2\/types\/product"}],"version-history":[{"count":3,"href":"https:\/\/siwaresfurniture.com\/es\/wp-json\/wp\/v2\/product\/4300\/revisions"}],"predecessor-version":[{"id":4326,"href":"https:\/\/siwaresfurniture.com\/es\/wp-json\/wp\/v2\/product\/4300\/revisions\/4326"}],"wp:featuredmedia":[{"embeddable":true,"href":"https:\/\/siwaresfurniture.com\/es\/wp-json\/wp\/v2\/media\/4301"}],"wp:attachment":[{"href":"https:\/\/siwaresfurniture.com\/es\/wp-json\/wp\/v2\/media?parent=4300"}],"wp:term":[{"taxonomy":"product_brand","embeddable":true,"href":"https:\/\/siwaresfurniture.com\/es\/wp-json\/wp\/v2\/product_brand?post=4300"},{"taxonomy":"product_cat","embeddable":true,"href":"https:\/\/siwaresfurniture.com\/es\/wp-json\/wp\/v2\/product_cat?post=4300"},{"taxonomy":"product_tag","embeddable":true,"href":"https:\/\/siwaresfurniture.com\/es\/wp-json\/wp\/v2\/product_tag?post=4300"}],"curies":[{"name":"wp","href":"https:\/\/api.w.org\/{rel}","templated":true}]}}