{"id":1976,"date":"2023-12-11T04:11:51","date_gmt":"2023-12-11T04:11:51","guid":{"rendered":"http:\/\/siwaresfurniture.com\/?page_id=1976"},"modified":"2023-12-18T07:58:44","modified_gmt":"2023-12-18T07:58:44","slug":"sit-map","status":"publish","type":"page","link":"https:\/\/siwaresfurniture.com\/fr\/plan-de-situation\/","title":{"rendered":"Plan de situation"},"content":{"rendered":"<div data-elementor-type=\"wp-page\" data-elementor-id=\"1976\" class=\"elementor elementor-1976\" data-elementor-post-type=\"page\">\n\t\t\t\t<div class=\"elementor-element elementor-element-9f5cfe0 e-flex e-con-boxed e-con e-parent\" data-id=\"9f5cfe0\" data-element_type=\"container\">\n\t\t\t\t\t<div class=\"e-con-inner\">\n\t\t\t\t<div class=\"elementor-element elementor-element-1472024 elementor-widget elementor-widget-sitemap\" data-id=\"1472024\" data-element_type=\"widget\" data-widget_type=\"sitemap.default\">\n\t\t\t\t<div class=\"elementor-widget-container\">\n\t\t\t\t\t<div class=\"elementor-sitemap-wrap\"><div class=\"elementor-sitemap-section\"><h4 class=\"elementor-sitemap-title elementor-sitemap-page-title\">Pages<\/h4><ul class=\"elementor-sitemap-list elementor-sitemap-page-list\"><li class=\"elementor-sitemap-item elementor-sitemap-item-page page_item page-item-4257 menu-item\"><a href=\"https:\/\/siwaresfurniture.com\/fr\/accueil-anglais\/\" class=\"elementor-sitemap-item elementor-sitemap-item-page menu-link\">Accueil - Anglais<\/a><\/li><li class=\"elementor-sitemap-item elementor-sitemap-item-page page_item page-item-1988 menu-item\"><a href=\"https:\/\/siwaresfurniture.com\/fr\/cas\/\" class=\"elementor-sitemap-item elementor-sitemap-item-page menu-link\">Cas<\/a><\/li><li class=\"elementor-sitemap-item elementor-sitemap-item-page page_item page-item-1564 menu-item\"><a href=\"https:\/\/siwaresfurniture.com\/fr\/blog\/\" class=\"elementor-sitemap-item elementor-sitemap-item-page menu-link\">BLOG<\/a><\/li><li class=\"elementor-sitemap-item elementor-sitemap-item-page page_item page-item-1548 menu-item\"><a href=\"https:\/\/siwaresfurniture.com\/fr\/video\/\" class=\"elementor-sitemap-item elementor-sitemap-item-page menu-link\">VID\u00c9O<\/a><\/li><li class=\"elementor-sitemap-item elementor-sitemap-item-page page_item page-item-357 menu-item\"><a href=\"https:\/\/siwaresfurniture.com\/fr\/contact\/\" class=\"elementor-sitemap-item elementor-sitemap-item-page menu-link\">Contact<\/a><\/li><li class=\"elementor-sitemap-item elementor-sitemap-item-page page_item page-item-252 menu-item\"><a href=\"https:\/\/siwaresfurniture.com\/fr\/a-propos-de\/\" class=\"elementor-sitemap-item elementor-sitemap-item-page menu-link\">A propos de<\/a><\/li><li class=\"elementor-sitemap-item elementor-sitemap-item-page page_item page-item-25 menu-item\"><a href=\"https:\/\/siwaresfurniture.com\/fr\/\" class=\"elementor-sitemap-item elementor-sitemap-item-page menu-link\">Accueil<\/a><\/li><li class=\"elementor-sitemap-item elementor-sitemap-item-page page_item page-item-10 menu-item\"><a href=\"https:\/\/siwaresfurniture.com\/fr\/boutique\/\" class=\"elementor-sitemap-item elementor-sitemap-item-page menu-link\">Boutique<\/a><\/li><\/ul><\/div><div class=\"elementor-sitemap-section\"><h4 class=\"elementor-sitemap-title elementor-sitemap-product_cat-title\">Cat\u00e9gories<\/h4><ul class=\"elementor-sitemap-list elementor-sitemap-product_cat-list\">\t<li class=\"elementor-sitemap-item elementor-sitemap-item-product_cat cat-item cat-item-22\"><a href=\"https:\/\/siwaresfurniture.com\/fr\/categorie-produit\/non-classe\/\">Non class\u00e9<\/a>\n<\/li>\n\t<li class=\"elementor-sitemap-item elementor-sitemap-item-product_cat cat-item cat-item-59\"><a href=\"https:\/\/siwaresfurniture.com\/fr\/categorie-produit\/super-bureaux-en-nacelle\/\">Super bureaux en nacelle<\/a>\n<\/li>\n\t<li class=\"elementor-sitemap-item elementor-sitemap-item-product_cat cat-item cat-item-98\"><a href=\"https:\/\/siwaresfurniture.com\/fr\/categorie-produit\/mobilier-scolaire\/\">Mobilier scolaire<\/a>\n<\/li>\n\t<li class=\"elementor-sitemap-item elementor-sitemap-item-product_cat cat-item cat-item-55\"><a href=\"https:\/\/siwaresfurniture.com\/fr\/categorie-produit\/table-de-bureau\/\">Table de bureau<\/a>\n<ul class='children'>\n\t<li class=\"elementor-sitemap-item elementor-sitemap-item-product_cat cat-item cat-item-66\"><a href=\"https:\/\/siwaresfurniture.com\/fr\/categorie-produit\/table-de-bureau\/staff-desk\/\">Bureau du personnel<\/a>\n<\/li>\n\t<li class=\"elementor-sitemap-item elementor-sitemap-item-product_cat cat-item cat-item-64\"><a href=\"https:\/\/siwaresfurniture.com\/fr\/categorie-produit\/table-de-bureau\/conference-desk\/\">Bureau de conf\u00e9rence<\/a>\n<\/li>\n\t<li class=\"elementor-sitemap-item elementor-sitemap-item-product_cat cat-item cat-item-65\"><a href=\"https:\/\/siwaresfurniture.com\/fr\/categorie-produit\/table-de-bureau\/boss-desk\/\">Bureau du patron<\/a>\n<\/li>\n<\/ul>\n<\/li>\n\t<li class=\"elementor-sitemap-item elementor-sitemap-item-product_cat cat-item cat-item-56\"><a href=\"https:\/\/siwaresfurniture.com\/fr\/categorie-produit\/canape-de-bureau\/\">Canap\u00e9 de bureau<\/a>\n<\/li>\n\t<li class=\"elementor-sitemap-item elementor-sitemap-item-product_cat cat-item cat-item-54\"><a href=\"https:\/\/siwaresfurniture.com\/fr\/categorie-produit\/chaise-de-bureau\/\">Chaise de bureau<\/a>\n<\/li>\n\t<li class=\"elementor-sitemap-item elementor-sitemap-item-product_cat cat-item cat-item-57\"><a href=\"https:\/\/siwaresfurniture.com\/fr\/categorie-produit\/classeur\/\">Classeur<\/a>\n<\/li>\n\t<li class=\"elementor-sitemap-item elementor-sitemap-item-product_cat cat-item cat-item-97\"><a href=\"https:\/\/siwaresfurniture.com\/fr\/categorie-produit\/table-reglable\/\">Table r\u00e9glable<\/a>\n<\/li>\n<\/ul><\/div><div class=\"elementor-sitemap-section\"><h4 class=\"elementor-sitemap-title elementor-sitemap-post-title\">BOLG<\/h4><ul class=\"elementor-sitemap-list elementor-sitemap-post-list\"><li class=\"elementor-sitemap-item elementor-sitemap-item-post page_item page-item-4297 menu-item\"><a href=\"https:\/\/siwaresfurniture.com\/fr\/devoilement-de-la-chaise-sirene\/\" class=\"elementor-sitemap-item elementor-sitemap-item-post menu-link\">La chaise Mermaid d\u00e9voil\u00e9e !<\/a><\/li><li class=\"elementor-sitemap-item elementor-sitemap-item-post page_item page-item-2635 menu-item\"><a href=\"https:\/\/siwaresfurniture.com\/fr\/cinq-points-cles-pour-maitriser-facilement-les-techniques-dachat-dun-bureau\/\" class=\"elementor-sitemap-item elementor-sitemap-item-post menu-link\">Cinq points cl\u00e9s pour ma\u00eetriser facilement l'achat d'un bureau !<\/a><\/li><li class=\"elementor-sitemap-item elementor-sitemap-item-post page_item page-item-1582 menu-item\"><a href=\"https:\/\/siwaresfurniture.com\/fr\/exemples-darticles-03\/\" class=\"elementor-sitemap-item elementor-sitemap-item-post menu-link\">Pourquoi de plus en plus de personnes choisissent-elles des chaises ergonomiques ?<\/a><\/li><li class=\"elementor-sitemap-item elementor-sitemap-item-post page_item page-item-1580 menu-item\"><a href=\"https:\/\/siwaresfurniture.com\/fr\/exemples-darticles-02\/\" class=\"elementor-sitemap-item elementor-sitemap-item-post menu-link\">Est-il n\u00e9cessaire d'acheter une chaise ergonomique apr\u00e8s \u00eatre rest\u00e9 longtemps assis au bureau ?<\/a><\/li><li class=\"elementor-sitemap-item elementor-sitemap-item-post page_item page-item-1577 menu-item\"><a href=\"https:\/\/siwaresfurniture.com\/fr\/exemples-darticles\/\" class=\"elementor-sitemap-item elementor-sitemap-item-post menu-link\">Les bonnes chaises ergonomiques pr\u00e9sentent toutes les caract\u00e9ristiques suivantes<\/a><\/li><\/ul><\/div><div class=\"elementor-sitemap-section elementor-sitemap-section\"><h4 class=\"elementor-sitemap-title elementor-sitemap-post-title elementor-sitemap-title elementor-sitemap-post-title\">VID\u00c9O<\/h4><ul class=\"elementor-sitemap-list elementor-sitemap-post-list elementor-sitemap-list elementor-sitemap-post-list\"><li class=\"elementor-sitemap-item elementor-sitemap-item-post elementor-sitemap-item elementor-sitemap-item-post page_item page-item-4297 menu-item\"><a href=\"https:\/\/siwaresfurniture.com\/fr\/devoilement-de-la-chaise-sirene\/\" class=\"elementor-sitemap-item elementor-sitemap-item-post elementor-sitemap-item elementor-sitemap-item-post menu-link\">La chaise Mermaid d\u00e9voil\u00e9e !<\/a><\/li><li class=\"elementor-sitemap-item elementor-sitemap-item-post elementor-sitemap-item elementor-sitemap-item-post page_item page-item-2635 menu-item\"><a href=\"https:\/\/siwaresfurniture.com\/fr\/cinq-points-cles-pour-maitriser-facilement-les-techniques-dachat-dun-bureau\/\" class=\"elementor-sitemap-item elementor-sitemap-item-post elementor-sitemap-item elementor-sitemap-item-post menu-link\">Cinq points cl\u00e9s pour ma\u00eetriser facilement l'achat d'un bureau !<\/a><\/li><li class=\"elementor-sitemap-item elementor-sitemap-item-post elementor-sitemap-item elementor-sitemap-item-post page_item page-item-1582 menu-item\"><a href=\"https:\/\/siwaresfurniture.com\/fr\/exemples-darticles-03\/\" class=\"elementor-sitemap-item elementor-sitemap-item-post elementor-sitemap-item elementor-sitemap-item-post menu-link\">Pourquoi de plus en plus de personnes choisissent-elles des chaises ergonomiques ?<\/a><\/li><li class=\"elementor-sitemap-item elementor-sitemap-item-post elementor-sitemap-item elementor-sitemap-item-post page_item page-item-1580 menu-item\"><a href=\"https:\/\/siwaresfurniture.com\/fr\/exemples-darticles-02\/\" class=\"elementor-sitemap-item elementor-sitemap-item-post elementor-sitemap-item elementor-sitemap-item-post menu-link\">Est-il n\u00e9cessaire d'acheter une chaise ergonomique apr\u00e8s \u00eatre rest\u00e9 longtemps assis au bureau ?<\/a><\/li><li class=\"elementor-sitemap-item elementor-sitemap-item-post elementor-sitemap-item elementor-sitemap-item-post page_item page-item-1577 menu-item\"><a href=\"https:\/\/siwaresfurniture.com\/fr\/exemples-darticles\/\" class=\"elementor-sitemap-item elementor-sitemap-item-post elementor-sitemap-item elementor-sitemap-item-post menu-link\">Les bonnes chaises ergonomiques pr\u00e9sentent toutes les caract\u00e9ristiques suivantes<\/a><\/li><\/ul><\/div><\/div>\t\t\t\t<\/div>\n\t\t\t\t<\/div>\n\t\t\t\t\t<\/div>\n\t\t\t\t<\/div>\n\t\t\t\t<\/div>","protected":false},"excerpt":{"rendered":"","protected":false},"author":1,"featured_media":0,"parent":0,"menu_order":0,"comment_status":"closed","ping_status":"closed","template":"","meta":{"site-sidebar-layout":"no-sidebar","site-content-layout":"page-builder","ast-site-content-layout":"full-width-container","site-content-style":"default","site-sidebar-style":"default","ast-global-header-display":"","ast-banner-title-visibility":"","ast-main-header-display":"","ast-hfb-above-header-display":"","ast-hfb-below-header-display":"","ast-hfb-mobile-header-display":"","site-post-title":"disabled","ast-breadcrumbs-content":"","ast-featured-img":"disabled","footer-sml-layout":"","theme-transparent-header-meta":"","adv-header-id-meta":"","stick-header-meta":"","header-above-stick-meta":"","header-main-stick-meta":"","header-below-stick-meta":"","astra-migrate-meta-layouts":"set","ast-page-background-enabled":"default","ast-page-background-meta":{"desktop":{"background-color":"var(--ast-global-color-4)","background-image":"","background-repeat":"repeat","background-position":"center center","background-size":"auto","background-attachment":"scroll","background-type":"","background-media":"","overlay-type":"","overlay-color":"","overlay-opacity":"","overlay-gradient":""},"tablet":{"background-color":"","background-image":"","background-repeat":"repeat","background-position":"center center","background-size":"auto","background-attachment":"scroll","background-type":"","background-media":"","overlay-type":"","overlay-color":"","overlay-opacity":"","overlay-gradient":""},"mobile":{"background-color":"","background-image":"","background-repeat":"repeat","background-position":"center center","background-size":"auto","background-attachment":"scroll","background-type":"","background-media":"","overlay-type":"","overlay-color":"","overlay-opacity":"","overlay-gradient":""}},"ast-content-background-meta":{"desktop":{"background-color":"var(--ast-global-color-5)","background-image":"","background-repeat":"repeat","background-position":"center center","background-size":"auto","background-attachment":"scroll","background-type":"","background-media":"","overlay-type":"","overlay-color":"","overlay-opacity":"","overlay-gradient":""},"tablet":{"background-color":"var(--ast-global-color-5)","background-image":"","background-repeat":"repeat","background-position":"center center","background-size":"auto","background-attachment":"scroll","background-type":"","background-media":"","overlay-type":"","overlay-color":"","overlay-opacity":"","overlay-gradient":""},"mobile":{"background-color":"var(--ast-global-color-5)","background-image":"","background-repeat":"repeat","background-position":"center center","background-size":"auto","background-attachment":"scroll","background-type":"","background-media":"","overlay-type":"","overlay-color":"","overlay-opacity":"","overlay-gradient":""}},"footnotes":""},"class_list":["post-1976","page","type-page","status-publish","hentry"],"aioseo_notices":[],"_links":{"self":[{"href":"https:\/\/siwaresfurniture.com\/fr\/wp-json\/wp\/v2\/pages\/1976","targetHints":{"allow":["GET"]}}],"collection":[{"href":"https:\/\/siwaresfurniture.com\/fr\/wp-json\/wp\/v2\/pages"}],"about":[{"href":"https:\/\/siwaresfurniture.com\/fr\/wp-json\/wp\/v2\/types\/page"}],"author":[{"embeddable":true,"href":"https:\/\/siwaresfurniture.com\/fr\/wp-json\/wp\/v2\/users\/1"}],"replies":[{"embeddable":true,"href":"https:\/\/siwaresfurniture.com\/fr\/wp-json\/wp\/v2\/comments?post=1976"}],"version-history":[{"count":0,"href":"https:\/\/siwaresfurniture.com\/fr\/wp-json\/wp\/v2\/pages\/1976\/revisions"}],"wp:attachment":[{"href":"https:\/\/siwaresfurniture.com\/fr\/wp-json\/wp\/v2\/media?parent=1976"}],"curies":[{"name":"wp","href":"https:\/\/api.w.org\/{rel}","templated":true}]}}