{"id":1716,"date":"2023-11-27T06:06:35","date_gmt":"2023-11-27T06:06:35","guid":{"rendered":"http:\/\/siwaresfurniture.com\/?post_type=product&#038;p=1716"},"modified":"2023-11-27T06:18:14","modified_gmt":"2023-11-27T06:18:14","slug":"b979","status":"publish","type":"product","link":"https:\/\/siwaresfurniture.com\/fr\/produit\/b979\/","title":{"rendered":"B979"},"content":{"rendered":"<p><img fetchpriority=\"high\" decoding=\"async\" class=\"aligncenter wp-image-1721 size-full\" src=\"http:\/\/siwaresfurniture.com\/wp-content\/uploads\/2023\/11\/\u8be6\u60c5_01-1.jpg\" alt=\"\" width=\"750\" height=\"1729\" srcset=\"https:\/\/siwaresfurniture.com\/wp-content\/uploads\/2023\/11\/\u8be6\u60c5_01-1.jpg 750w, https:\/\/siwaresfurniture.com\/wp-content\/uploads\/2023\/11\/\u8be6\u60c5_01-1-400x922.jpg 400w, https:\/\/siwaresfurniture.com\/wp-content\/uploads\/2023\/11\/\u8be6\u60c5_01-1-130x300.jpg 130w, https:\/\/siwaresfurniture.com\/wp-content\/uploads\/2023\/11\/\u8be6\u60c5_01-1-444x1024.jpg 444w, https:\/\/siwaresfurniture.com\/wp-content\/uploads\/2023\/11\/\u8be6\u60c5_01-1-666x1536.jpg 666w\" sizes=\"(max-width: 750px) 100vw, 750px\" \/> <img decoding=\"async\" class=\"aligncenter wp-image-1722 size-full\" src=\"http:\/\/siwaresfurniture.com\/wp-content\/uploads\/2023\/11\/\u8be6\u60c5_02-1.jpg\" alt=\"\" width=\"750\" height=\"904\" srcset=\"https:\/\/siwaresfurniture.com\/wp-content\/uploads\/2023\/11\/\u8be6\u60c5_02-1.jpg 750w, https:\/\/siwaresfurniture.com\/wp-content\/uploads\/2023\/11\/\u8be6\u60c5_02-1-400x482.jpg 400w, https:\/\/siwaresfurniture.com\/wp-content\/uploads\/2023\/11\/\u8be6\u60c5_02-1-249x300.jpg 249w\" sizes=\"(max-width: 750px) 100vw, 750px\" \/> <img decoding=\"async\" class=\"aligncenter wp-image-1723 size-full\" src=\"http:\/\/siwaresfurniture.com\/wp-content\/uploads\/2023\/11\/\u8be6\u60c5_03-1.jpg\" alt=\"\" width=\"750\" height=\"1620\" srcset=\"https:\/\/siwaresfurniture.com\/wp-content\/uploads\/2023\/11\/\u8be6\u60c5_03-1.jpg 750w, https:\/\/siwaresfurniture.com\/wp-content\/uploads\/2023\/11\/\u8be6\u60c5_03-1-400x864.jpg 400w, https:\/\/siwaresfurniture.com\/wp-content\/uploads\/2023\/11\/\u8be6\u60c5_03-1-139x300.jpg 139w, https:\/\/siwaresfurniture.com\/wp-content\/uploads\/2023\/11\/\u8be6\u60c5_03-1-474x1024.jpg 474w, https:\/\/siwaresfurniture.com\/wp-content\/uploads\/2023\/11\/\u8be6\u60c5_03-1-711x1536.jpg 711w\" sizes=\"(max-width: 750px) 100vw, 750px\" \/> <img loading=\"lazy\" decoding=\"async\" class=\"aligncenter wp-image-1724 size-full\" src=\"http:\/\/siwaresfurniture.com\/wp-content\/uploads\/2023\/11\/\u8be6\u60c5_04-1.jpg\" alt=\"\" width=\"750\" height=\"919\" srcset=\"https:\/\/siwaresfurniture.com\/wp-content\/uploads\/2023\/11\/\u8be6\u60c5_04-1.jpg 750w, https:\/\/siwaresfurniture.com\/wp-content\/uploads\/2023\/11\/\u8be6\u60c5_04-1-400x490.jpg 400w, https:\/\/siwaresfurniture.com\/wp-content\/uploads\/2023\/11\/\u8be6\u60c5_04-1-245x300.jpg 245w\" sizes=\"(max-width: 750px) 100vw, 750px\" \/> <img loading=\"lazy\" decoding=\"async\" class=\"aligncenter wp-image-1725 size-full\" src=\"http:\/\/siwaresfurniture.com\/wp-content\/uploads\/2023\/11\/\u8be6\u60c5_05-1.jpg\" alt=\"\" width=\"750\" height=\"948\" srcset=\"https:\/\/siwaresfurniture.com\/wp-content\/uploads\/2023\/11\/\u8be6\u60c5_05-1.jpg 750w, https:\/\/siwaresfurniture.com\/wp-content\/uploads\/2023\/11\/\u8be6\u60c5_05-1-400x506.jpg 400w, https:\/\/siwaresfurniture.com\/wp-content\/uploads\/2023\/11\/\u8be6\u60c5_05-1-237x300.jpg 237w\" sizes=\"(max-width: 750px) 100vw, 750px\" \/> <img loading=\"lazy\" decoding=\"async\" class=\"aligncenter wp-image-1726 size-full\" src=\"http:\/\/siwaresfurniture.com\/wp-content\/uploads\/2023\/11\/\u8be6\u60c5_06-1.jpg\" alt=\"\" width=\"750\" height=\"981\" srcset=\"https:\/\/siwaresfurniture.com\/wp-content\/uploads\/2023\/11\/\u8be6\u60c5_06-1.jpg 750w, https:\/\/siwaresfurniture.com\/wp-content\/uploads\/2023\/11\/\u8be6\u60c5_06-1-400x523.jpg 400w, https:\/\/siwaresfurniture.com\/wp-content\/uploads\/2023\/11\/\u8be6\u60c5_06-1-229x300.jpg 229w\" sizes=\"(max-width: 750px) 100vw, 750px\" \/> <img loading=\"lazy\" decoding=\"async\" class=\"aligncenter wp-image-1727 size-full\" src=\"http:\/\/siwaresfurniture.com\/wp-content\/uploads\/2023\/11\/\u8be6\u60c5_07-1.jpg\" alt=\"\" width=\"750\" height=\"698\" srcset=\"https:\/\/siwaresfurniture.com\/wp-content\/uploads\/2023\/11\/\u8be6\u60c5_07-1.jpg 750w, https:\/\/siwaresfurniture.com\/wp-content\/uploads\/2023\/11\/\u8be6\u60c5_07-1-400x372.jpg 400w, https:\/\/siwaresfurniture.com\/wp-content\/uploads\/2023\/11\/\u8be6\u60c5_07-1-300x279.jpg 300w\" sizes=\"(max-width: 750px) 100vw, 750px\" \/> <img loading=\"lazy\" decoding=\"async\" class=\"aligncenter wp-image-1728 size-full\" src=\"http:\/\/siwaresfurniture.com\/wp-content\/uploads\/2023\/11\/\u8be6\u60c5_08-1.jpg\" alt=\"\" width=\"750\" height=\"762\" srcset=\"https:\/\/siwaresfurniture.com\/wp-content\/uploads\/2023\/11\/\u8be6\u60c5_08-1.jpg 750w, https:\/\/siwaresfurniture.com\/wp-content\/uploads\/2023\/11\/\u8be6\u60c5_08-1-400x406.jpg 400w, https:\/\/siwaresfurniture.com\/wp-content\/uploads\/2023\/11\/\u8be6\u60c5_08-1-295x300.jpg 295w\" sizes=\"(max-width: 750px) 100vw, 750px\" \/> <img loading=\"lazy\" decoding=\"async\" class=\"aligncenter wp-image-1729 size-full\" src=\"http:\/\/siwaresfurniture.com\/wp-content\/uploads\/2023\/11\/\u8be6\u60c5_09-1.jpg\" alt=\"\" width=\"750\" height=\"469\" srcset=\"https:\/\/siwaresfurniture.com\/wp-content\/uploads\/2023\/11\/\u8be6\u60c5_09-1.jpg 750w, https:\/\/siwaresfurniture.com\/wp-content\/uploads\/2023\/11\/\u8be6\u60c5_09-1-400x250.jpg 400w, https:\/\/siwaresfurniture.com\/wp-content\/uploads\/2023\/11\/\u8be6\u60c5_09-1-300x188.jpg 300w\" sizes=\"(max-width: 750px) 100vw, 750px\" \/> <img loading=\"lazy\" decoding=\"async\" class=\"aligncenter wp-image-1730 size-full\" src=\"http:\/\/siwaresfurniture.com\/wp-content\/uploads\/2023\/11\/\u8be6\u60c5_10-1.jpg\" alt=\"\" width=\"750\" height=\"1167\" srcset=\"https:\/\/siwaresfurniture.com\/wp-content\/uploads\/2023\/11\/\u8be6\u60c5_10-1.jpg 750w, https:\/\/siwaresfurniture.com\/wp-content\/uploads\/2023\/11\/\u8be6\u60c5_10-1-400x622.jpg 400w, https:\/\/siwaresfurniture.com\/wp-content\/uploads\/2023\/11\/\u8be6\u60c5_10-1-193x300.jpg 193w, https:\/\/siwaresfurniture.com\/wp-content\/uploads\/2023\/11\/\u8be6\u60c5_10-1-658x1024.jpg 658w\" sizes=\"(max-width: 750px) 100vw, 750px\" \/> <img loading=\"lazy\" decoding=\"async\" class=\"aligncenter wp-image-1731 size-full\" src=\"http:\/\/siwaresfurniture.com\/wp-content\/uploads\/2023\/11\/\u8be6\u60c5_11-1.jpg\" alt=\"\" width=\"750\" height=\"778\" srcset=\"https:\/\/siwaresfurniture.com\/wp-content\/uploads\/2023\/11\/\u8be6\u60c5_11-1.jpg 750w, https:\/\/siwaresfurniture.com\/wp-content\/uploads\/2023\/11\/\u8be6\u60c5_11-1-400x415.jpg 400w, https:\/\/siwaresfurniture.com\/wp-content\/uploads\/2023\/11\/\u8be6\u60c5_11-1-289x300.jpg 289w\" sizes=\"(max-width: 750px) 100vw, 750px\" \/> <img loading=\"lazy\" decoding=\"async\" class=\"aligncenter wp-image-1732 size-full\" src=\"http:\/\/siwaresfurniture.com\/wp-content\/uploads\/2023\/11\/\u8be6\u60c5_12-1.jpg\" alt=\"\" width=\"750\" height=\"736\" srcset=\"https:\/\/siwaresfurniture.com\/wp-content\/uploads\/2023\/11\/\u8be6\u60c5_12-1.jpg 750w, https:\/\/siwaresfurniture.com\/wp-content\/uploads\/2023\/11\/\u8be6\u60c5_12-1-400x393.jpg 400w, https:\/\/siwaresfurniture.com\/wp-content\/uploads\/2023\/11\/\u8be6\u60c5_12-1-300x294.jpg 300w\" sizes=\"(max-width: 750px) 100vw, 750px\" \/> <img loading=\"lazy\" decoding=\"async\" class=\"aligncenter wp-image-1733 size-full\" src=\"http:\/\/siwaresfurniture.com\/wp-content\/uploads\/2023\/11\/\u8be6\u60c5_13-1.jpg\" alt=\"\" width=\"750\" height=\"499\" srcset=\"https:\/\/siwaresfurniture.com\/wp-content\/uploads\/2023\/11\/\u8be6\u60c5_13-1.jpg 750w, https:\/\/siwaresfurniture.com\/wp-content\/uploads\/2023\/11\/\u8be6\u60c5_13-1-400x266.jpg 400w, https:\/\/siwaresfurniture.com\/wp-content\/uploads\/2023\/11\/\u8be6\u60c5_13-1-300x200.jpg 300w\" sizes=\"(max-width: 750px) 100vw, 750px\" \/> <img loading=\"lazy\" decoding=\"async\" class=\"aligncenter wp-image-1734 size-full\" src=\"http:\/\/siwaresfurniture.com\/wp-content\/uploads\/2023\/11\/\u8be6\u60c5_14-1.jpg\" alt=\"\" width=\"750\" height=\"1320\" srcset=\"https:\/\/siwaresfurniture.com\/wp-content\/uploads\/2023\/11\/\u8be6\u60c5_14-1.jpg 750w, https:\/\/siwaresfurniture.com\/wp-content\/uploads\/2023\/11\/\u8be6\u60c5_14-1-400x704.jpg 400w, https:\/\/siwaresfurniture.com\/wp-content\/uploads\/2023\/11\/\u8be6\u60c5_14-1-170x300.jpg 170w, https:\/\/siwaresfurniture.com\/wp-content\/uploads\/2023\/11\/\u8be6\u60c5_14-1-582x1024.jpg 582w\" sizes=\"(max-width: 750px) 100vw, 750px\" \/><\/p>","protected":false},"excerpt":{"rendered":"<p>Nom : Bureau de bureau\/bureau de patron\/bureau de manager<br \/>\nMod\u00e8le :<\/p>\n<ul>\n<li>B979-1616<\/li>\n<li>B979-1816<\/li>\n<li>B979-2016<\/li>\n<\/ul>\n<p>Taille :<\/p>\n<ul>\n<li>L1600*1600W*H750<\/li>\n<li>L1800*1600W*H750<\/li>\n<li>L2000*1600W*H750<\/li>\n<\/ul>\n<p>Mat\u00e9riau : carton m\u00e9lamin\u00e9<\/p>\n<p>\u00c9paisseur du plateau : 25 mm, pieds en acier, couleur illustr\u00e9e.<\/p>\n<p>Mat\u00e9riau : carton m\u00e9lamin\u00e9<br \/>\nEpaisseur du plateau : 25MM, pieds en acier, couleur comme indiqu\u00e9 sur la figure.<\/p>\n<p>Style : Moderne\/Simple<br \/>\nMarque : siwares<\/p>","protected":false},"featured_media":1719,"template":"","meta":{"site-sidebar-layout":"default","site-content-layout":"","ast-site-content-layout":"default","site-content-style":"default","site-sidebar-style":"default","ast-global-header-display":"","ast-banner-title-visibility":"","ast-main-header-display":"","ast-hfb-above-header-display":"","ast-hfb-below-header-display":"","ast-hfb-mobile-header-display":"","site-post-title":"","ast-breadcrumbs-content":"","ast-featured-img":"","footer-sml-layout":"","theme-transparent-header-meta":"default","adv-header-id-meta":"","stick-header-meta":"","header-above-stick-meta":"","header-main-stick-meta":"","header-below-stick-meta":"","astra-migrate-meta-layouts":"set","ast-page-background-enabled":"default","ast-page-background-meta":{"desktop":{"background-color":"var(--ast-global-color-4)","background-image":"","background-repeat":"repeat","background-position":"center center","background-size":"auto","background-attachment":"scroll","background-type":"","background-media":"","overlay-type":"","overlay-color":"","overlay-opacity":"","overlay-gradient":""},"tablet":{"background-color":"","background-image":"","background-repeat":"repeat","background-position":"center center","background-size":"auto","background-attachment":"scroll","background-type":"","background-media":"","overlay-type":"","overlay-color":"","overlay-opacity":"","overlay-gradient":""},"mobile":{"background-color":"","background-image":"","background-repeat":"repeat","background-position":"center center","background-size":"auto","background-attachment":"scroll","background-type":"","background-media":"","overlay-type":"","overlay-color":"","overlay-opacity":"","overlay-gradient":""}},"ast-content-background-meta":{"desktop":{"background-color":"var(--ast-global-color-5)","background-image":"","background-repeat":"repeat","background-position":"center center","background-size":"auto","background-attachment":"scroll","background-type":"","background-media":"","overlay-type":"","overlay-color":"","overlay-opacity":"","overlay-gradient":""},"tablet":{"background-color":"var(--ast-global-color-5)","background-image":"","background-repeat":"repeat","background-position":"center center","background-size":"auto","background-attachment":"scroll","background-type":"","background-media":"","overlay-type":"","overlay-color":"","overlay-opacity":"","overlay-gradient":""},"mobile":{"background-color":"var(--ast-global-color-5)","background-image":"","background-repeat":"repeat","background-position":"center center","background-size":"auto","background-attachment":"scroll","background-type":"","background-media":"","overlay-type":"","overlay-color":"","overlay-opacity":"","overlay-gradient":""}}},"product_brand":[],"product_cat":[22],"product_tag":[],"class_list":{"0":"post-1716","1":"product","2":"type-product","3":"status-publish","4":"has-post-thumbnail","6":"product_cat-uncategorized","7":"desktop-align-center","8":"tablet-align-left","9":"mobile-align-left","10":"ast-product-gallery-layout-horizontal-slider","12":"first","13":"instock","14":"shipping-taxable","15":"product-type-simple"},"aioseo_notices":[],"_links":{"self":[{"href":"https:\/\/siwaresfurniture.com\/fr\/wp-json\/wp\/v2\/product\/1716","targetHints":{"allow":["GET"]}}],"collection":[{"href":"https:\/\/siwaresfurniture.com\/fr\/wp-json\/wp\/v2\/product"}],"about":[{"href":"https:\/\/siwaresfurniture.com\/fr\/wp-json\/wp\/v2\/types\/product"}],"version-history":[{"count":0,"href":"https:\/\/siwaresfurniture.com\/fr\/wp-json\/wp\/v2\/product\/1716\/revisions"}],"wp:featuredmedia":[{"embeddable":true,"href":"https:\/\/siwaresfurniture.com\/fr\/wp-json\/wp\/v2\/media\/1719"}],"wp:attachment":[{"href":"https:\/\/siwaresfurniture.com\/fr\/wp-json\/wp\/v2\/media?parent=1716"}],"wp:term":[{"taxonomy":"product_brand","embeddable":true,"href":"https:\/\/siwaresfurniture.com\/fr\/wp-json\/wp\/v2\/product_brand?post=1716"},{"taxonomy":"product_cat","embeddable":true,"href":"https:\/\/siwaresfurniture.com\/fr\/wp-json\/wp\/v2\/product_cat?post=1716"},{"taxonomy":"product_tag","embeddable":true,"href":"https:\/\/siwaresfurniture.com\/fr\/wp-json\/wp\/v2\/product_tag?post=1716"}],"curies":[{"name":"wp","href":"https:\/\/api.w.org\/{rel}","templated":true}]}}