{"id":2500,"date":"2024-02-24T08:31:41","date_gmt":"2024-02-24T08:31:41","guid":{"rendered":"https:\/\/siwaresfurniture.com\/?post_type=product&#038;p=2500"},"modified":"2024-02-24T08:31:42","modified_gmt":"2024-02-24T08:31:42","slug":"modern-ceo-office-executive-desk-luxury-designs","status":"publish","type":"product","link":"https:\/\/siwaresfurniture.com\/fr\/produit\/bureau-moderne-de-directeur-general-bureau-de-direction-design-de-luxe\/","title":{"rendered":"Bureau moderne pour PDG Bureau de direction Designs de luxe"},"content":{"rendered":"<p><img fetchpriority=\"high\" decoding=\"async\" class=\"alignnone size-full wp-image-2504 aligncenter\" src=\"https:\/\/siwaresfurniture.com\/wp-content\/uploads\/2024\/02\/\u8be6\u60c5_01-7.jpg\" alt=\"\" width=\"750\" height=\"849\" srcset=\"https:\/\/siwaresfurniture.com\/wp-content\/uploads\/2024\/02\/\u8be6\u60c5_01-7.jpg 750w, https:\/\/siwaresfurniture.com\/wp-content\/uploads\/2024\/02\/\u8be6\u60c5_01-7-265x300.jpg 265w, https:\/\/siwaresfurniture.com\/wp-content\/uploads\/2024\/02\/\u8be6\u60c5_01-7-11x12.jpg 11w, https:\/\/siwaresfurniture.com\/wp-content\/uploads\/2024\/02\/\u8be6\u60c5_01-7-400x453.jpg 400w\" sizes=\"(max-width: 750px) 100vw, 750px\" \/> <img decoding=\"async\" class=\"alignnone size-full wp-image-2505 aligncenter\" src=\"https:\/\/siwaresfurniture.com\/wp-content\/uploads\/2024\/02\/\u8be6\u60c5_02-5.jpg\" alt=\"\" width=\"750\" height=\"847\" srcset=\"https:\/\/siwaresfurniture.com\/wp-content\/uploads\/2024\/02\/\u8be6\u60c5_02-5.jpg 750w, https:\/\/siwaresfurniture.com\/wp-content\/uploads\/2024\/02\/\u8be6\u60c5_02-5-266x300.jpg 266w, https:\/\/siwaresfurniture.com\/wp-content\/uploads\/2024\/02\/\u8be6\u60c5_02-5-11x12.jpg 11w, https:\/\/siwaresfurniture.com\/wp-content\/uploads\/2024\/02\/\u8be6\u60c5_02-5-400x452.jpg 400w\" sizes=\"(max-width: 750px) 100vw, 750px\" \/> <img decoding=\"async\" class=\"alignnone size-full wp-image-2506 aligncenter\" src=\"https:\/\/siwaresfurniture.com\/wp-content\/uploads\/2024\/02\/\u8be6\u60c5_03-6.jpg\" alt=\"\" width=\"750\" height=\"753\" srcset=\"https:\/\/siwaresfurniture.com\/wp-content\/uploads\/2024\/02\/\u8be6\u60c5_03-6.jpg 750w, https:\/\/siwaresfurniture.com\/wp-content\/uploads\/2024\/02\/\u8be6\u60c5_03-6-300x300.jpg 300w, https:\/\/siwaresfurniture.com\/wp-content\/uploads\/2024\/02\/\u8be6\u60c5_03-6-150x150.jpg 150w, https:\/\/siwaresfurniture.com\/wp-content\/uploads\/2024\/02\/\u8be6\u60c5_03-6-12x12.jpg 12w, https:\/\/siwaresfurniture.com\/wp-content\/uploads\/2024\/02\/\u8be6\u60c5_03-6-400x402.jpg 400w, https:\/\/siwaresfurniture.com\/wp-content\/uploads\/2024\/02\/\u8be6\u60c5_03-6-100x100.jpg 100w\" sizes=\"(max-width: 750px) 100vw, 750px\" \/> <img loading=\"lazy\" decoding=\"async\" class=\"alignnone size-full wp-image-2507 aligncenter\" src=\"https:\/\/siwaresfurniture.com\/wp-content\/uploads\/2024\/02\/\u8be6\u60c5_04-6.jpg\" alt=\"\" width=\"750\" height=\"941\" srcset=\"https:\/\/siwaresfurniture.com\/wp-content\/uploads\/2024\/02\/\u8be6\u60c5_04-6.jpg 750w, https:\/\/siwaresfurniture.com\/wp-content\/uploads\/2024\/02\/\u8be6\u60c5_04-6-239x300.jpg 239w, https:\/\/siwaresfurniture.com\/wp-content\/uploads\/2024\/02\/\u8be6\u60c5_04-6-10x12.jpg 10w, https:\/\/siwaresfurniture.com\/wp-content\/uploads\/2024\/02\/\u8be6\u60c5_04-6-400x502.jpg 400w\" sizes=\"(max-width: 750px) 100vw, 750px\" \/> <img loading=\"lazy\" decoding=\"async\" class=\"alignnone size-full wp-image-2508 aligncenter\" src=\"https:\/\/siwaresfurniture.com\/wp-content\/uploads\/2024\/02\/\u8be6\u60c5_05-6.jpg\" alt=\"\" width=\"750\" height=\"930\" srcset=\"https:\/\/siwaresfurniture.com\/wp-content\/uploads\/2024\/02\/\u8be6\u60c5_05-6.jpg 750w, https:\/\/siwaresfurniture.com\/wp-content\/uploads\/2024\/02\/\u8be6\u60c5_05-6-242x300.jpg 242w, https:\/\/siwaresfurniture.com\/wp-content\/uploads\/2024\/02\/\u8be6\u60c5_05-6-10x12.jpg 10w, https:\/\/siwaresfurniture.com\/wp-content\/uploads\/2024\/02\/\u8be6\u60c5_05-6-400x496.jpg 400w\" sizes=\"(max-width: 750px) 100vw, 750px\" \/> <img loading=\"lazy\" decoding=\"async\" class=\"alignnone size-full wp-image-2509 aligncenter\" src=\"https:\/\/siwaresfurniture.com\/wp-content\/uploads\/2024\/02\/\u8be6\u60c5_06-6.jpg\" alt=\"\" width=\"750\" height=\"932\" srcset=\"https:\/\/siwaresfurniture.com\/wp-content\/uploads\/2024\/02\/\u8be6\u60c5_06-6.jpg 750w, https:\/\/siwaresfurniture.com\/wp-content\/uploads\/2024\/02\/\u8be6\u60c5_06-6-241x300.jpg 241w, https:\/\/siwaresfurniture.com\/wp-content\/uploads\/2024\/02\/\u8be6\u60c5_06-6-10x12.jpg 10w, https:\/\/siwaresfurniture.com\/wp-content\/uploads\/2024\/02\/\u8be6\u60c5_06-6-400x497.jpg 400w\" sizes=\"(max-width: 750px) 100vw, 750px\" \/> <img loading=\"lazy\" decoding=\"async\" class=\"alignnone size-full wp-image-2510 aligncenter\" src=\"https:\/\/siwaresfurniture.com\/wp-content\/uploads\/2024\/02\/\u8be6\u60c5_07-6.jpg\" alt=\"\" width=\"750\" height=\"1058\" srcset=\"https:\/\/siwaresfurniture.com\/wp-content\/uploads\/2024\/02\/\u8be6\u60c5_07-6.jpg 750w, https:\/\/siwaresfurniture.com\/wp-content\/uploads\/2024\/02\/\u8be6\u60c5_07-6-213x300.jpg 213w, https:\/\/siwaresfurniture.com\/wp-content\/uploads\/2024\/02\/\u8be6\u60c5_07-6-726x1024.jpg 726w, https:\/\/siwaresfurniture.com\/wp-content\/uploads\/2024\/02\/\u8be6\u60c5_07-6-9x12.jpg 9w, https:\/\/siwaresfurniture.com\/wp-content\/uploads\/2024\/02\/\u8be6\u60c5_07-6-400x564.jpg 400w\" sizes=\"(max-width: 750px) 100vw, 750px\" \/><\/p>","protected":false},"excerpt":{"rendered":"<p>Mod\u00e8le : B618<\/p>\n<p>Taille (mm) : 2400*2000*750\/ 2800*2000*750\/ 3200*2000*750<\/p>\n<p>Mat\u00e9riau principal : Panneau de m\u00e9lamine MDF+HDF+Alliage d'acier de haute qualit\u00e9.<\/p>\n<p>Service : Service personnalis\u00e9 OEM\/ ODM, service avant-vente, assurance commerciale, service apr\u00e8s-vente, etc.<\/p>","protected":false},"featured_media":2501,"template":"","meta":{"site-sidebar-layout":"default","site-content-layout":"","ast-site-content-layout":"default","site-content-style":"default","site-sidebar-style":"default","ast-global-header-display":"","ast-banner-title-visibility":"","ast-main-header-display":"","ast-hfb-above-header-display":"","ast-hfb-below-header-display":"","ast-hfb-mobile-header-display":"","site-post-title":"","ast-breadcrumbs-content":"","ast-featured-img":"","footer-sml-layout":"","ast-disable-related-posts":"","theme-transparent-header-meta":"default","adv-header-id-meta":"","stick-header-meta":"","header-above-stick-meta":"","header-main-stick-meta":"","header-below-stick-meta":"","astra-migrate-meta-layouts":"set","ast-page-background-enabled":"default","ast-page-background-meta":{"desktop":{"background-color":"var(--ast-global-color-4)","background-image":"","background-repeat":"repeat","background-position":"center center","background-size":"auto","background-attachment":"scroll","background-type":"","background-media":"","overlay-type":"","overlay-color":"","overlay-opacity":"","overlay-gradient":""},"tablet":{"background-color":"","background-image":"","background-repeat":"repeat","background-position":"center center","background-size":"auto","background-attachment":"scroll","background-type":"","background-media":"","overlay-type":"","overlay-color":"","overlay-opacity":"","overlay-gradient":""},"mobile":{"background-color":"","background-image":"","background-repeat":"repeat","background-position":"center center","background-size":"auto","background-attachment":"scroll","background-type":"","background-media":"","overlay-type":"","overlay-color":"","overlay-opacity":"","overlay-gradient":""}},"ast-content-background-meta":{"desktop":{"background-color":"var(--ast-global-color-5)","background-image":"","background-repeat":"repeat","background-position":"center center","background-size":"auto","background-attachment":"scroll","background-type":"","background-media":"","overlay-type":"","overlay-color":"","overlay-opacity":"","overlay-gradient":""},"tablet":{"background-color":"var(--ast-global-color-5)","background-image":"","background-repeat":"repeat","background-position":"center center","background-size":"auto","background-attachment":"scroll","background-type":"","background-media":"","overlay-type":"","overlay-color":"","overlay-opacity":"","overlay-gradient":""},"mobile":{"background-color":"var(--ast-global-color-5)","background-image":"","background-repeat":"repeat","background-position":"center center","background-size":"auto","background-attachment":"scroll","background-type":"","background-media":"","overlay-type":"","overlay-color":"","overlay-opacity":"","overlay-gradient":""}}},"product_brand":[],"product_cat":[65],"product_tag":[],"class_list":{"0":"post-2500","1":"product","2":"type-product","3":"status-publish","4":"has-post-thumbnail","6":"product_cat-boss-desk","7":"desktop-align-center","8":"tablet-align-left","9":"mobile-align-left","10":"ast-product-gallery-layout-horizontal-slider","12":"first","13":"instock","14":"shipping-taxable","15":"product-type-simple"},"aioseo_notices":[],"_links":{"self":[{"href":"https:\/\/siwaresfurniture.com\/fr\/wp-json\/wp\/v2\/product\/2500","targetHints":{"allow":["GET"]}}],"collection":[{"href":"https:\/\/siwaresfurniture.com\/fr\/wp-json\/wp\/v2\/product"}],"about":[{"href":"https:\/\/siwaresfurniture.com\/fr\/wp-json\/wp\/v2\/types\/product"}],"version-history":[{"count":0,"href":"https:\/\/siwaresfurniture.com\/fr\/wp-json\/wp\/v2\/product\/2500\/revisions"}],"wp:featuredmedia":[{"embeddable":true,"href":"https:\/\/siwaresfurniture.com\/fr\/wp-json\/wp\/v2\/media\/2501"}],"wp:attachment":[{"href":"https:\/\/siwaresfurniture.com\/fr\/wp-json\/wp\/v2\/media?parent=2500"}],"wp:term":[{"taxonomy":"product_brand","embeddable":true,"href":"https:\/\/siwaresfurniture.com\/fr\/wp-json\/wp\/v2\/product_brand?post=2500"},{"taxonomy":"product_cat","embeddable":true,"href":"https:\/\/siwaresfurniture.com\/fr\/wp-json\/wp\/v2\/product_cat?post=2500"},{"taxonomy":"product_tag","embeddable":true,"href":"https:\/\/siwaresfurniture.com\/fr\/wp-json\/wp\/v2\/product_tag?post=2500"}],"curies":[{"name":"wp","href":"https:\/\/api.w.org\/{rel}","templated":true}]}}