{"id":3311,"date":"2024-03-20T07:16:37","date_gmt":"2024-03-20T07:16:37","guid":{"rendered":"https:\/\/siwaresfurniture.com\/?post_type=product&#038;p=3311"},"modified":"2024-03-20T07:46:44","modified_gmt":"2024-03-20T07:46:44","slug":"filing-cabinet-bookcase-4","status":"publish","type":"product","link":"https:\/\/siwaresfurniture.com\/fr\/produit\/classeur-bibliotheque-4\/","title":{"rendered":"Classeur\/ biblioth\u00e8que"},"content":{"rendered":"<p><img fetchpriority=\"high\" decoding=\"async\" class=\"alignnone size-full wp-image-3339 aligncenter\" src=\"https:\/\/siwaresfurniture.com\/wp-content\/uploads\/2024\/03\/\u6587\u4ef6\u67dc_01.jpg\" alt=\"\" width=\"750\" height=\"1126\" srcset=\"https:\/\/siwaresfurniture.com\/wp-content\/uploads\/2024\/03\/\u6587\u4ef6\u67dc_01.jpg 750w, https:\/\/siwaresfurniture.com\/wp-content\/uploads\/2024\/03\/\u6587\u4ef6\u67dc_01-200x300.jpg 200w, https:\/\/siwaresfurniture.com\/wp-content\/uploads\/2024\/03\/\u6587\u4ef6\u67dc_01-682x1024.jpg 682w, https:\/\/siwaresfurniture.com\/wp-content\/uploads\/2024\/03\/\u6587\u4ef6\u67dc_01-8x12.jpg 8w, https:\/\/siwaresfurniture.com\/wp-content\/uploads\/2024\/03\/\u6587\u4ef6\u67dc_01-400x601.jpg 400w\" sizes=\"(max-width: 750px) 100vw, 750px\" \/> <img decoding=\"async\" class=\"alignnone size-full wp-image-3340 aligncenter\" src=\"https:\/\/siwaresfurniture.com\/wp-content\/uploads\/2024\/03\/\u6587\u4ef6\u67dc_02-1.jpg\" alt=\"\" width=\"750\" height=\"827\" srcset=\"https:\/\/siwaresfurniture.com\/wp-content\/uploads\/2024\/03\/\u6587\u4ef6\u67dc_02-1.jpg 750w, https:\/\/siwaresfurniture.com\/wp-content\/uploads\/2024\/03\/\u6587\u4ef6\u67dc_02-1-272x300.jpg 272w, https:\/\/siwaresfurniture.com\/wp-content\/uploads\/2024\/03\/\u6587\u4ef6\u67dc_02-1-11x12.jpg 11w, https:\/\/siwaresfurniture.com\/wp-content\/uploads\/2024\/03\/\u6587\u4ef6\u67dc_02-1-400x441.jpg 400w\" sizes=\"(max-width: 750px) 100vw, 750px\" \/> <img decoding=\"async\" class=\"alignnone size-full wp-image-3341 aligncenter\" src=\"https:\/\/siwaresfurniture.com\/wp-content\/uploads\/2024\/03\/\u6587\u4ef6\u67dc_03-1.jpg\" alt=\"\" width=\"750\" height=\"893\" srcset=\"https:\/\/siwaresfurniture.com\/wp-content\/uploads\/2024\/03\/\u6587\u4ef6\u67dc_03-1.jpg 750w, https:\/\/siwaresfurniture.com\/wp-content\/uploads\/2024\/03\/\u6587\u4ef6\u67dc_03-1-252x300.jpg 252w, https:\/\/siwaresfurniture.com\/wp-content\/uploads\/2024\/03\/\u6587\u4ef6\u67dc_03-1-10x12.jpg 10w, https:\/\/siwaresfurniture.com\/wp-content\/uploads\/2024\/03\/\u6587\u4ef6\u67dc_03-1-400x476.jpg 400w\" sizes=\"(max-width: 750px) 100vw, 750px\" \/> <img loading=\"lazy\" decoding=\"async\" class=\"alignnone size-full wp-image-3342 aligncenter\" src=\"https:\/\/siwaresfurniture.com\/wp-content\/uploads\/2024\/03\/\u6587\u4ef6\u67dc_04-1.jpg\" alt=\"\" width=\"750\" height=\"1126\" srcset=\"https:\/\/siwaresfurniture.com\/wp-content\/uploads\/2024\/03\/\u6587\u4ef6\u67dc_04-1.jpg 750w, https:\/\/siwaresfurniture.com\/wp-content\/uploads\/2024\/03\/\u6587\u4ef6\u67dc_04-1-200x300.jpg 200w, https:\/\/siwaresfurniture.com\/wp-content\/uploads\/2024\/03\/\u6587\u4ef6\u67dc_04-1-682x1024.jpg 682w, https:\/\/siwaresfurniture.com\/wp-content\/uploads\/2024\/03\/\u6587\u4ef6\u67dc_04-1-8x12.jpg 8w, https:\/\/siwaresfurniture.com\/wp-content\/uploads\/2024\/03\/\u6587\u4ef6\u67dc_04-1-400x601.jpg 400w\" sizes=\"(max-width: 750px) 100vw, 750px\" \/> <img loading=\"lazy\" decoding=\"async\" class=\"alignnone size-full wp-image-3343 aligncenter\" src=\"https:\/\/siwaresfurniture.com\/wp-content\/uploads\/2024\/03\/\u6587\u4ef6\u67dc_05-1.jpg\" alt=\"\" width=\"750\" height=\"725\" srcset=\"https:\/\/siwaresfurniture.com\/wp-content\/uploads\/2024\/03\/\u6587\u4ef6\u67dc_05-1.jpg 750w, https:\/\/siwaresfurniture.com\/wp-content\/uploads\/2024\/03\/\u6587\u4ef6\u67dc_05-1-300x290.jpg 300w, https:\/\/siwaresfurniture.com\/wp-content\/uploads\/2024\/03\/\u6587\u4ef6\u67dc_05-1-12x12.jpg 12w, https:\/\/siwaresfurniture.com\/wp-content\/uploads\/2024\/03\/\u6587\u4ef6\u67dc_05-1-400x387.jpg 400w\" sizes=\"(max-width: 750px) 100vw, 750px\" \/> <img loading=\"lazy\" decoding=\"async\" class=\"alignnone size-full wp-image-3344 aligncenter\" src=\"https:\/\/siwaresfurniture.com\/wp-content\/uploads\/2024\/03\/\u6587\u4ef6\u67dc_06.jpg\" alt=\"\" width=\"750\" height=\"1084\" srcset=\"https:\/\/siwaresfurniture.com\/wp-content\/uploads\/2024\/03\/\u6587\u4ef6\u67dc_06.jpg 750w, https:\/\/siwaresfurniture.com\/wp-content\/uploads\/2024\/03\/\u6587\u4ef6\u67dc_06-208x300.jpg 208w, https:\/\/siwaresfurniture.com\/wp-content\/uploads\/2024\/03\/\u6587\u4ef6\u67dc_06-708x1024.jpg 708w, https:\/\/siwaresfurniture.com\/wp-content\/uploads\/2024\/03\/\u6587\u4ef6\u67dc_06-8x12.jpg 8w, https:\/\/siwaresfurniture.com\/wp-content\/uploads\/2024\/03\/\u6587\u4ef6\u67dc_06-400x578.jpg 400w\" sizes=\"(max-width: 750px) 100vw, 750px\" \/><\/p>","protected":false},"excerpt":{"rendered":"<p>Mod\u00e8le : S927<\/p>\n<p>Taille (mm) : 2000*400*2000<\/p>\n<p>Mat\u00e9riau principal : Panneau en m\u00e9lamine HDF + alliage d'acier de haute qualit\u00e9.<\/p>\n<p>MOQ : \u2265 1 Sets<\/p>\n<p>Service : garantie de 5 ans, service de personnalisation OEM\/ ODM, service avant-vente, assurance commerciale, service apr\u00e8s-vente, etc.<\/p>","protected":false},"featured_media":3314,"template":"","meta":{"site-sidebar-layout":"default","site-content-layout":"","ast-site-content-layout":"default","site-content-style":"default","site-sidebar-style":"default","ast-global-header-display":"","ast-banner-title-visibility":"","ast-main-header-display":"","ast-hfb-above-header-display":"","ast-hfb-below-header-display":"","ast-hfb-mobile-header-display":"","site-post-title":"","ast-breadcrumbs-content":"","ast-featured-img":"","footer-sml-layout":"","ast-disable-related-posts":"","theme-transparent-header-meta":"default","adv-header-id-meta":"","stick-header-meta":"","header-above-stick-meta":"","header-main-stick-meta":"","header-below-stick-meta":"","astra-migrate-meta-layouts":"set","ast-page-background-enabled":"default","ast-page-background-meta":{"desktop":{"background-color":"var(--ast-global-color-4)","background-image":"","background-repeat":"repeat","background-position":"center center","background-size":"auto","background-attachment":"scroll","background-type":"","background-media":"","overlay-type":"","overlay-color":"","overlay-opacity":"","overlay-gradient":""},"tablet":{"background-color":"","background-image":"","background-repeat":"repeat","background-position":"center center","background-size":"auto","background-attachment":"scroll","background-type":"","background-media":"","overlay-type":"","overlay-color":"","overlay-opacity":"","overlay-gradient":""},"mobile":{"background-color":"","background-image":"","background-repeat":"repeat","background-position":"center center","background-size":"auto","background-attachment":"scroll","background-type":"","background-media":"","overlay-type":"","overlay-color":"","overlay-opacity":"","overlay-gradient":""}},"ast-content-background-meta":{"desktop":{"background-color":"var(--ast-global-color-5)","background-image":"","background-repeat":"repeat","background-position":"center center","background-size":"auto","background-attachment":"scroll","background-type":"","background-media":"","overlay-type":"","overlay-color":"","overlay-opacity":"","overlay-gradient":""},"tablet":{"background-color":"var(--ast-global-color-5)","background-image":"","background-repeat":"repeat","background-position":"center center","background-size":"auto","background-attachment":"scroll","background-type":"","background-media":"","overlay-type":"","overlay-color":"","overlay-opacity":"","overlay-gradient":""},"mobile":{"background-color":"var(--ast-global-color-5)","background-image":"","background-repeat":"repeat","background-position":"center center","background-size":"auto","background-attachment":"scroll","background-type":"","background-media":"","overlay-type":"","overlay-color":"","overlay-opacity":"","overlay-gradient":""}}},"product_brand":[],"product_cat":[57],"product_tag":[],"class_list":{"0":"post-3311","1":"product","2":"type-product","3":"status-publish","4":"has-post-thumbnail","6":"product_cat-filing-cabinet","7":"desktop-align-center","8":"tablet-align-left","9":"mobile-align-left","10":"ast-product-gallery-layout-horizontal-slider","12":"first","13":"instock","14":"shipping-taxable","15":"product-type-simple"},"aioseo_notices":[],"_links":{"self":[{"href":"https:\/\/siwaresfurniture.com\/fr\/wp-json\/wp\/v2\/product\/3311","targetHints":{"allow":["GET"]}}],"collection":[{"href":"https:\/\/siwaresfurniture.com\/fr\/wp-json\/wp\/v2\/product"}],"about":[{"href":"https:\/\/siwaresfurniture.com\/fr\/wp-json\/wp\/v2\/types\/product"}],"version-history":[{"count":4,"href":"https:\/\/siwaresfurniture.com\/fr\/wp-json\/wp\/v2\/product\/3311\/revisions"}],"predecessor-version":[{"id":3373,"href":"https:\/\/siwaresfurniture.com\/fr\/wp-json\/wp\/v2\/product\/3311\/revisions\/3373"}],"wp:featuredmedia":[{"embeddable":true,"href":"https:\/\/siwaresfurniture.com\/fr\/wp-json\/wp\/v2\/media\/3314"}],"wp:attachment":[{"href":"https:\/\/siwaresfurniture.com\/fr\/wp-json\/wp\/v2\/media?parent=3311"}],"wp:term":[{"taxonomy":"product_brand","embeddable":true,"href":"https:\/\/siwaresfurniture.com\/fr\/wp-json\/wp\/v2\/product_brand?post=3311"},{"taxonomy":"product_cat","embeddable":true,"href":"https:\/\/siwaresfurniture.com\/fr\/wp-json\/wp\/v2\/product_cat?post=3311"},{"taxonomy":"product_tag","embeddable":true,"href":"https:\/\/siwaresfurniture.com\/fr\/wp-json\/wp\/v2\/product_tag?post=3311"}],"curies":[{"name":"wp","href":"https:\/\/api.w.org\/{rel}","templated":true}]}}