{"id":3633,"date":"2024-03-21T07:03:10","date_gmt":"2024-03-21T07:03:10","guid":{"rendered":"https:\/\/siwaresfurniture.com\/?post_type=product&#038;p=3633"},"modified":"2024-03-21T09:01:12","modified_gmt":"2024-03-21T09:01:12","slug":"soundproof-phone-booth","status":"publish","type":"product","link":"https:\/\/siwaresfurniture.com\/fr\/produit\/cabine-telephonique-insonorisee\/","title":{"rendered":"Insonorisation \/Cabine t\u00e9l\u00e9phonique"},"content":{"rendered":"<p>Piliers en aluminium sur les quatre c\u00f4t\u00e9s, avec une structure interne en acier ; les trois murs ext\u00e9rieurs sont rev\u00eatus de plaques d'acier pulv\u00e9ris\u00e9es par poudrage \u00e9lectrostatique, pouvant \u00eatre fix\u00e9es par aimant pour des avis, etc, tandis qu'un mur est \u00e9quip\u00e9 d'une porte en verre tremp\u00e9 de 10 mm, d'une serrure de porte m\u00e9tallique et de charni\u00e8res ; les deux murs int\u00e9rieurs sont recouverts de panneaux suspendus en tissu de coton insonorisant, un mur est recouvert de plaques d'acier pulv\u00e9ris\u00e9es par poudrage \u00e9lectrostatique, avec des trous de ventilation et des prises int\u00e9gr\u00e9es conformes aux normes nationales, des appliques LED \u00e9mettant de la lumi\u00e8re vers le haut et vers le bas ; des ventilateurs d'extraction int\u00e9gr\u00e9s sur le dessus ext\u00e9rieur, et des panneaux suspendus en tissu de coton insonorisant sur le dessus int\u00e9rieur. Comprend un plateau de table rev\u00eatu de poudre et un sol en moquette grise A929918. Les portes en verre sont livr\u00e9es en standard avec une impression en soie.<\/p>","protected":false},"excerpt":{"rendered":"<p><span style=\"color: #808080;\">Mod\u00e8le : BOX-01<\/span><\/p>\n<p><span style=\"color: #808080;\">Taille (mm) : <\/span>W1000*D1000*H2250<\/p>\n<p><span style=\"color: #808080;\">A l'int\u00e9rieur<\/span> <span style=\"color: #808080;\">(mm)<\/span>: W834*D870*H2076<\/p>\n<p><span style=\"color: #808080;\">Mat\u00e9riau principal :<\/span> Piliers en aluminium de haute qualit\u00e9\uff0cplaques en acier\uff0cverre tremp\u00e9 et coton insonorisant, etc.<\/p>\n<p><span style=\"color: #808080;\">MOQ :<\/span> \u2265 1 Ensembles<\/p>\n<p><span style=\"color: #808080;\">Service :<\/span> Garantie de 5 ans, service de personnalisation OEM\/ ODM, service avant-vente, assurance commerciale, service apr\u00e8s-vente, etc.<\/p>","protected":false},"featured_media":3634,"template":"","meta":{"site-sidebar-layout":"default","site-content-layout":"","ast-site-content-layout":"default","site-content-style":"default","site-sidebar-style":"default","ast-global-header-display":"","ast-banner-title-visibility":"","ast-main-header-display":"","ast-hfb-above-header-display":"","ast-hfb-below-header-display":"","ast-hfb-mobile-header-display":"","site-post-title":"","ast-breadcrumbs-content":"","ast-featured-img":"","footer-sml-layout":"","ast-disable-related-posts":"","theme-transparent-header-meta":"default","adv-header-id-meta":"","stick-header-meta":"","header-above-stick-meta":"","header-main-stick-meta":"","header-below-stick-meta":"","astra-migrate-meta-layouts":"set","ast-page-background-enabled":"default","ast-page-background-meta":{"desktop":{"background-color":"var(--ast-global-color-4)","background-image":"","background-repeat":"repeat","background-position":"center center","background-size":"auto","background-attachment":"scroll","background-type":"","background-media":"","overlay-type":"","overlay-color":"","overlay-opacity":"","overlay-gradient":""},"tablet":{"background-color":"","background-image":"","background-repeat":"repeat","background-position":"center center","background-size":"auto","background-attachment":"scroll","background-type":"","background-media":"","overlay-type":"","overlay-color":"","overlay-opacity":"","overlay-gradient":""},"mobile":{"background-color":"","background-image":"","background-repeat":"repeat","background-position":"center center","background-size":"auto","background-attachment":"scroll","background-type":"","background-media":"","overlay-type":"","overlay-color":"","overlay-opacity":"","overlay-gradient":""}},"ast-content-background-meta":{"desktop":{"background-color":"var(--ast-global-color-5)","background-image":"","background-repeat":"repeat","background-position":"center center","background-size":"auto","background-attachment":"scroll","background-type":"","background-media":"","overlay-type":"","overlay-color":"","overlay-opacity":"","overlay-gradient":""},"tablet":{"background-color":"var(--ast-global-color-5)","background-image":"","background-repeat":"repeat","background-position":"center center","background-size":"auto","background-attachment":"scroll","background-type":"","background-media":"","overlay-type":"","overlay-color":"","overlay-opacity":"","overlay-gradient":""},"mobile":{"background-color":"var(--ast-global-color-5)","background-image":"","background-repeat":"repeat","background-position":"center center","background-size":"auto","background-attachment":"scroll","background-type":"","background-media":"","overlay-type":"","overlay-color":"","overlay-opacity":"","overlay-gradient":""}}},"product_brand":[],"product_cat":[59],"product_tag":[],"class_list":{"0":"post-3633","1":"product","2":"type-product","3":"status-publish","4":"has-post-thumbnail","6":"product_cat-super-office-pods","7":"desktop-align-center","8":"tablet-align-left","9":"mobile-align-left","10":"ast-product-gallery-layout-horizontal-slider","11":"ast-product-gallery-with-no-image","13":"first","14":"instock","15":"shipping-taxable","16":"product-type-simple"},"aioseo_notices":[],"_links":{"self":[{"href":"https:\/\/siwaresfurniture.com\/fr\/wp-json\/wp\/v2\/product\/3633","targetHints":{"allow":["GET"]}}],"collection":[{"href":"https:\/\/siwaresfurniture.com\/fr\/wp-json\/wp\/v2\/product"}],"about":[{"href":"https:\/\/siwaresfurniture.com\/fr\/wp-json\/wp\/v2\/types\/product"}],"version-history":[{"count":3,"href":"https:\/\/siwaresfurniture.com\/fr\/wp-json\/wp\/v2\/product\/3633\/revisions"}],"predecessor-version":[{"id":3640,"href":"https:\/\/siwaresfurniture.com\/fr\/wp-json\/wp\/v2\/product\/3633\/revisions\/3640"}],"wp:featuredmedia":[{"embeddable":true,"href":"https:\/\/siwaresfurniture.com\/fr\/wp-json\/wp\/v2\/media\/3634"}],"wp:attachment":[{"href":"https:\/\/siwaresfurniture.com\/fr\/wp-json\/wp\/v2\/media?parent=3633"}],"wp:term":[{"taxonomy":"product_brand","embeddable":true,"href":"https:\/\/siwaresfurniture.com\/fr\/wp-json\/wp\/v2\/product_brand?post=3633"},{"taxonomy":"product_cat","embeddable":true,"href":"https:\/\/siwaresfurniture.com\/fr\/wp-json\/wp\/v2\/product_cat?post=3633"},{"taxonomy":"product_tag","embeddable":true,"href":"https:\/\/siwaresfurniture.com\/fr\/wp-json\/wp\/v2\/product_tag?post=3633"}],"curies":[{"name":"wp","href":"https:\/\/api.w.org\/{rel}","templated":true}]}}