{"id":3638,"date":"2024-03-21T07:46:25","date_gmt":"2024-03-21T07:46:25","guid":{"rendered":"https:\/\/siwaresfurniture.com\/?post_type=product&#038;p=3638"},"modified":"2024-03-21T09:00:58","modified_gmt":"2024-03-21T09:00:58","slug":"soundproof-phone-pod","status":"publish","type":"product","link":"https:\/\/siwaresfurniture.com\/fr\/produit\/module-de-telephone-insonorise\/","title":{"rendered":"Insonorisation \/Pod de t\u00e9l\u00e9phone"},"content":{"rendered":"<p>Quatre piliers en aluminium, cadre interne en acier ; les trois murs ext\u00e9rieurs sont constitu\u00e9s de plaques d'acier peintes par pulv\u00e9risation \u00e9lectrostatique, permettant de fixer des avis \u00e0 l'aide d'aimants, etc, un mur comporte une porte en verre tremp\u00e9 de 10 mm, des serrures et des charni\u00e8res en m\u00e9tal ; les deux murs int\u00e9rieurs sont recouverts de panneaux suspendus en tissu de coton insonorisant, avec des trous de ventilation, des prises int\u00e9gr\u00e9es conformes aux normes nationales, des appliques LED \u00e9mettant de la lumi\u00e8re vers le haut et vers le bas, un mur est recouvert de plaques d'acier pulv\u00e9ris\u00e9es par poudrage \u00e9lectrostatique ; ventilateurs d'extraction int\u00e9gr\u00e9s sur le dessus ext\u00e9rieur, panneaux suspendus en tissu de coton insonorisant sur le dessus int\u00e9rieur, rev\u00eatement de sol en moquette grise A929918.<\/p>","protected":false},"excerpt":{"rendered":"<p><span style=\"color: #808080;\">Mod\u00e8le : <span style=\"color: #333333;\">Pod-01<\/span><\/span><\/p>\n<p><span style=\"color: #808080;\">Taille (mm) : <span style=\"color: #333333;\">W1000*D1000*H2250 <\/span><\/span><\/p>\n<p><span style=\"color: #808080;\">A l'int\u00e9rieur<\/span> <span style=\"color: #808080;\">(mm)<\/span>: W883*D941*H2133<\/p>\n<p><span style=\"color: #808080;\">Mat\u00e9riau principal :<\/span> Piliers en aluminium de haute qualit\u00e9\uff0cplaques en acier\uff0cverre tremp\u00e9 et coton insonorisant, etc.<\/p>\n<p><span style=\"color: #808080;\">MOQ :<\/span> \u2265 1 Ensembles<\/p>\n<p><span style=\"color: #808080;\">Service :<\/span> Garantie de 5 ans, service de personnalisation OEM\/ ODM, service avant-vente, assurance commerciale, service apr\u00e8s-vente, etc.<\/p>","protected":false},"featured_media":3635,"template":"","meta":{"site-sidebar-layout":"default","site-content-layout":"","ast-site-content-layout":"default","site-content-style":"default","site-sidebar-style":"default","ast-global-header-display":"","ast-banner-title-visibility":"","ast-main-header-display":"","ast-hfb-above-header-display":"","ast-hfb-below-header-display":"","ast-hfb-mobile-header-display":"","site-post-title":"","ast-breadcrumbs-content":"","ast-featured-img":"","footer-sml-layout":"","ast-disable-related-posts":"","theme-transparent-header-meta":"default","adv-header-id-meta":"","stick-header-meta":"","header-above-stick-meta":"","header-main-stick-meta":"","header-below-stick-meta":"","astra-migrate-meta-layouts":"set","ast-page-background-enabled":"default","ast-page-background-meta":{"desktop":{"background-color":"var(--ast-global-color-4)","background-image":"","background-repeat":"repeat","background-position":"center center","background-size":"auto","background-attachment":"scroll","background-type":"","background-media":"","overlay-type":"","overlay-color":"","overlay-opacity":"","overlay-gradient":""},"tablet":{"background-color":"","background-image":"","background-repeat":"repeat","background-position":"center center","background-size":"auto","background-attachment":"scroll","background-type":"","background-media":"","overlay-type":"","overlay-color":"","overlay-opacity":"","overlay-gradient":""},"mobile":{"background-color":"","background-image":"","background-repeat":"repeat","background-position":"center center","background-size":"auto","background-attachment":"scroll","background-type":"","background-media":"","overlay-type":"","overlay-color":"","overlay-opacity":"","overlay-gradient":""}},"ast-content-background-meta":{"desktop":{"background-color":"var(--ast-global-color-5)","background-image":"","background-repeat":"repeat","background-position":"center center","background-size":"auto","background-attachment":"scroll","background-type":"","background-media":"","overlay-type":"","overlay-color":"","overlay-opacity":"","overlay-gradient":""},"tablet":{"background-color":"var(--ast-global-color-5)","background-image":"","background-repeat":"repeat","background-position":"center center","background-size":"auto","background-attachment":"scroll","background-type":"","background-media":"","overlay-type":"","overlay-color":"","overlay-opacity":"","overlay-gradient":""},"mobile":{"background-color":"var(--ast-global-color-5)","background-image":"","background-repeat":"repeat","background-position":"center center","background-size":"auto","background-attachment":"scroll","background-type":"","background-media":"","overlay-type":"","overlay-color":"","overlay-opacity":"","overlay-gradient":""}}},"product_brand":[],"product_cat":[59],"product_tag":[],"class_list":{"0":"post-3638","1":"product","2":"type-product","3":"status-publish","4":"has-post-thumbnail","6":"product_cat-super-office-pods","7":"desktop-align-center","8":"tablet-align-left","9":"mobile-align-left","10":"ast-product-gallery-layout-horizontal-slider","11":"ast-product-gallery-with-no-image","13":"first","14":"instock","15":"shipping-taxable","16":"product-type-simple"},"aioseo_notices":[],"_links":{"self":[{"href":"https:\/\/siwaresfurniture.com\/fr\/wp-json\/wp\/v2\/product\/3638","targetHints":{"allow":["GET"]}}],"collection":[{"href":"https:\/\/siwaresfurniture.com\/fr\/wp-json\/wp\/v2\/product"}],"about":[{"href":"https:\/\/siwaresfurniture.com\/fr\/wp-json\/wp\/v2\/types\/product"}],"version-history":[{"count":1,"href":"https:\/\/siwaresfurniture.com\/fr\/wp-json\/wp\/v2\/product\/3638\/revisions"}],"predecessor-version":[{"id":3639,"href":"https:\/\/siwaresfurniture.com\/fr\/wp-json\/wp\/v2\/product\/3638\/revisions\/3639"}],"wp:featuredmedia":[{"embeddable":true,"href":"https:\/\/siwaresfurniture.com\/fr\/wp-json\/wp\/v2\/media\/3635"}],"wp:attachment":[{"href":"https:\/\/siwaresfurniture.com\/fr\/wp-json\/wp\/v2\/media?parent=3638"}],"wp:term":[{"taxonomy":"product_brand","embeddable":true,"href":"https:\/\/siwaresfurniture.com\/fr\/wp-json\/wp\/v2\/product_brand?post=3638"},{"taxonomy":"product_cat","embeddable":true,"href":"https:\/\/siwaresfurniture.com\/fr\/wp-json\/wp\/v2\/product_cat?post=3638"},{"taxonomy":"product_tag","embeddable":true,"href":"https:\/\/siwaresfurniture.com\/fr\/wp-json\/wp\/v2\/product_tag?post=3638"}],"curies":[{"name":"wp","href":"https:\/\/api.w.org\/{rel}","templated":true}]}}