{"id":3641,"date":"2024-03-21T07:53:53","date_gmt":"2024-03-21T07:53:53","guid":{"rendered":"https:\/\/siwaresfurniture.com\/?post_type=product&#038;p=3641"},"modified":"2024-03-21T09:00:33","modified_gmt":"2024-03-21T09:00:33","slug":"office-soundproof-phone-pod","status":"publish","type":"product","link":"https:\/\/siwaresfurniture.com\/fr\/produit\/cabine-telephonique-insonorisee-pour-le-bureau\/","title":{"rendered":"Insonorisation de bureau \/Pod de t\u00e9l\u00e9phone"},"content":{"rendered":"<p>Structure enti\u00e8rement en acier, plaque ext\u00e9rieure en acier pulv\u00e9ris\u00e9e \u00e9lectrostatiquement (avec panneaux insonorisants fix\u00e9s \u00e0 l'int\u00e9rieur), panneaux insonorisants int\u00e9gr\u00e9s en PET, panneau arri\u00e8re et panneaux de porte en verre de 10 mm, dessus \u00e9quip\u00e9 de lampes LED au plafond, 86 prises \u00e0 cinq trous avec ports USB, interrupteurs \u00e0 d\u00e9tection infrarouge et \u00e0 double commande manuelle, ventilateur d'extraction int\u00e9gr\u00e9 sur le dessus ext\u00e9rieur, sol recouvert de moquette T16210.<\/p>","protected":false},"excerpt":{"rendered":"<p><span style=\"color: #808080;\">Mod\u00e8le : <span style=\"color: #333333;\">Pod-02<\/span><\/span><\/p>\n<p><span style=\"color: #808080;\">Taille (mm) : <span style=\"color: #333333;\">W1600*D1300*H2250 <\/span><\/span><\/p>\n<p><span style=\"color: #808080;\">A l'int\u00e9rieur<\/span> <span style=\"color: #808080;\">(mm)<\/span>: W1495*D1266*H2133<\/p>\n<p><span style=\"color: #808080;\">Mat\u00e9riau principal :<\/span> Piliers en aluminium de haute qualit\u00e9\uff0cplaques en acier\uff0cverre tremp\u00e9 et coton insonorisant, etc.<\/p>\n<p><span style=\"color: #808080;\">MOQ :<\/span> \u2265 1 Ensembles<\/p>\n<p><span style=\"color: #808080;\">Service :<\/span> Garantie de 5 ans, service de personnalisation OEM\/ ODM, service avant-vente, assurance commerciale, service apr\u00e8s-vente, etc.<\/p>","protected":false},"featured_media":3642,"template":"","meta":{"site-sidebar-layout":"default","site-content-layout":"","ast-site-content-layout":"default","site-content-style":"default","site-sidebar-style":"default","ast-global-header-display":"","ast-banner-title-visibility":"","ast-main-header-display":"","ast-hfb-above-header-display":"","ast-hfb-below-header-display":"","ast-hfb-mobile-header-display":"","site-post-title":"","ast-breadcrumbs-content":"","ast-featured-img":"","footer-sml-layout":"","ast-disable-related-posts":"","theme-transparent-header-meta":"default","adv-header-id-meta":"","stick-header-meta":"","header-above-stick-meta":"","header-main-stick-meta":"","header-below-stick-meta":"","astra-migrate-meta-layouts":"set","ast-page-background-enabled":"default","ast-page-background-meta":{"desktop":{"background-color":"var(--ast-global-color-4)","background-image":"","background-repeat":"repeat","background-position":"center center","background-size":"auto","background-attachment":"scroll","background-type":"","background-media":"","overlay-type":"","overlay-color":"","overlay-opacity":"","overlay-gradient":""},"tablet":{"background-color":"","background-image":"","background-repeat":"repeat","background-position":"center center","background-size":"auto","background-attachment":"scroll","background-type":"","background-media":"","overlay-type":"","overlay-color":"","overlay-opacity":"","overlay-gradient":""},"mobile":{"background-color":"","background-image":"","background-repeat":"repeat","background-position":"center center","background-size":"auto","background-attachment":"scroll","background-type":"","background-media":"","overlay-type":"","overlay-color":"","overlay-opacity":"","overlay-gradient":""}},"ast-content-background-meta":{"desktop":{"background-color":"var(--ast-global-color-5)","background-image":"","background-repeat":"repeat","background-position":"center center","background-size":"auto","background-attachment":"scroll","background-type":"","background-media":"","overlay-type":"","overlay-color":"","overlay-opacity":"","overlay-gradient":""},"tablet":{"background-color":"var(--ast-global-color-5)","background-image":"","background-repeat":"repeat","background-position":"center center","background-size":"auto","background-attachment":"scroll","background-type":"","background-media":"","overlay-type":"","overlay-color":"","overlay-opacity":"","overlay-gradient":""},"mobile":{"background-color":"var(--ast-global-color-5)","background-image":"","background-repeat":"repeat","background-position":"center center","background-size":"auto","background-attachment":"scroll","background-type":"","background-media":"","overlay-type":"","overlay-color":"","overlay-opacity":"","overlay-gradient":""}}},"product_brand":[],"product_cat":[59],"product_tag":[],"class_list":{"0":"post-3641","1":"product","2":"type-product","3":"status-publish","4":"has-post-thumbnail","6":"product_cat-super-office-pods","7":"desktop-align-center","8":"tablet-align-left","9":"mobile-align-left","10":"ast-product-gallery-layout-horizontal-slider","11":"ast-product-gallery-with-no-image","13":"first","14":"instock","15":"shipping-taxable","16":"product-type-simple"},"aioseo_notices":[],"_links":{"self":[{"href":"https:\/\/siwaresfurniture.com\/fr\/wp-json\/wp\/v2\/product\/3641","targetHints":{"allow":["GET"]}}],"collection":[{"href":"https:\/\/siwaresfurniture.com\/fr\/wp-json\/wp\/v2\/product"}],"about":[{"href":"https:\/\/siwaresfurniture.com\/fr\/wp-json\/wp\/v2\/types\/product"}],"version-history":[{"count":1,"href":"https:\/\/siwaresfurniture.com\/fr\/wp-json\/wp\/v2\/product\/3641\/revisions"}],"predecessor-version":[{"id":3643,"href":"https:\/\/siwaresfurniture.com\/fr\/wp-json\/wp\/v2\/product\/3641\/revisions\/3643"}],"wp:featuredmedia":[{"embeddable":true,"href":"https:\/\/siwaresfurniture.com\/fr\/wp-json\/wp\/v2\/media\/3642"}],"wp:attachment":[{"href":"https:\/\/siwaresfurniture.com\/fr\/wp-json\/wp\/v2\/media?parent=3641"}],"wp:term":[{"taxonomy":"product_brand","embeddable":true,"href":"https:\/\/siwaresfurniture.com\/fr\/wp-json\/wp\/v2\/product_brand?post=3641"},{"taxonomy":"product_cat","embeddable":true,"href":"https:\/\/siwaresfurniture.com\/fr\/wp-json\/wp\/v2\/product_cat?post=3641"},{"taxonomy":"product_tag","embeddable":true,"href":"https:\/\/siwaresfurniture.com\/fr\/wp-json\/wp\/v2\/product_tag?post=3641"}],"curies":[{"name":"wp","href":"https:\/\/api.w.org\/{rel}","templated":true}]}}