{"id":3807,"date":"2024-03-25T06:56:01","date_gmt":"2024-03-25T06:56:01","guid":{"rendered":"https:\/\/siwaresfurniture.com\/?post_type=product&#038;p=3807"},"modified":"2024-03-25T06:57:00","modified_gmt":"2024-03-25T06:57:00","slug":"high-back-mesh-ergonomic-chair-4","status":"publish","type":"product","link":"https:\/\/siwaresfurniture.com\/fr\/produit\/chaise-ergonomique-a-haut-dossier-en-maille-4\/","title":{"rendered":"Chaise ergonomique en maille \u00e0 haut dossier"},"content":{"rendered":"<p><img fetchpriority=\"high\" decoding=\"async\" class=\"alignnone size-full wp-image-3794 aligncenter\" src=\"https:\/\/siwaresfurniture.com\/wp-content\/uploads\/2024\/03\/\u8be6\u60c5\u98751_01.jpg\" alt=\"\" width=\"790\" height=\"1463\" srcset=\"https:\/\/siwaresfurniture.com\/wp-content\/uploads\/2024\/03\/\u8be6\u60c5\u98751_01.jpg 790w, https:\/\/siwaresfurniture.com\/wp-content\/uploads\/2024\/03\/\u8be6\u60c5\u98751_01-162x300.jpg 162w, https:\/\/siwaresfurniture.com\/wp-content\/uploads\/2024\/03\/\u8be6\u60c5\u98751_01-553x1024.jpg 553w, https:\/\/siwaresfurniture.com\/wp-content\/uploads\/2024\/03\/\u8be6\u60c5\u98751_01-768x1422.jpg 768w, https:\/\/siwaresfurniture.com\/wp-content\/uploads\/2024\/03\/\u8be6\u60c5\u98751_01-6x12.jpg 6w, https:\/\/siwaresfurniture.com\/wp-content\/uploads\/2024\/03\/\u8be6\u60c5\u98751_01-400x741.jpg 400w\" sizes=\"(max-width: 790px) 100vw, 790px\" \/> <img decoding=\"async\" class=\"alignnone size-full wp-image-3795 aligncenter\" src=\"https:\/\/siwaresfurniture.com\/wp-content\/uploads\/2024\/03\/\u8be6\u60c5\u98751_02.jpg\" alt=\"\" width=\"790\" height=\"603\" srcset=\"https:\/\/siwaresfurniture.com\/wp-content\/uploads\/2024\/03\/\u8be6\u60c5\u98751_02.jpg 790w, https:\/\/siwaresfurniture.com\/wp-content\/uploads\/2024\/03\/\u8be6\u60c5\u98751_02-300x229.jpg 300w, https:\/\/siwaresfurniture.com\/wp-content\/uploads\/2024\/03\/\u8be6\u60c5\u98751_02-768x586.jpg 768w, https:\/\/siwaresfurniture.com\/wp-content\/uploads\/2024\/03\/\u8be6\u60c5\u98751_02-16x12.jpg 16w, https:\/\/siwaresfurniture.com\/wp-content\/uploads\/2024\/03\/\u8be6\u60c5\u98751_02-400x305.jpg 400w\" sizes=\"(max-width: 790px) 100vw, 790px\" \/> <img decoding=\"async\" class=\"alignnone size-full wp-image-3796 aligncenter\" src=\"https:\/\/siwaresfurniture.com\/wp-content\/uploads\/2024\/03\/\u8be6\u60c5\u98751_03.jpg\" alt=\"\" width=\"790\" height=\"855\" srcset=\"https:\/\/siwaresfurniture.com\/wp-content\/uploads\/2024\/03\/\u8be6\u60c5\u98751_03.jpg 790w, https:\/\/siwaresfurniture.com\/wp-content\/uploads\/2024\/03\/\u8be6\u60c5\u98751_03-277x300.jpg 277w, https:\/\/siwaresfurniture.com\/wp-content\/uploads\/2024\/03\/\u8be6\u60c5\u98751_03-768x831.jpg 768w, https:\/\/siwaresfurniture.com\/wp-content\/uploads\/2024\/03\/\u8be6\u60c5\u98751_03-11x12.jpg 11w, https:\/\/siwaresfurniture.com\/wp-content\/uploads\/2024\/03\/\u8be6\u60c5\u98751_03-400x433.jpg 400w\" sizes=\"(max-width: 790px) 100vw, 790px\" \/> <img loading=\"lazy\" decoding=\"async\" class=\"alignnone size-full wp-image-3797 aligncenter\" src=\"https:\/\/siwaresfurniture.com\/wp-content\/uploads\/2024\/03\/\u8be6\u60c5\u98751_04.jpg\" alt=\"\" width=\"790\" height=\"990\" srcset=\"https:\/\/siwaresfurniture.com\/wp-content\/uploads\/2024\/03\/\u8be6\u60c5\u98751_04.jpg 790w, https:\/\/siwaresfurniture.com\/wp-content\/uploads\/2024\/03\/\u8be6\u60c5\u98751_04-239x300.jpg 239w, https:\/\/siwaresfurniture.com\/wp-content\/uploads\/2024\/03\/\u8be6\u60c5\u98751_04-768x962.jpg 768w, https:\/\/siwaresfurniture.com\/wp-content\/uploads\/2024\/03\/\u8be6\u60c5\u98751_04-10x12.jpg 10w, https:\/\/siwaresfurniture.com\/wp-content\/uploads\/2024\/03\/\u8be6\u60c5\u98751_04-400x501.jpg 400w\" sizes=\"(max-width: 790px) 100vw, 790px\" \/> <img loading=\"lazy\" decoding=\"async\" class=\"alignnone size-full wp-image-3798 aligncenter\" src=\"https:\/\/siwaresfurniture.com\/wp-content\/uploads\/2024\/03\/\u8be6\u60c5\u98751_05.jpg\" alt=\"\" width=\"790\" height=\"1311\" srcset=\"https:\/\/siwaresfurniture.com\/wp-content\/uploads\/2024\/03\/\u8be6\u60c5\u98751_05.jpg 790w, https:\/\/siwaresfurniture.com\/wp-content\/uploads\/2024\/03\/\u8be6\u60c5\u98751_05-181x300.jpg 181w, https:\/\/siwaresfurniture.com\/wp-content\/uploads\/2024\/03\/\u8be6\u60c5\u98751_05-617x1024.jpg 617w, https:\/\/siwaresfurniture.com\/wp-content\/uploads\/2024\/03\/\u8be6\u60c5\u98751_05-768x1274.jpg 768w, https:\/\/siwaresfurniture.com\/wp-content\/uploads\/2024\/03\/\u8be6\u60c5\u98751_05-7x12.jpg 7w, https:\/\/siwaresfurniture.com\/wp-content\/uploads\/2024\/03\/\u8be6\u60c5\u98751_05-400x664.jpg 400w\" sizes=\"(max-width: 790px) 100vw, 790px\" \/> <img loading=\"lazy\" decoding=\"async\" class=\"alignnone size-full wp-image-3799 aligncenter\" src=\"https:\/\/siwaresfurniture.com\/wp-content\/uploads\/2024\/03\/\u8be6\u60c5\u98751_06.jpg\" alt=\"\" width=\"790\" height=\"890\" srcset=\"https:\/\/siwaresfurniture.com\/wp-content\/uploads\/2024\/03\/\u8be6\u60c5\u98751_06.jpg 790w, https:\/\/siwaresfurniture.com\/wp-content\/uploads\/2024\/03\/\u8be6\u60c5\u98751_06-266x300.jpg 266w, https:\/\/siwaresfurniture.com\/wp-content\/uploads\/2024\/03\/\u8be6\u60c5\u98751_06-768x865.jpg 768w, https:\/\/siwaresfurniture.com\/wp-content\/uploads\/2024\/03\/\u8be6\u60c5\u98751_06-11x12.jpg 11w, https:\/\/siwaresfurniture.com\/wp-content\/uploads\/2024\/03\/\u8be6\u60c5\u98751_06-400x451.jpg 400w\" sizes=\"(max-width: 790px) 100vw, 790px\" \/><\/p>","protected":false},"excerpt":{"rendered":"<table width=\"814\">\n<tbody>\n<tr>\n<td width=\"254\">Nom de la marque<\/td>\n<td width=\"560\">Siwares<\/td>\n<\/tr>\n<tr>\n<td width=\"254\">Num\u00e9ro de mod\u00e8le<\/td>\n<td width=\"560\">J-27A<\/td>\n<\/tr>\n<tr>\n<td width=\"254\">Mot-cl\u00e9<\/td>\n<td width=\"560\">Chaise ergonomique en maille \u00e0 haut dossier<\/td>\n<\/tr>\n<tr>\n<td width=\"254\">Accoudoir<\/td>\n<td width=\"560\">Accoudoir relevable<\/td>\n<\/tr>\n<tr>\n<td width=\"254\">Mat\u00e9riau<\/td>\n<td width=\"560\">Maille+m\u00e9tal<\/td>\n<\/tr>\n<tr>\n<td width=\"254\">N\/W &amp; G\/W<\/td>\n<td width=\"560\">17.75KG<\/td>\n<\/tr>\n<tr>\n<td width=\"254\">Taille de l'emballage<\/td>\n<td width=\"560\">78*37*63cm\uff0c1pcs\/carton \uff080.18m\u00b3\/pcs)<\/td>\n<\/tr>\n<tr>\n<td rowspan=\"7\" width=\"254\">Description des mat\u00e9riaux<\/td>\n<td width=\"560\">1. soulever et basculer l'appui-t\u00eate.<br \/>\n2. coussin en \u00e9ponge \u00e0 haute densit\u00e9 de rebondissement<br \/>\n3. soutien lombaire r\u00e9glable<br \/>\n4.3 m\u00e9canismes de verrouillage des niveaux<br \/>\n5.stroke 85-4 classe 3 gas lift<br \/>\n6.R340 pied en nylon avec roues de 55 mm<\/td>\n<\/tr>\n<\/tbody>\n<\/table>","protected":false},"featured_media":3801,"template":"","meta":{"site-sidebar-layout":"default","site-content-layout":"","ast-site-content-layout":"default","site-content-style":"default","site-sidebar-style":"default","ast-global-header-display":"","ast-banner-title-visibility":"","ast-main-header-display":"","ast-hfb-above-header-display":"","ast-hfb-below-header-display":"","ast-hfb-mobile-header-display":"","site-post-title":"","ast-breadcrumbs-content":"","ast-featured-img":"","footer-sml-layout":"","ast-disable-related-posts":"","theme-transparent-header-meta":"default","adv-header-id-meta":"","stick-header-meta":"","header-above-stick-meta":"","header-main-stick-meta":"","header-below-stick-meta":"","astra-migrate-meta-layouts":"set","ast-page-background-enabled":"default","ast-page-background-meta":{"desktop":{"background-color":"var(--ast-global-color-4)","background-image":"","background-repeat":"repeat","background-position":"center center","background-size":"auto","background-attachment":"scroll","background-type":"","background-media":"","overlay-type":"","overlay-color":"","overlay-opacity":"","overlay-gradient":""},"tablet":{"background-color":"","background-image":"","background-repeat":"repeat","background-position":"center center","background-size":"auto","background-attachment":"scroll","background-type":"","background-media":"","overlay-type":"","overlay-color":"","overlay-opacity":"","overlay-gradient":""},"mobile":{"background-color":"","background-image":"","background-repeat":"repeat","background-position":"center center","background-size":"auto","background-attachment":"scroll","background-type":"","background-media":"","overlay-type":"","overlay-color":"","overlay-opacity":"","overlay-gradient":""}},"ast-content-background-meta":{"desktop":{"background-color":"var(--ast-global-color-5)","background-image":"","background-repeat":"repeat","background-position":"center center","background-size":"auto","background-attachment":"scroll","background-type":"","background-media":"","overlay-type":"","overlay-color":"","overlay-opacity":"","overlay-gradient":""},"tablet":{"background-color":"var(--ast-global-color-5)","background-image":"","background-repeat":"repeat","background-position":"center center","background-size":"auto","background-attachment":"scroll","background-type":"","background-media":"","overlay-type":"","overlay-color":"","overlay-opacity":"","overlay-gradient":""},"mobile":{"background-color":"var(--ast-global-color-5)","background-image":"","background-repeat":"repeat","background-position":"center center","background-size":"auto","background-attachment":"scroll","background-type":"","background-media":"","overlay-type":"","overlay-color":"","overlay-opacity":"","overlay-gradient":""}}},"product_brand":[],"product_cat":[54],"product_tag":[],"class_list":{"0":"post-3807","1":"product","2":"type-product","3":"status-publish","4":"has-post-thumbnail","6":"product_cat-office-chair","7":"desktop-align-center","8":"tablet-align-left","9":"mobile-align-left","10":"ast-product-gallery-layout-horizontal-slider","12":"first","13":"instock","14":"shipping-taxable","15":"product-type-simple"},"aioseo_notices":[],"_links":{"self":[{"href":"https:\/\/siwaresfurniture.com\/fr\/wp-json\/wp\/v2\/product\/3807","targetHints":{"allow":["GET"]}}],"collection":[{"href":"https:\/\/siwaresfurniture.com\/fr\/wp-json\/wp\/v2\/product"}],"about":[{"href":"https:\/\/siwaresfurniture.com\/fr\/wp-json\/wp\/v2\/types\/product"}],"version-history":[{"count":1,"href":"https:\/\/siwaresfurniture.com\/fr\/wp-json\/wp\/v2\/product\/3807\/revisions"}],"predecessor-version":[{"id":3808,"href":"https:\/\/siwaresfurniture.com\/fr\/wp-json\/wp\/v2\/product\/3807\/revisions\/3808"}],"wp:featuredmedia":[{"embeddable":true,"href":"https:\/\/siwaresfurniture.com\/fr\/wp-json\/wp\/v2\/media\/3801"}],"wp:attachment":[{"href":"https:\/\/siwaresfurniture.com\/fr\/wp-json\/wp\/v2\/media?parent=3807"}],"wp:term":[{"taxonomy":"product_brand","embeddable":true,"href":"https:\/\/siwaresfurniture.com\/fr\/wp-json\/wp\/v2\/product_brand?post=3807"},{"taxonomy":"product_cat","embeddable":true,"href":"https:\/\/siwaresfurniture.com\/fr\/wp-json\/wp\/v2\/product_cat?post=3807"},{"taxonomy":"product_tag","embeddable":true,"href":"https:\/\/siwaresfurniture.com\/fr\/wp-json\/wp\/v2\/product_tag?post=3807"}],"curies":[{"name":"wp","href":"https:\/\/api.w.org\/{rel}","templated":true}]}}