{"id":3905,"date":"2024-03-27T03:08:25","date_gmt":"2024-03-27T03:08:25","guid":{"rendered":"https:\/\/siwaresfurniture.com\/?post_type=product&#038;p=3905"},"modified":"2024-03-27T03:11:19","modified_gmt":"2024-03-27T03:11:19","slug":"mesh-ergonomic-chair-3","status":"publish","type":"product","link":"https:\/\/siwaresfurniture.com\/fr\/produit\/chaise-ergonomique-en-maille-3\/","title":{"rendered":"Chaise ergonomique en maille"},"content":{"rendered":"<p><img fetchpriority=\"high\" decoding=\"async\" class=\"alignnone size-full wp-image-3892 aligncenter\" src=\"https:\/\/siwaresfurniture.com\/wp-content\/uploads\/2024\/03\/3_01.jpg\" alt=\"\" width=\"790\" height=\"1463\" srcset=\"https:\/\/siwaresfurniture.com\/wp-content\/uploads\/2024\/03\/3_01.jpg 790w, https:\/\/siwaresfurniture.com\/wp-content\/uploads\/2024\/03\/3_01-162x300.jpg 162w, https:\/\/siwaresfurniture.com\/wp-content\/uploads\/2024\/03\/3_01-553x1024.jpg 553w, https:\/\/siwaresfurniture.com\/wp-content\/uploads\/2024\/03\/3_01-768x1422.jpg 768w, https:\/\/siwaresfurniture.com\/wp-content\/uploads\/2024\/03\/3_01-6x12.jpg 6w, https:\/\/siwaresfurniture.com\/wp-content\/uploads\/2024\/03\/3_01-400x741.jpg 400w\" sizes=\"(max-width: 790px) 100vw, 790px\" \/> <img decoding=\"async\" class=\"alignnone size-full wp-image-3893 aligncenter\" src=\"https:\/\/siwaresfurniture.com\/wp-content\/uploads\/2024\/03\/3_03.jpg\" alt=\"\" width=\"790\" height=\"855\" srcset=\"https:\/\/siwaresfurniture.com\/wp-content\/uploads\/2024\/03\/3_03.jpg 790w, https:\/\/siwaresfurniture.com\/wp-content\/uploads\/2024\/03\/3_03-277x300.jpg 277w, https:\/\/siwaresfurniture.com\/wp-content\/uploads\/2024\/03\/3_03-768x831.jpg 768w, https:\/\/siwaresfurniture.com\/wp-content\/uploads\/2024\/03\/3_03-11x12.jpg 11w, https:\/\/siwaresfurniture.com\/wp-content\/uploads\/2024\/03\/3_03-400x433.jpg 400w\" sizes=\"(max-width: 790px) 100vw, 790px\" \/> <img decoding=\"async\" class=\"alignnone size-full wp-image-3894 aligncenter\" src=\"https:\/\/siwaresfurniture.com\/wp-content\/uploads\/2024\/03\/3_04.jpg\" alt=\"\" width=\"790\" height=\"990\" srcset=\"https:\/\/siwaresfurniture.com\/wp-content\/uploads\/2024\/03\/3_04.jpg 790w, https:\/\/siwaresfurniture.com\/wp-content\/uploads\/2024\/03\/3_04-239x300.jpg 239w, https:\/\/siwaresfurniture.com\/wp-content\/uploads\/2024\/03\/3_04-768x962.jpg 768w, https:\/\/siwaresfurniture.com\/wp-content\/uploads\/2024\/03\/3_04-10x12.jpg 10w, https:\/\/siwaresfurniture.com\/wp-content\/uploads\/2024\/03\/3_04-400x501.jpg 400w\" sizes=\"(max-width: 790px) 100vw, 790px\" \/> <img loading=\"lazy\" decoding=\"async\" class=\"alignnone size-full wp-image-3895 aligncenter\" src=\"https:\/\/siwaresfurniture.com\/wp-content\/uploads\/2024\/03\/3_05.jpg\" alt=\"\" width=\"790\" height=\"1311\" srcset=\"https:\/\/siwaresfurniture.com\/wp-content\/uploads\/2024\/03\/3_05.jpg 790w, https:\/\/siwaresfurniture.com\/wp-content\/uploads\/2024\/03\/3_05-181x300.jpg 181w, https:\/\/siwaresfurniture.com\/wp-content\/uploads\/2024\/03\/3_05-617x1024.jpg 617w, https:\/\/siwaresfurniture.com\/wp-content\/uploads\/2024\/03\/3_05-768x1274.jpg 768w, https:\/\/siwaresfurniture.com\/wp-content\/uploads\/2024\/03\/3_05-7x12.jpg 7w, https:\/\/siwaresfurniture.com\/wp-content\/uploads\/2024\/03\/3_05-400x664.jpg 400w\" sizes=\"(max-width: 790px) 100vw, 790px\" \/> <img loading=\"lazy\" decoding=\"async\" class=\"alignnone size-full wp-image-3896 aligncenter\" src=\"https:\/\/siwaresfurniture.com\/wp-content\/uploads\/2024\/03\/3_06.jpg\" alt=\"\" width=\"790\" height=\"890\" srcset=\"https:\/\/siwaresfurniture.com\/wp-content\/uploads\/2024\/03\/3_06.jpg 790w, https:\/\/siwaresfurniture.com\/wp-content\/uploads\/2024\/03\/3_06-266x300.jpg 266w, https:\/\/siwaresfurniture.com\/wp-content\/uploads\/2024\/03\/3_06-768x865.jpg 768w, https:\/\/siwaresfurniture.com\/wp-content\/uploads\/2024\/03\/3_06-11x12.jpg 11w, https:\/\/siwaresfurniture.com\/wp-content\/uploads\/2024\/03\/3_06-400x451.jpg 400w\" sizes=\"(max-width: 790px) 100vw, 790px\" \/><\/p>","protected":false},"excerpt":{"rendered":"<table width=\"814\">\n<tbody>\n<tr>\n<td width=\"254\">Nom de la marque<\/td>\n<td width=\"560\">Siwares<\/td>\n<\/tr>\n<tr>\n<td width=\"254\">Num\u00e9ro de mod\u00e8le<\/td>\n<td width=\"560\">YC-033 Cadre gris+maille grise<\/td>\n<\/tr>\n<tr>\n<td width=\"254\">Mot-cl\u00e9<\/td>\n<td width=\"560\">Chaise d'\u00e9tat-major \u00e0 dossier moyen et accoudoirs fixes<\/td>\n<\/tr>\n<tr>\n<td width=\"254\">Accoudoir<\/td>\n<td width=\"560\">Accoudoir fixe<\/td>\n<\/tr>\n<tr>\n<td width=\"254\">Mat\u00e9riau<\/td>\n<td width=\"560\">Tissu+m\u00e9tal<\/td>\n<\/tr>\n<tr>\n<td width=\"254\">N\/W &amp; G\/W<\/td>\n<td width=\"560\">12.5KG\/13.8KG<\/td>\n<\/tr>\n<tr>\n<td width=\"254\">Taille de l'emballage<\/td>\n<td width=\"560\">67*31*61.5cm, 1pcs\/carton \uff080.130m\u00b3\/pcs)<\/td>\n<\/tr>\n<tr>\n<td rowspan=\"7\" width=\"254\">Description des mat\u00e9riaux<\/td>\n<td width=\"560\">1.t\u00eati\u00e8re en nylon relevable et rabattable 2.cadre dorsal en PP+30% GF nouveau mat\u00e9riau<br \/>\n3. Main courante en nylon PA+30% GF+surface de la main courante en ABS<br \/>\n4.Maille \u00e9lastique respirante<br \/>\nPlanche en bois d'une \u00e9paisseur de 5,14 mm<br \/>\n6. verrouiller le ch\u00e2ssis en place<br \/>\n7.R330mm PA+GF30% pieds avec roulettes en PU<br \/>\n8.course 85-4 classe 3 gas lift<\/td>\n<\/tr>\n<\/tbody>\n<\/table>","protected":false},"featured_media":3903,"template":"","meta":{"site-sidebar-layout":"default","site-content-layout":"","ast-site-content-layout":"default","site-content-style":"default","site-sidebar-style":"default","ast-global-header-display":"","ast-banner-title-visibility":"","ast-main-header-display":"","ast-hfb-above-header-display":"","ast-hfb-below-header-display":"","ast-hfb-mobile-header-display":"","site-post-title":"","ast-breadcrumbs-content":"","ast-featured-img":"","footer-sml-layout":"","ast-disable-related-posts":"","theme-transparent-header-meta":"default","adv-header-id-meta":"","stick-header-meta":"default","header-above-stick-meta":"","header-main-stick-meta":"","header-below-stick-meta":"","astra-migrate-meta-layouts":"set","ast-page-background-enabled":"default","ast-page-background-meta":{"desktop":{"background-color":"var(--ast-global-color-4)","background-image":"","background-repeat":"repeat","background-position":"center center","background-size":"auto","background-attachment":"scroll","background-type":"","background-media":"","overlay-type":"","overlay-color":"","overlay-opacity":"","overlay-gradient":""},"tablet":{"background-color":"","background-image":"","background-repeat":"repeat","background-position":"center center","background-size":"auto","background-attachment":"scroll","background-type":"","background-media":"","overlay-type":"","overlay-color":"","overlay-opacity":"","overlay-gradient":""},"mobile":{"background-color":"","background-image":"","background-repeat":"repeat","background-position":"center center","background-size":"auto","background-attachment":"scroll","background-type":"","background-media":"","overlay-type":"","overlay-color":"","overlay-opacity":"","overlay-gradient":""}},"ast-content-background-meta":{"desktop":{"background-color":"var(--ast-global-color-5)","background-image":"","background-repeat":"repeat","background-position":"center center","background-size":"auto","background-attachment":"scroll","background-type":"","background-media":"","overlay-type":"","overlay-color":"","overlay-opacity":"","overlay-gradient":""},"tablet":{"background-color":"var(--ast-global-color-5)","background-image":"","background-repeat":"repeat","background-position":"center center","background-size":"auto","background-attachment":"scroll","background-type":"","background-media":"","overlay-type":"","overlay-color":"","overlay-opacity":"","overlay-gradient":""},"mobile":{"background-color":"var(--ast-global-color-5)","background-image":"","background-repeat":"repeat","background-position":"center center","background-size":"auto","background-attachment":"scroll","background-type":"","background-media":"","overlay-type":"","overlay-color":"","overlay-opacity":"","overlay-gradient":""}}},"product_brand":[],"product_cat":[54],"product_tag":[],"class_list":{"0":"post-3905","1":"product","2":"type-product","3":"status-publish","4":"has-post-thumbnail","6":"product_cat-office-chair","7":"desktop-align-center","8":"tablet-align-left","9":"mobile-align-left","10":"ast-product-gallery-layout-horizontal-slider","12":"first","13":"instock","14":"shipping-taxable","15":"product-type-simple"},"aioseo_notices":[],"_links":{"self":[{"href":"https:\/\/siwaresfurniture.com\/fr\/wp-json\/wp\/v2\/product\/3905","targetHints":{"allow":["GET"]}}],"collection":[{"href":"https:\/\/siwaresfurniture.com\/fr\/wp-json\/wp\/v2\/product"}],"about":[{"href":"https:\/\/siwaresfurniture.com\/fr\/wp-json\/wp\/v2\/types\/product"}],"version-history":[{"count":1,"href":"https:\/\/siwaresfurniture.com\/fr\/wp-json\/wp\/v2\/product\/3905\/revisions"}],"predecessor-version":[{"id":3906,"href":"https:\/\/siwaresfurniture.com\/fr\/wp-json\/wp\/v2\/product\/3905\/revisions\/3906"}],"wp:featuredmedia":[{"embeddable":true,"href":"https:\/\/siwaresfurniture.com\/fr\/wp-json\/wp\/v2\/media\/3903"}],"wp:attachment":[{"href":"https:\/\/siwaresfurniture.com\/fr\/wp-json\/wp\/v2\/media?parent=3905"}],"wp:term":[{"taxonomy":"product_brand","embeddable":true,"href":"https:\/\/siwaresfurniture.com\/fr\/wp-json\/wp\/v2\/product_brand?post=3905"},{"taxonomy":"product_cat","embeddable":true,"href":"https:\/\/siwaresfurniture.com\/fr\/wp-json\/wp\/v2\/product_cat?post=3905"},{"taxonomy":"product_tag","embeddable":true,"href":"https:\/\/siwaresfurniture.com\/fr\/wp-json\/wp\/v2\/product_tag?post=3905"}],"curies":[{"name":"wp","href":"https:\/\/api.w.org\/{rel}","templated":true}]}}