{"id":3963,"date":"2024-03-27T04:02:47","date_gmt":"2024-03-27T04:02:47","guid":{"rendered":"https:\/\/siwaresfurniture.com\/?post_type=product&#038;p=3963"},"modified":"2024-03-27T07:18:38","modified_gmt":"2024-03-27T07:18:38","slug":"2024-new-arrived-mesh-ergonomic-chair","status":"publish","type":"product","link":"https:\/\/siwaresfurniture.com\/fr\/produit\/2024-chaise-ergonomique-en-maille-nouvellement-arrivee\/","title":{"rendered":"2024 New Arrived Mesh Ergonomic Chair"},"content":{"rendered":"<p><img fetchpriority=\"high\" decoding=\"async\" class=\"size-full wp-image-3970 aligncenter\" src=\"https:\/\/siwaresfurniture.com\/wp-content\/uploads\/2024\/03\/1-14.jpg\" alt=\"\" width=\"800\" height=\"800\" srcset=\"https:\/\/siwaresfurniture.com\/wp-content\/uploads\/2024\/03\/1-14.jpg 800w, https:\/\/siwaresfurniture.com\/wp-content\/uploads\/2024\/03\/1-14-300x300.jpg 300w, https:\/\/siwaresfurniture.com\/wp-content\/uploads\/2024\/03\/1-14-150x150.jpg 150w, https:\/\/siwaresfurniture.com\/wp-content\/uploads\/2024\/03\/1-14-768x768.jpg 768w, https:\/\/siwaresfurniture.com\/wp-content\/uploads\/2024\/03\/1-14-12x12.jpg 12w, https:\/\/siwaresfurniture.com\/wp-content\/uploads\/2024\/03\/1-14-400x400.jpg 400w, https:\/\/siwaresfurniture.com\/wp-content\/uploads\/2024\/03\/1-14-100x100.jpg 100w\" sizes=\"(max-width: 800px) 100vw, 800px\" \/><\/p>","protected":false},"excerpt":{"rendered":"<table width=\"814\">\n<tbody>\n<tr>\n<td width=\"254\">Nom de la marque<\/td>\n<td width=\"560\">Siwares<\/td>\n<\/tr>\n<tr>\n<td width=\"254\">Num\u00e9ro de mod\u00e8le<\/td>\n<td width=\"560\">YC-60(Gris)<\/td>\n<\/tr>\n<tr>\n<td width=\"254\">Mot-cl\u00e9<\/td>\n<td width=\"560\">Chaise ergonomique en maille \u00e0 haut dossier<\/td>\n<\/tr>\n<tr>\n<td width=\"254\">Accoudoir<\/td>\n<td width=\"560\">Accoudoir fixe<\/td>\n<\/tr>\n<tr>\n<td width=\"254\">Mat\u00e9riau<\/td>\n<td width=\"560\">Tissu+m\u00e9tal<\/td>\n<\/tr>\n<tr>\n<td width=\"254\">N\/W &amp; G\/W<\/td>\n<td width=\"560\">16.8\/18.9KG<\/td>\n<\/tr>\n<tr>\n<td width=\"254\">Taille de l'emballage<\/td>\n<td width=\"560\">76*31*64.5cm\uff0c1pcs\/carton \uff080.151m\u00b3\/pcs)<\/td>\n<\/tr>\n<tr>\n<td rowspan=\"7\" width=\"254\">Description des mat\u00e9riaux<\/td>\n<td width=\"560\">1. Appui-t\u00eate fixe.<br \/>\n2. dossier : PP+30% GF, rembourrage en maille.<br \/>\n3. soutien lombaire invisible avec double filet dorsal ;<br \/>\n4. accoudoir fixe :PA+GF30% nylon avec tampon ABS.<br \/>\n5. Coussin d'assise : mousse moul\u00e9e sans poudre d'une \u00e9paisseur de 10 cm.<br \/>\n6. Ascenseur \u00e0 gaz : Classe 3, noir.<br \/>\n7. M\u00e9canisme de poids \u00e0 chargement automatique + si\u00e8ge coulissant.<br \/>\n8. Base : R350mm PA<br \/>\n9. Roulettes en PU de 60 mm.<\/td>\n<\/tr>\n<\/tbody>\n<\/table>","protected":false},"featured_media":3969,"template":"","meta":{"site-sidebar-layout":"default","site-content-layout":"","ast-site-content-layout":"default","site-content-style":"default","site-sidebar-style":"default","ast-global-header-display":"","ast-banner-title-visibility":"","ast-main-header-display":"","ast-hfb-above-header-display":"","ast-hfb-below-header-display":"","ast-hfb-mobile-header-display":"","site-post-title":"","ast-breadcrumbs-content":"","ast-featured-img":"","footer-sml-layout":"","ast-disable-related-posts":"","theme-transparent-header-meta":"default","adv-header-id-meta":"","stick-header-meta":"default","header-above-stick-meta":"","header-main-stick-meta":"","header-below-stick-meta":"","astra-migrate-meta-layouts":"set","ast-page-background-enabled":"default","ast-page-background-meta":{"desktop":{"background-color":"var(--ast-global-color-4)","background-image":"","background-repeat":"repeat","background-position":"center center","background-size":"auto","background-attachment":"scroll","background-type":"","background-media":"","overlay-type":"","overlay-color":"","overlay-opacity":"","overlay-gradient":""},"tablet":{"background-color":"","background-image":"","background-repeat":"repeat","background-position":"center center","background-size":"auto","background-attachment":"scroll","background-type":"","background-media":"","overlay-type":"","overlay-color":"","overlay-opacity":"","overlay-gradient":""},"mobile":{"background-color":"","background-image":"","background-repeat":"repeat","background-position":"center center","background-size":"auto","background-attachment":"scroll","background-type":"","background-media":"","overlay-type":"","overlay-color":"","overlay-opacity":"","overlay-gradient":""}},"ast-content-background-meta":{"desktop":{"background-color":"var(--ast-global-color-5)","background-image":"","background-repeat":"repeat","background-position":"center center","background-size":"auto","background-attachment":"scroll","background-type":"","background-media":"","overlay-type":"","overlay-color":"","overlay-opacity":"","overlay-gradient":""},"tablet":{"background-color":"var(--ast-global-color-5)","background-image":"","background-repeat":"repeat","background-position":"center center","background-size":"auto","background-attachment":"scroll","background-type":"","background-media":"","overlay-type":"","overlay-color":"","overlay-opacity":"","overlay-gradient":""},"mobile":{"background-color":"var(--ast-global-color-5)","background-image":"","background-repeat":"repeat","background-position":"center center","background-size":"auto","background-attachment":"scroll","background-type":"","background-media":"","overlay-type":"","overlay-color":"","overlay-opacity":"","overlay-gradient":""}}},"product_brand":[],"product_cat":[54],"product_tag":[],"class_list":{"0":"post-3963","1":"product","2":"type-product","3":"status-publish","4":"has-post-thumbnail","6":"product_cat-office-chair","7":"desktop-align-center","8":"tablet-align-left","9":"mobile-align-left","10":"ast-product-gallery-layout-horizontal-slider","12":"first","13":"instock","14":"shipping-taxable","15":"product-type-simple"},"aioseo_notices":[],"_links":{"self":[{"href":"https:\/\/siwaresfurniture.com\/fr\/wp-json\/wp\/v2\/product\/3963","targetHints":{"allow":["GET"]}}],"collection":[{"href":"https:\/\/siwaresfurniture.com\/fr\/wp-json\/wp\/v2\/product"}],"about":[{"href":"https:\/\/siwaresfurniture.com\/fr\/wp-json\/wp\/v2\/types\/product"}],"version-history":[{"count":6,"href":"https:\/\/siwaresfurniture.com\/fr\/wp-json\/wp\/v2\/product\/3963\/revisions"}],"predecessor-version":[{"id":3977,"href":"https:\/\/siwaresfurniture.com\/fr\/wp-json\/wp\/v2\/product\/3963\/revisions\/3977"}],"wp:featuredmedia":[{"embeddable":true,"href":"https:\/\/siwaresfurniture.com\/fr\/wp-json\/wp\/v2\/media\/3969"}],"wp:attachment":[{"href":"https:\/\/siwaresfurniture.com\/fr\/wp-json\/wp\/v2\/media?parent=3963"}],"wp:term":[{"taxonomy":"product_brand","embeddable":true,"href":"https:\/\/siwaresfurniture.com\/fr\/wp-json\/wp\/v2\/product_brand?post=3963"},{"taxonomy":"product_cat","embeddable":true,"href":"https:\/\/siwaresfurniture.com\/fr\/wp-json\/wp\/v2\/product_cat?post=3963"},{"taxonomy":"product_tag","embeddable":true,"href":"https:\/\/siwaresfurniture.com\/fr\/wp-json\/wp\/v2\/product_tag?post=3963"}],"curies":[{"name":"wp","href":"https:\/\/api.w.org\/{rel}","templated":true}]}}