{"id":4058,"date":"2024-03-27T08:07:24","date_gmt":"2024-03-27T08:07:24","guid":{"rendered":"https:\/\/siwaresfurniture.com\/?post_type=product&#038;p=4058"},"modified":"2024-03-27T08:09:42","modified_gmt":"2024-03-27T08:09:42","slug":"2024-latest-executive-chair-4","status":"publish","type":"product","link":"https:\/\/siwaresfurniture.com\/fr\/produit\/2024-dernier-fauteuil-de-direction-4\/","title":{"rendered":"2024 Derni\u00e8re chaise ex\u00e9cutive"},"content":{"rendered":"<p><img fetchpriority=\"high\" decoding=\"async\" class=\"size-full wp-image-4042 aligncenter\" src=\"https:\/\/siwaresfurniture.com\/wp-content\/uploads\/2024\/03\/5-12.jpg\" alt=\"\" width=\"800\" height=\"800\" srcset=\"https:\/\/siwaresfurniture.com\/wp-content\/uploads\/2024\/03\/5-12.jpg 800w, https:\/\/siwaresfurniture.com\/wp-content\/uploads\/2024\/03\/5-12-300x300.jpg 300w, https:\/\/siwaresfurniture.com\/wp-content\/uploads\/2024\/03\/5-12-150x150.jpg 150w, https:\/\/siwaresfurniture.com\/wp-content\/uploads\/2024\/03\/5-12-768x768.jpg 768w, https:\/\/siwaresfurniture.com\/wp-content\/uploads\/2024\/03\/5-12-12x12.jpg 12w, https:\/\/siwaresfurniture.com\/wp-content\/uploads\/2024\/03\/5-12-400x400.jpg 400w, https:\/\/siwaresfurniture.com\/wp-content\/uploads\/2024\/03\/5-12-100x100.jpg 100w\" sizes=\"(max-width: 800px) 100vw, 800px\" \/><img decoding=\"async\" class=\"size-full wp-image-4043 aligncenter\" src=\"https:\/\/siwaresfurniture.com\/wp-content\/uploads\/2024\/03\/6-1.jpg\" alt=\"\" width=\"800\" height=\"800\" srcset=\"https:\/\/siwaresfurniture.com\/wp-content\/uploads\/2024\/03\/6-1.jpg 800w, https:\/\/siwaresfurniture.com\/wp-content\/uploads\/2024\/03\/6-1-300x300.jpg 300w, https:\/\/siwaresfurniture.com\/wp-content\/uploads\/2024\/03\/6-1-150x150.jpg 150w, https:\/\/siwaresfurniture.com\/wp-content\/uploads\/2024\/03\/6-1-768x768.jpg 768w, https:\/\/siwaresfurniture.com\/wp-content\/uploads\/2024\/03\/6-1-12x12.jpg 12w, https:\/\/siwaresfurniture.com\/wp-content\/uploads\/2024\/03\/6-1-400x400.jpg 400w, https:\/\/siwaresfurniture.com\/wp-content\/uploads\/2024\/03\/6-1-100x100.jpg 100w\" sizes=\"(max-width: 800px) 100vw, 800px\" \/><\/p>","protected":false},"excerpt":{"rendered":"<table style=\"font-size: 16px; font-style: normal;\" width=\"814\">\n<tbody>\n<tr>\n<td width=\"254\">Nom de la marque<\/td>\n<td width=\"560\">Siwares<\/td>\n<\/tr>\n<tr>\n<td width=\"254\">Num\u00e9ro de mod\u00e8le<\/td>\n<td width=\"560\">YC-53 Orange<\/td>\n<\/tr>\n<tr>\n<td width=\"254\">Mot-cl\u00e9<\/td>\n<td width=\"560\">Pr\u00e9sident ex\u00e9cutif<\/td>\n<\/tr>\n<tr>\n<td width=\"254\">Accoudoir<\/td>\n<td width=\"560\">Accoudoir fixe<\/td>\n<\/tr>\n<tr>\n<td width=\"254\">Mat\u00e9riau<\/td>\n<td width=\"560\">\u00a0Acier Q335 peinture au four + cuir PU<\/td>\n<\/tr>\n<tr>\n<td width=\"254\">N\/W &amp; G\/W<\/td>\n<td width=\"560\">14.3\/15.8KG<\/td>\n<\/tr>\n<tr>\n<td width=\"254\">Taille de l'emballage<\/td>\n<td width=\"560\">61.5*50*67.5cm\uff0c1pcs\/carton \uff080.207m\u00b3\/pcs)<\/td>\n<\/tr>\n<tr>\n<td rowspan=\"7\" width=\"254\">Description des mat\u00e9riaux<\/td>\n<td width=\"560\">1. le dossier et le si\u00e8ge sont en PP (6,2 kg) et ont \u00e9t\u00e9 approuv\u00e9s par la BIFMA ;<br \/>\n2. housse d\u00e9corative en ABS pour coquillages ;<br \/>\n3. Peinture au four en acier Q335 avec tampon en PU ;<br \/>\n4. si\u00e8ge : mousse moul\u00e9e avec cuir PU 1,2 mm pour la protection de l'environnement.<br \/>\n5. m\u00e9canisme : Aluminium, contr\u00f4le de l'\u00e9l\u00e9vation.<br \/>\n6. lev\u00e9e de gaz : 85120mm, lev\u00e9e de gaz de classe 3.<br \/>\n7. 320mm Base en acier noir, roulettes en PU.<br \/>\nCadre gris, PU gris, base grise ;<\/td>\n<\/tr>\n<\/tbody>\n<\/table>","protected":false},"featured_media":4038,"template":"","meta":{"site-sidebar-layout":"default","site-content-layout":"","ast-site-content-layout":"default","site-content-style":"default","site-sidebar-style":"default","ast-global-header-display":"","ast-banner-title-visibility":"","ast-main-header-display":"","ast-hfb-above-header-display":"","ast-hfb-below-header-display":"","ast-hfb-mobile-header-display":"","site-post-title":"","ast-breadcrumbs-content":"","ast-featured-img":"","footer-sml-layout":"","ast-disable-related-posts":"","theme-transparent-header-meta":"default","adv-header-id-meta":"","stick-header-meta":"default","header-above-stick-meta":"","header-main-stick-meta":"","header-below-stick-meta":"","astra-migrate-meta-layouts":"set","ast-page-background-enabled":"default","ast-page-background-meta":{"desktop":{"background-color":"var(--ast-global-color-4)","background-image":"","background-repeat":"repeat","background-position":"center center","background-size":"auto","background-attachment":"scroll","background-type":"","background-media":"","overlay-type":"","overlay-color":"","overlay-opacity":"","overlay-gradient":""},"tablet":{"background-color":"","background-image":"","background-repeat":"repeat","background-position":"center center","background-size":"auto","background-attachment":"scroll","background-type":"","background-media":"","overlay-type":"","overlay-color":"","overlay-opacity":"","overlay-gradient":""},"mobile":{"background-color":"","background-image":"","background-repeat":"repeat","background-position":"center center","background-size":"auto","background-attachment":"scroll","background-type":"","background-media":"","overlay-type":"","overlay-color":"","overlay-opacity":"","overlay-gradient":""}},"ast-content-background-meta":{"desktop":{"background-color":"var(--ast-global-color-5)","background-image":"","background-repeat":"repeat","background-position":"center center","background-size":"auto","background-attachment":"scroll","background-type":"","background-media":"","overlay-type":"","overlay-color":"","overlay-opacity":"","overlay-gradient":""},"tablet":{"background-color":"var(--ast-global-color-5)","background-image":"","background-repeat":"repeat","background-position":"center center","background-size":"auto","background-attachment":"scroll","background-type":"","background-media":"","overlay-type":"","overlay-color":"","overlay-opacity":"","overlay-gradient":""},"mobile":{"background-color":"var(--ast-global-color-5)","background-image":"","background-repeat":"repeat","background-position":"center center","background-size":"auto","background-attachment":"scroll","background-type":"","background-media":"","overlay-type":"","overlay-color":"","overlay-opacity":"","overlay-gradient":""}}},"product_brand":[],"product_cat":[54],"product_tag":[],"class_list":{"0":"post-4058","1":"product","2":"type-product","3":"status-publish","4":"has-post-thumbnail","6":"product_cat-office-chair","7":"desktop-align-center","8":"tablet-align-left","9":"mobile-align-left","10":"ast-product-gallery-layout-horizontal-slider","12":"first","13":"instock","14":"shipping-taxable","15":"product-type-simple"},"aioseo_notices":[],"_links":{"self":[{"href":"https:\/\/siwaresfurniture.com\/fr\/wp-json\/wp\/v2\/product\/4058","targetHints":{"allow":["GET"]}}],"collection":[{"href":"https:\/\/siwaresfurniture.com\/fr\/wp-json\/wp\/v2\/product"}],"about":[{"href":"https:\/\/siwaresfurniture.com\/fr\/wp-json\/wp\/v2\/types\/product"}],"version-history":[{"count":1,"href":"https:\/\/siwaresfurniture.com\/fr\/wp-json\/wp\/v2\/product\/4058\/revisions"}],"predecessor-version":[{"id":4059,"href":"https:\/\/siwaresfurniture.com\/fr\/wp-json\/wp\/v2\/product\/4058\/revisions\/4059"}],"wp:featuredmedia":[{"embeddable":true,"href":"https:\/\/siwaresfurniture.com\/fr\/wp-json\/wp\/v2\/media\/4038"}],"wp:attachment":[{"href":"https:\/\/siwaresfurniture.com\/fr\/wp-json\/wp\/v2\/media?parent=4058"}],"wp:term":[{"taxonomy":"product_brand","embeddable":true,"href":"https:\/\/siwaresfurniture.com\/fr\/wp-json\/wp\/v2\/product_brand?post=4058"},{"taxonomy":"product_cat","embeddable":true,"href":"https:\/\/siwaresfurniture.com\/fr\/wp-json\/wp\/v2\/product_cat?post=4058"},{"taxonomy":"product_tag","embeddable":true,"href":"https:\/\/siwaresfurniture.com\/fr\/wp-json\/wp\/v2\/product_tag?post=4058"}],"curies":[{"name":"wp","href":"https:\/\/api.w.org\/{rel}","templated":true}]}}