{"id":4065,"date":"2024-03-27T08:36:41","date_gmt":"2024-03-27T08:36:41","guid":{"rendered":"https:\/\/siwaresfurniture.com\/?post_type=product&#038;p=4065"},"modified":"2024-03-27T08:54:31","modified_gmt":"2024-03-27T08:54:31","slug":"adjustable-gaming-table","status":"publish","type":"product","link":"https:\/\/siwaresfurniture.com\/fr\/produit\/table-de-jeu-reglable\/","title":{"rendered":"Table de jeu r\u00e9glable"},"content":{"rendered":"","protected":false},"excerpt":{"rendered":"<p>Mod\u00e8le : Table de jeu YC105<\/p>\n<p>Taille (mm) : 1600*650*(20-1170)<br \/>\nDescription du mat\u00e9riau :<br \/>\n1. Le cadre est en acier, le plateau pr\u00e9sente une texture en fibre de carbone, avec une \u00e9paisseur de panneau de 18 mm.<br \/>\n2. L'\u00e9paisseur du mat\u00e9riau du tuyau est de 1,2 mm.<br \/>\n3. Moteur unique, vitesse de levage de 20-25mm\/s, avec une capacit\u00e9 de charge de 100KG.<br \/>\n4. Porte-gobelet en mat\u00e9riau ABS, crochet pour casque d'\u00e9coute.<br \/>\n5. Fonction de m\u00e9moire \u00e0 trois niveaux pour un stockage pratique ; r\u00e9initialisation par simple pression d'une touche pour une utilisation facile.<br \/>\n6. Hauteur r\u00e9glable de 72 \u00e0 117 cm.<br \/>\n7. Am\u00e9lior\u00e9 par des effets de lumi\u00e8re, il double l'atmosph\u00e8re de l'esport.<\/p>\n<p>Service : garantie de 5 ans, service de personnalisation OEM\/ ODM, service avant-vente, assurance commerciale, service apr\u00e8s-vente, etc.<\/p>","protected":false},"featured_media":4070,"template":"","meta":{"site-sidebar-layout":"default","site-content-layout":"","ast-site-content-layout":"default","site-content-style":"default","site-sidebar-style":"default","ast-global-header-display":"","ast-banner-title-visibility":"","ast-main-header-display":"","ast-hfb-above-header-display":"","ast-hfb-below-header-display":"","ast-hfb-mobile-header-display":"","site-post-title":"","ast-breadcrumbs-content":"","ast-featured-img":"","footer-sml-layout":"","theme-transparent-header-meta":"default","adv-header-id-meta":"","stick-header-meta":"default","header-above-stick-meta":"","header-main-stick-meta":"","header-below-stick-meta":"","astra-migrate-meta-layouts":"set","ast-page-background-enabled":"default","ast-page-background-meta":{"desktop":{"background-color":"var(--ast-global-color-4)","background-image":"","background-repeat":"repeat","background-position":"center center","background-size":"auto","background-attachment":"scroll","background-type":"","background-media":"","overlay-type":"","overlay-color":"","overlay-opacity":"","overlay-gradient":""},"tablet":{"background-color":"","background-image":"","background-repeat":"repeat","background-position":"center center","background-size":"auto","background-attachment":"scroll","background-type":"","background-media":"","overlay-type":"","overlay-color":"","overlay-opacity":"","overlay-gradient":""},"mobile":{"background-color":"","background-image":"","background-repeat":"repeat","background-position":"center center","background-size":"auto","background-attachment":"scroll","background-type":"","background-media":"","overlay-type":"","overlay-color":"","overlay-opacity":"","overlay-gradient":""}},"ast-content-background-meta":{"desktop":{"background-color":"var(--ast-global-color-5)","background-image":"","background-repeat":"repeat","background-position":"center center","background-size":"auto","background-attachment":"scroll","background-type":"","background-media":"","overlay-type":"","overlay-color":"","overlay-opacity":"","overlay-gradient":""},"tablet":{"background-color":"var(--ast-global-color-5)","background-image":"","background-repeat":"repeat","background-position":"center center","background-size":"auto","background-attachment":"scroll","background-type":"","background-media":"","overlay-type":"","overlay-color":"","overlay-opacity":"","overlay-gradient":""},"mobile":{"background-color":"var(--ast-global-color-5)","background-image":"","background-repeat":"repeat","background-position":"center center","background-size":"auto","background-attachment":"scroll","background-type":"","background-media":"","overlay-type":"","overlay-color":"","overlay-opacity":"","overlay-gradient":""}}},"product_brand":[],"product_cat":[97],"product_tag":[],"class_list":{"0":"post-4065","1":"product","2":"type-product","3":"status-publish","4":"has-post-thumbnail","6":"product_cat-adjustable-table","7":"desktop-align-center","8":"tablet-align-left","9":"mobile-align-left","10":"ast-product-gallery-layout-horizontal-slider","12":"first","13":"instock","14":"shipping-taxable","15":"product-type-simple"},"aioseo_notices":[],"_links":{"self":[{"href":"https:\/\/siwaresfurniture.com\/fr\/wp-json\/wp\/v2\/product\/4065","targetHints":{"allow":["GET"]}}],"collection":[{"href":"https:\/\/siwaresfurniture.com\/fr\/wp-json\/wp\/v2\/product"}],"about":[{"href":"https:\/\/siwaresfurniture.com\/fr\/wp-json\/wp\/v2\/types\/product"}],"version-history":[{"count":2,"href":"https:\/\/siwaresfurniture.com\/fr\/wp-json\/wp\/v2\/product\/4065\/revisions"}],"predecessor-version":[{"id":4072,"href":"https:\/\/siwaresfurniture.com\/fr\/wp-json\/wp\/v2\/product\/4065\/revisions\/4072"}],"wp:featuredmedia":[{"embeddable":true,"href":"https:\/\/siwaresfurniture.com\/fr\/wp-json\/wp\/v2\/media\/4070"}],"wp:attachment":[{"href":"https:\/\/siwaresfurniture.com\/fr\/wp-json\/wp\/v2\/media?parent=4065"}],"wp:term":[{"taxonomy":"product_brand","embeddable":true,"href":"https:\/\/siwaresfurniture.com\/fr\/wp-json\/wp\/v2\/product_brand?post=4065"},{"taxonomy":"product_cat","embeddable":true,"href":"https:\/\/siwaresfurniture.com\/fr\/wp-json\/wp\/v2\/product_cat?post=4065"},{"taxonomy":"product_tag","embeddable":true,"href":"https:\/\/siwaresfurniture.com\/fr\/wp-json\/wp\/v2\/product_tag?post=4065"}],"curies":[{"name":"wp","href":"https:\/\/api.w.org\/{rel}","templated":true}]}}