{"id":4096,"date":"2024-03-27T09:20:48","date_gmt":"2024-03-27T09:20:48","guid":{"rendered":"https:\/\/siwaresfurniture.com\/?post_type=product&#038;p=4096"},"modified":"2024-03-27T09:29:40","modified_gmt":"2024-03-27T09:29:40","slug":"adjustable-gaming-table-2","status":"publish","type":"product","link":"https:\/\/siwaresfurniture.com\/fr\/produit\/table-de-jeu-reglable-2\/","title":{"rendered":"Table de jeu r\u00e9glable"},"content":{"rendered":"","protected":false},"excerpt":{"rendered":"<p>Mod\u00e8le : YC103<\/p>\n<p>Taille (mm) : 1600*600*(720-1170)<br \/>\nDescription du mat\u00e9riau :<br \/>\n1. Le cadre du bureau est en acier, avec une texture en fibre de carbone sur le plateau, et une \u00e9paisseur de panneau de 18 mm.<br \/>\n2. L'\u00e9paisseur du mat\u00e9riau du tuyau est de 1,2 mm.<br \/>\n3. Il est \u00e9quip\u00e9 d'un seul moteur, avec une vitesse de levage de 20-25mm\/s, et une capacit\u00e9 de charge de 100KG.<br \/>\n4. Il comprend un porte-gobelet et un crochet pour casque d'\u00e9coute en ABS.<br \/>\n5. Il est dot\u00e9 d'une fonction de m\u00e9moire \u00e0 trois niveaux pour un stockage pratique et d'une r\u00e9initialisation par simple pression d'une touche pour une utilisation ais\u00e9e.<br \/>\n6. La hauteur r\u00e9glable va de 72 \u00e0 117 cm.<br \/>\n7. Am\u00e9lior\u00e9 par des effets de lumi\u00e8re, il double l'atmosph\u00e8re de l'esport.<\/p>","protected":false},"featured_media":4068,"template":"","meta":{"site-sidebar-layout":"default","site-content-layout":"","ast-site-content-layout":"default","site-content-style":"default","site-sidebar-style":"default","ast-global-header-display":"","ast-banner-title-visibility":"","ast-main-header-display":"","ast-hfb-above-header-display":"","ast-hfb-below-header-display":"","ast-hfb-mobile-header-display":"","site-post-title":"","ast-breadcrumbs-content":"","ast-featured-img":"","footer-sml-layout":"","theme-transparent-header-meta":"default","adv-header-id-meta":"","stick-header-meta":"default","header-above-stick-meta":"","header-main-stick-meta":"","header-below-stick-meta":"","astra-migrate-meta-layouts":"set","ast-page-background-enabled":"default","ast-page-background-meta":{"desktop":{"background-color":"var(--ast-global-color-4)","background-image":"","background-repeat":"repeat","background-position":"center center","background-size":"auto","background-attachment":"scroll","background-type":"","background-media":"","overlay-type":"","overlay-color":"","overlay-opacity":"","overlay-gradient":""},"tablet":{"background-color":"","background-image":"","background-repeat":"repeat","background-position":"center center","background-size":"auto","background-attachment":"scroll","background-type":"","background-media":"","overlay-type":"","overlay-color":"","overlay-opacity":"","overlay-gradient":""},"mobile":{"background-color":"","background-image":"","background-repeat":"repeat","background-position":"center center","background-size":"auto","background-attachment":"scroll","background-type":"","background-media":"","overlay-type":"","overlay-color":"","overlay-opacity":"","overlay-gradient":""}},"ast-content-background-meta":{"desktop":{"background-color":"var(--ast-global-color-5)","background-image":"","background-repeat":"repeat","background-position":"center center","background-size":"auto","background-attachment":"scroll","background-type":"","background-media":"","overlay-type":"","overlay-color":"","overlay-opacity":"","overlay-gradient":""},"tablet":{"background-color":"var(--ast-global-color-5)","background-image":"","background-repeat":"repeat","background-position":"center center","background-size":"auto","background-attachment":"scroll","background-type":"","background-media":"","overlay-type":"","overlay-color":"","overlay-opacity":"","overlay-gradient":""},"mobile":{"background-color":"var(--ast-global-color-5)","background-image":"","background-repeat":"repeat","background-position":"center center","background-size":"auto","background-attachment":"scroll","background-type":"","background-media":"","overlay-type":"","overlay-color":"","overlay-opacity":"","overlay-gradient":""}}},"product_brand":[],"product_cat":[97],"product_tag":[],"class_list":{"0":"post-4096","1":"product","2":"type-product","3":"status-publish","4":"has-post-thumbnail","6":"product_cat-adjustable-table","7":"desktop-align-center","8":"tablet-align-left","9":"mobile-align-left","10":"ast-product-gallery-layout-horizontal-slider","12":"first","13":"instock","14":"shipping-taxable","15":"product-type-simple"},"aioseo_notices":[],"_links":{"self":[{"href":"https:\/\/siwaresfurniture.com\/fr\/wp-json\/wp\/v2\/product\/4096","targetHints":{"allow":["GET"]}}],"collection":[{"href":"https:\/\/siwaresfurniture.com\/fr\/wp-json\/wp\/v2\/product"}],"about":[{"href":"https:\/\/siwaresfurniture.com\/fr\/wp-json\/wp\/v2\/types\/product"}],"version-history":[{"count":1,"href":"https:\/\/siwaresfurniture.com\/fr\/wp-json\/wp\/v2\/product\/4096\/revisions"}],"predecessor-version":[{"id":4097,"href":"https:\/\/siwaresfurniture.com\/fr\/wp-json\/wp\/v2\/product\/4096\/revisions\/4097"}],"wp:featuredmedia":[{"embeddable":true,"href":"https:\/\/siwaresfurniture.com\/fr\/wp-json\/wp\/v2\/media\/4068"}],"wp:attachment":[{"href":"https:\/\/siwaresfurniture.com\/fr\/wp-json\/wp\/v2\/media?parent=4096"}],"wp:term":[{"taxonomy":"product_brand","embeddable":true,"href":"https:\/\/siwaresfurniture.com\/fr\/wp-json\/wp\/v2\/product_brand?post=4096"},{"taxonomy":"product_cat","embeddable":true,"href":"https:\/\/siwaresfurniture.com\/fr\/wp-json\/wp\/v2\/product_cat?post=4096"},{"taxonomy":"product_tag","embeddable":true,"href":"https:\/\/siwaresfurniture.com\/fr\/wp-json\/wp\/v2\/product_tag?post=4096"}],"curies":[{"name":"wp","href":"https:\/\/api.w.org\/{rel}","templated":true}]}}